{"id":13525,"date":"2025-02-19T21:26:54","date_gmt":"2025-02-19T20:26:55","guid":{"rendered":"https:\/\/www.sempertea.eu\/?post_type=product&#038;p=13525"},"modified":"2025-04-29T13:47:28","modified_gmt":"2025-04-29T11:47:28","slug":"teebox-aus-holz-36-bio-pyramidentee-plastikfrei-geschenk-teeliebhaber","status":"publish","type":"product","link":"https:\/\/www.sempertea.eu\/de\/Produkte\/teebox-aus-holz-36-bio-pyramidentee-plastikfrei-geschenk-teeliebhaber\/","title":{"rendered":"Teebox aus Holz mit 36 Bio Pyramidentee, plastikfrei | Geschenk f\u00fcr Teeliebhaber"},"content":{"rendered":"<h2 data-start=\"155\" data-end=\"246\">Geschmack und Eleganz in jeder Tasse \u2013 Premium-Teebox aus Holz mit 36 Bio-Pyramidentees<\/h2>\n<p class=\"\" data-start=\"248\" data-end=\"589\">Tauche ein in die faszinierende Welt des Tees mit unserer exklusiven schwarzen <strong data-start=\"327\" data-end=\"345\">Premium-Teebox<\/strong> \u2013 ein wahres Highlight f\u00fcr jeden Teeliebhaber. Diese elegante <strong data-start=\"408\" data-end=\"429\">Teekiste aus Holz<\/strong> enth\u00e4lt <strong data-start=\"438\" data-end=\"493\">36 hochwertige Gourmet-Teesorten im Pyramidenbeutel<\/strong>, plastikfrei und biologisch abbaubar, f\u00fcr ein <strong data-start=\"543\" data-end=\"588\">Premium-Erlebnis bei jeder Teezubereitung<\/strong>.<\/p>\n<p class=\"\" data-start=\"591\" data-end=\"971\">Das Set bietet eine vielseitige Auswahl an 6 klassischen Teesorten, aromatischen Mischungen sowie k\u00f6stlichen Fr\u00fcchte- und Kr\u00e4utertees \u2013 ideal f\u00fcr alle, die neue Geschmackskombinationen entdecken m\u00f6chten. Dank des praktischen Pyramidenformats entfalten sich die Aromen besonders gut und sorgen f\u00fcr ein einzigartiges sensorisches Erlebnis \u2013 <strong data-start=\"930\" data-end=\"970\">Geschmack und Eleganz in jeder Tasse<\/strong>.<\/p>\n<h3 class=\"\" data-start=\"973\" data-end=\"1005\">Das perfekte Tee Geschenkset<\/h3>\n<p class=\"\" data-start=\"1006\" data-end=\"1337\">Unsere stilvolle Teebox ist ein ideales <strong data-start=\"1046\" data-end=\"1075\">Geschenk f\u00fcr Teeliebhaber<\/strong> und eine originelle Aufmerksamkeit f\u00fcr besondere Anl\u00e4sse: ob Geburtstag, Weihnachten, Muttertag oder als kleine \u00dcberraschung zwischendurch. Ihr edles Design macht sie zu einem besonders <strong data-start=\"1262\" data-end=\"1301\">eleganten Geschenk f\u00fcr Teeliebhaber<\/strong> mit Sinn f\u00fcr Qualit\u00e4t und \u00c4sthetik.<\/p>\n<p class=\"\" data-start=\"1339\" data-end=\"1524\">Ob als pers\u00f6nliches Genusserlebnis oder als stilvolles Pr\u00e4sent \u2013 dieses <strong data-start=\"1411\" data-end=\"1428\">Teesorten Set<\/strong> ist mehr als nur eine <strong data-start=\"1451\" data-end=\"1461\">Teebox<\/strong>, es ist eine Einladung zum Entdecken, Genie\u00dfen und Wohlf\u00fchlen.<\/p>\n<p class=\"\" data-start=\"1526\" data-end=\"1802\">Verwende sie auch als stilvolle <strong data-start=\"1558\" data-end=\"1582\">Tee Aufbewahrungsbox<\/strong> f\u00fcr deine Lieblingssorten \u2013 ein praktisches und zugleich sch\u00f6nes Objekt f\u00fcr deine K\u00fcche oder dein Teeregal. F\u00fcr echte Kenner sind unsere <strong data-start=\"1720\" data-end=\"1737\">Teeboxen gro\u00df<\/strong> genug, um Vielfalt zu bieten, und kompakt genug f\u00fcr jeden Platz.<\/p>\n","protected":false},"excerpt":{"rendered":"<div class=\"product-short-description\">Das Vergn\u00fcgen eines einzigartigen Teeerlebnisses mit unserer schwarzen<strong data-start=\"140\" data-end=\"177\"> Teebox mit 36 Pyramiden<\/strong>.<\/div>\n<div><\/div>\n<div class=\"product-short-description\">Diese elegante Box wurde f\u00fcr Liebhaber guten Tees entworfen und bietet eine sorgf\u00e4ltige Auswahl an <strong>Premium-Tees und -Aufg\u00fcssen<\/strong>, die jeweils in praktischen Pyramiden pr\u00e4sentiert werden, die eine optimale Freisetzung von Aromen und Geschmacksrichtungen erm\u00f6glichen.<\/div>\n<div>\n<ul data-start=\"1486\" data-end=\"1764\">\n<li data-start=\"1486\" data-end=\"1541\">Enth\u00e4lt <strong>36 Premium-Tee- und -Kr\u00e4utertees<\/strong><\/li>\n<li data-start=\"1542\" data-end=\"1618\">Auswahl an <strong>klassischen und besonderen<\/strong> Geschmacksrichtungen f\u00fcr jeden Moment des Tages<\/li>\n<li data-start=\"1619\" data-end=\"1685\"><strong>Elegantes und raffiniertes Design,<\/strong> perfekt als Geschenk<\/li>\n<li data-start=\"1686\" data-end=\"1764\">Optimale Erhaltung von Aroma und Geschmack dank <strong>hochwertiger Verpackung<\/strong><\/li>\n<\/ul>\n<p>Ma\u00dfe: 308 mm x 193 mm x 85 mm.<\/p>\n<\/div>\n","protected":false},"featured_media":13531,"comment_status":"open","ping_status":"closed","template":"","meta":[],"product_brand":[],"product_cat":[132,115,116,114,133,113,361,358,357,108,123,359,356,360],"product_tag":[],"class_list":{"0":"post-13525","1":"product","2":"type-product","3":"status-publish","4":"has-post-thumbnail","6":"product_cat-tee-ohne-plastik-verpackung-biotees-natur-plastikfrei","7":"product_cat-alle-de","8":"product_cat-alle-de-2","9":"product_cat-alle","10":"product_cat-ambar-frei-von-plastik-verpackung-abbaubar-nachhaltig-umweltfreundlich","11":"product_cat-biotees-sortiment-online-kaufen","12":"product_cat-geburtstagsangaben","13":"product_cat-ideen-zum-vatertag","14":"product_cat-muttertags-pakete","15":"product_cat-sortiment-tee-packaging-verpackung-attraktiv-biotees-design","16":"product_cat-teegeschenke-teekisten-teeideen-teeliebhaber-geschenk-mit-tee","17":"product_cat-teeliebhaber-tea-lover","18":"product_cat-valentinsgeschenke","19":"product_cat-weihnachtsgeschenke","21":"first","22":"instock","23":"shipping-taxable","24":"purchasable","25":"product-type-simple"},"yoast_head":"<!-- This site is optimized with the Yoast SEO Premium plugin v27.3 (Yoast SEO v27.3) - https:\/\/yoast.com\/product\/yoast-seo-premium-wordpress\/ -->\n<title>Teebox aus Holz 36 Bio Pyramidentee plastikfrei f\u00fcr Teeliebhaber<\/title>\n<meta name=\"description\" content=\"Gro\u00dfe Teebox aus Holz mit 36 Bio-Teesorten \u2013 ideal zur Aufbewahrung oder als hochwertiges Geschenkset f\u00fcr echte Teeliebhaber.\" \/>\n<meta name=\"robots\" content=\"index, follow, max-snippet:-1, max-image-preview:large, max-video-preview:-1\" \/>\n<link rel=\"canonical\" href=\"https:\/\/www.sempertea.eu\/de\/Produkte\/teebox-aus-holz-36-bio-pyramidentee-plastikfrei-geschenk-teeliebhaber\/\" \/>\n<meta property=\"og:locale\" content=\"de_DE\" \/>\n<meta property=\"og:type\" content=\"article\" \/>\n<meta property=\"og:title\" content=\"Teebox aus Holz mit 36 Bio Pyramidentee, plastikfrei | Geschenk f\u00fcr Teeliebhaber\" \/>\n<meta property=\"og:description\" content=\"Gro\u00dfe Teebox aus Holz mit 36 Bio-Teesorten \u2013 ideal zur Aufbewahrung oder als hochwertiges Geschenkset f\u00fcr echte Teeliebhaber.\" \/>\n<meta property=\"og:url\" content=\"https:\/\/www.sempertea.eu\/de\/Produkte\/teebox-aus-holz-36-bio-pyramidentee-plastikfrei-geschenk-teeliebhaber\/\" \/>\n<meta property=\"og:site_name\" content=\"Semper Tea | Mayorista y fabricante de T\u00e9s e Infusiones para hoteles, restaurantes y bares\" \/>\n<meta property=\"article:modified_time\" content=\"2025-04-29T11:47:28+00:00\" \/>\n<meta property=\"og:image\" content=\"https:\/\/www.sempertea.eu\/wp-content\/uploads\/2025\/02\/caja-de-te-con-tapa-de-vidrio-semper-tea.jpg\" \/>\n\t<meta property=\"og:image:width\" content=\"1000\" \/>\n\t<meta property=\"og:image:height\" content=\"1000\" \/>\n\t<meta property=\"og:image:type\" content=\"image\/jpeg\" \/>\n<meta name=\"twitter:card\" content=\"summary_large_image\" \/>\n<meta name=\"twitter:label1\" content=\"Gesch\u00e4tzte Lesezeit\" \/>\n\t<meta name=\"twitter:data1\" content=\"2\u00a0Minuten\" \/>\n<script type=\"application\/ld+json\" class=\"yoast-schema-graph\">{\"@context\":\"https:\\\/\\\/schema.org\",\"@graph\":[{\"@type\":\"WebPage\",\"@id\":\"https:\\\/\\\/www.sempertea.eu\\\/de\\\/Produkte\\\/teebox-aus-holz-36-bio-pyramidentee-plastikfrei-geschenk-teeliebhaber\\\/\",\"url\":\"https:\\\/\\\/www.sempertea.eu\\\/de\\\/Produkte\\\/teebox-aus-holz-36-bio-pyramidentee-plastikfrei-geschenk-teeliebhaber\\\/\",\"name\":\"Teebox aus Holz 36 Bio Pyramidentee plastikfrei f\u00fcr Teeliebhaber\",\"isPartOf\":{\"@id\":\"https:\\\/\\\/www.sempertea.eu\\\/#website\"},\"primaryImageOfPage\":{\"@id\":\"https:\\\/\\\/www.sempertea.eu\\\/de\\\/Produkte\\\/teebox-aus-holz-36-bio-pyramidentee-plastikfrei-geschenk-teeliebhaber\\\/#primaryimage\"},\"image\":{\"@id\":\"https:\\\/\\\/www.sempertea.eu\\\/de\\\/Produkte\\\/teebox-aus-holz-36-bio-pyramidentee-plastikfrei-geschenk-teeliebhaber\\\/#primaryimage\"},\"thumbnailUrl\":\"https:\\\/\\\/www.sempertea.eu\\\/wp-content\\\/uploads\\\/2025\\\/02\\\/caja-de-te-con-6-compartimentos-semper-tea.jpg\",\"datePublished\":\"2025-02-19T20:26:55+00:00\",\"dateModified\":\"2025-04-29T11:47:28+00:00\",\"description\":\"Gro\u00dfe Teebox aus Holz mit 36 Bio-Teesorten \u2013 ideal zur Aufbewahrung oder als hochwertiges Geschenkset f\u00fcr echte Teeliebhaber.\",\"breadcrumb\":{\"@id\":\"https:\\\/\\\/www.sempertea.eu\\\/de\\\/Produkte\\\/teebox-aus-holz-36-bio-pyramidentee-plastikfrei-geschenk-teeliebhaber\\\/#breadcrumb\"},\"inLanguage\":\"de\",\"potentialAction\":[{\"@type\":\"ReadAction\",\"target\":[\"https:\\\/\\\/www.sempertea.eu\\\/de\\\/Produkte\\\/teebox-aus-holz-36-bio-pyramidentee-plastikfrei-geschenk-teeliebhaber\\\/\"]}]},{\"@type\":\"ImageObject\",\"inLanguage\":\"de\",\"@id\":\"https:\\\/\\\/www.sempertea.eu\\\/de\\\/Produkte\\\/teebox-aus-holz-36-bio-pyramidentee-plastikfrei-geschenk-teeliebhaber\\\/#primaryimage\",\"url\":\"https:\\\/\\\/www.sempertea.eu\\\/wp-content\\\/uploads\\\/2025\\\/02\\\/caja-de-te-con-6-compartimentos-semper-tea.jpg\",\"contentUrl\":\"https:\\\/\\\/www.sempertea.eu\\\/wp-content\\\/uploads\\\/2025\\\/02\\\/caja-de-te-con-6-compartimentos-semper-tea.jpg\",\"width\":1000,\"height\":1000,\"caption\":\"caja de te con 6 compartimentos semper tea\"},{\"@type\":\"BreadcrumbList\",\"@id\":\"https:\\\/\\\/www.sempertea.eu\\\/de\\\/Produkte\\\/teebox-aus-holz-36-bio-pyramidentee-plastikfrei-geschenk-teeliebhaber\\\/#breadcrumb\",\"itemListElement\":[{\"@type\":\"ListItem\",\"position\":1,\"name\":\"Portada\",\"item\":\"https:\\\/\\\/www.sempertea.eu\\\/de\\\/\"},{\"@type\":\"ListItem\",\"position\":2,\"name\":\"Shop\",\"item\":\"https:\\\/\\\/www.sempertea.eu\\\/de\\\/shop\\\/\"},{\"@type\":\"ListItem\",\"position\":3,\"name\":\"Teebox aus Holz mit 36 Bio Pyramidentee, plastikfrei | Geschenk f\u00fcr Teeliebhaber\"}]},{\"@type\":\"WebSite\",\"@id\":\"https:\\\/\\\/www.sempertea.eu\\\/#website\",\"url\":\"https:\\\/\\\/www.sempertea.eu\\\/\",\"name\":\"Semper Tea | Mayorista y fabricante de T\u00e9s e Infusiones para hoteles, restaurantes y bares\",\"description\":\"T\u00e9s e infusiones para hosteler\u00eda, hoteler\u00eda y comercio\",\"potentialAction\":[{\"@type\":\"SearchAction\",\"target\":{\"@type\":\"EntryPoint\",\"urlTemplate\":\"https:\\\/\\\/www.sempertea.eu\\\/?s={search_term_string}\"},\"query-input\":{\"@type\":\"PropertyValueSpecification\",\"valueRequired\":true,\"valueName\":\"search_term_string\"}}],\"inLanguage\":\"de\"}]}<\/script>\n<!-- \/ Yoast SEO Premium plugin. -->","yoast_head_json":{"title":"Teebox aus Holz 36 Bio Pyramidentee plastikfrei f\u00fcr Teeliebhaber","description":"Gro\u00dfe Teebox aus Holz mit 36 Bio-Teesorten \u2013 ideal zur Aufbewahrung oder als hochwertiges Geschenkset f\u00fcr echte Teeliebhaber.","robots":{"index":"index","follow":"follow","max-snippet":"max-snippet:-1","max-image-preview":"max-image-preview:large","max-video-preview":"max-video-preview:-1"},"canonical":"https:\/\/www.sempertea.eu\/de\/Produkte\/teebox-aus-holz-36-bio-pyramidentee-plastikfrei-geschenk-teeliebhaber\/","og_locale":"de_DE","og_type":"article","og_title":"Teebox aus Holz mit 36 Bio Pyramidentee, plastikfrei | Geschenk f\u00fcr Teeliebhaber","og_description":"Gro\u00dfe Teebox aus Holz mit 36 Bio-Teesorten \u2013 ideal zur Aufbewahrung oder als hochwertiges Geschenkset f\u00fcr echte Teeliebhaber.","og_url":"https:\/\/www.sempertea.eu\/de\/Produkte\/teebox-aus-holz-36-bio-pyramidentee-plastikfrei-geschenk-teeliebhaber\/","og_site_name":"Semper Tea | Mayorista y fabricante de T\u00e9s e Infusiones para hoteles, restaurantes y bares","article_modified_time":"2025-04-29T11:47:28+00:00","og_image":[{"width":1000,"height":1000,"url":"https:\/\/www.sempertea.eu\/wp-content\/uploads\/2025\/02\/caja-de-te-con-tapa-de-vidrio-semper-tea.jpg","type":"image\/jpeg"}],"twitter_card":"summary_large_image","twitter_misc":{"Gesch\u00e4tzte Lesezeit":"2\u00a0Minuten"},"schema":{"@context":"https:\/\/schema.org","@graph":[{"@type":"WebPage","@id":"https:\/\/www.sempertea.eu\/de\/Produkte\/teebox-aus-holz-36-bio-pyramidentee-plastikfrei-geschenk-teeliebhaber\/","url":"https:\/\/www.sempertea.eu\/de\/Produkte\/teebox-aus-holz-36-bio-pyramidentee-plastikfrei-geschenk-teeliebhaber\/","name":"Teebox aus Holz 36 Bio Pyramidentee plastikfrei f\u00fcr Teeliebhaber","isPartOf":{"@id":"https:\/\/www.sempertea.eu\/#website"},"primaryImageOfPage":{"@id":"https:\/\/www.sempertea.eu\/de\/Produkte\/teebox-aus-holz-36-bio-pyramidentee-plastikfrei-geschenk-teeliebhaber\/#primaryimage"},"image":{"@id":"https:\/\/www.sempertea.eu\/de\/Produkte\/teebox-aus-holz-36-bio-pyramidentee-plastikfrei-geschenk-teeliebhaber\/#primaryimage"},"thumbnailUrl":"https:\/\/www.sempertea.eu\/wp-content\/uploads\/2025\/02\/caja-de-te-con-6-compartimentos-semper-tea.jpg","datePublished":"2025-02-19T20:26:55+00:00","dateModified":"2025-04-29T11:47:28+00:00","description":"Gro\u00dfe Teebox aus Holz mit 36 Bio-Teesorten \u2013 ideal zur Aufbewahrung oder als hochwertiges Geschenkset f\u00fcr echte Teeliebhaber.","breadcrumb":{"@id":"https:\/\/www.sempertea.eu\/de\/Produkte\/teebox-aus-holz-36-bio-pyramidentee-plastikfrei-geschenk-teeliebhaber\/#breadcrumb"},"inLanguage":"de","potentialAction":[{"@type":"ReadAction","target":["https:\/\/www.sempertea.eu\/de\/Produkte\/teebox-aus-holz-36-bio-pyramidentee-plastikfrei-geschenk-teeliebhaber\/"]}]},{"@type":"ImageObject","inLanguage":"de","@id":"https:\/\/www.sempertea.eu\/de\/Produkte\/teebox-aus-holz-36-bio-pyramidentee-plastikfrei-geschenk-teeliebhaber\/#primaryimage","url":"https:\/\/www.sempertea.eu\/wp-content\/uploads\/2025\/02\/caja-de-te-con-6-compartimentos-semper-tea.jpg","contentUrl":"https:\/\/www.sempertea.eu\/wp-content\/uploads\/2025\/02\/caja-de-te-con-6-compartimentos-semper-tea.jpg","width":1000,"height":1000,"caption":"caja de te con 6 compartimentos semper tea"},{"@type":"BreadcrumbList","@id":"https:\/\/www.sempertea.eu\/de\/Produkte\/teebox-aus-holz-36-bio-pyramidentee-plastikfrei-geschenk-teeliebhaber\/#breadcrumb","itemListElement":[{"@type":"ListItem","position":1,"name":"Portada","item":"https:\/\/www.sempertea.eu\/de\/"},{"@type":"ListItem","position":2,"name":"Shop","item":"https:\/\/www.sempertea.eu\/de\/shop\/"},{"@type":"ListItem","position":3,"name":"Teebox aus Holz mit 36 Bio Pyramidentee, plastikfrei | Geschenk f\u00fcr Teeliebhaber"}]},{"@type":"WebSite","@id":"https:\/\/www.sempertea.eu\/#website","url":"https:\/\/www.sempertea.eu\/","name":"Semper Tea | Mayorista y fabricante de T\u00e9s e Infusiones para hoteles, restaurantes y bares","description":"T\u00e9s e infusiones para hosteler\u00eda, hoteler\u00eda y comercio","potentialAction":[{"@type":"SearchAction","target":{"@type":"EntryPoint","urlTemplate":"https:\/\/www.sempertea.eu\/?s={search_term_string}"},"query-input":{"@type":"PropertyValueSpecification","valueRequired":true,"valueName":"search_term_string"}}],"inLanguage":"de"}]}},"_links":{"self":[{"href":"https:\/\/www.sempertea.eu\/de\/wp-json\/wp\/v2\/product\/13525","targetHints":{"allow":["GET"]}}],"collection":[{"href":"https:\/\/www.sempertea.eu\/de\/wp-json\/wp\/v2\/product"}],"about":[{"href":"https:\/\/www.sempertea.eu\/de\/wp-json\/wp\/v2\/types\/product"}],"replies":[{"embeddable":true,"href":"https:\/\/www.sempertea.eu\/de\/wp-json\/wp\/v2\/comments?post=13525"}],"wp:featuredmedia":[{"embeddable":true,"href":"https:\/\/www.sempertea.eu\/de\/wp-json\/wp\/v2\/media\/13531"}],"wp:attachment":[{"href":"https:\/\/www.sempertea.eu\/de\/wp-json\/wp\/v2\/media?parent=13525"}],"wp:term":[{"taxonomy":"product_brand","embeddable":true,"href":"https:\/\/www.sempertea.eu\/de\/wp-json\/wp\/v2\/product_brand?post=13525"},{"taxonomy":"product_cat","embeddable":true,"href":"https:\/\/www.sempertea.eu\/de\/wp-json\/wp\/v2\/product_cat?post=13525"},{"taxonomy":"product_tag","embeddable":true,"href":"https:\/\/www.sempertea.eu\/de\/wp-json\/wp\/v2\/product_tag?post=13525"}],"curies":[{"name":"wp","href":"https:\/\/api.w.org\/{rel}","templated":true}]}}