{"id":12402,"date":"2024-11-18T15:52:55","date_gmt":"2024-11-18T14:52:55","guid":{"rendered":"https:\/\/www.sempertea.eu\/matcha-gemahlen-gruener-tee\/"},"modified":"2025-07-19T15:25:24","modified_gmt":"2025-07-19T13:25:24","slug":"matcha-gemahlen-gruener-tee","status":"publish","type":"product","link":"https:\/\/www.sempertea.eu\/de\/Produkte\/matcha-gemahlen-gruener-tee\/","title":{"rendered":"MATCHA kulinarisch gemahlen | Japanischer Gr\u00fcntee"},"content":{"rendered":"<h2 data-pm-slice=\"1 1 []\">Bio-Kulinarisches Matcha-Pulver \u2013 Reiner Geschmack, nat\u00fcrliche Energie und antioxidative Vorteile<\/h2>\n<p>Unser bio-zertifiziertes kulinarisches Matcha-Pulver wird aus hochwertigem Gr\u00fcntee hergestellt, der in den letzten Wochen vor der Ernte im Schatten w\u00e4chst. Dieser Anbau verleiht den Bl\u00e4ttern eine tiefgr\u00fcne Farbe und eine besonders feine Textur. Nach der Ernte werden die Bl\u00e4tter schonend ged\u00e4mpft, getrocknet und in traditionellen Steinm\u00fchlen zu einem ultrafeinen Pulver vermahlen, das alle nat\u00fcrlichen Inhaltsstoffe und den reinen Geschmack bewahrt. <\/p>\n<p>Ideal f\u00fcr Gastronomie-Profis im Horeca-Bereich, die auf Qualit\u00e4t, Vielseitigkeit und Zuverl\u00e4ssigkeit setzen. Unser Matcha veredelt Getr\u00e4nke und kreative Rezepte gleicherma\u00dfen.<br \/>Hauptmerkmale:<\/p>\n<ul data-spread=\"false\">\n<li>Erh\u00e4ltliche Gr\u00f6\u00dfen: 75 g, 250 g und 1 kg<\/li>\n<li>Geschmack: Sanft mit einer angenehm herben Note<\/li>\n<li>Farbe: Leuchtendes Goldgr\u00fcn<\/li>\n<li>Vielseitige Verwendung: Ideal f\u00fcr Matcha Latte, Smoothies, Teegetr\u00e4nke, Geb\u00e4ck, Desserts und moderne K\u00fcche<\/li>\n<\/ul>\n<h3>Bereichern Sie Ihre Speisekarte mit diesem hochwertigen, trendbewussten Zutat. Ob hei\u00df oder kalt serviert, als Getr\u00e4nk oder Bestandteil kreativer Gerichte \u2013 Matcha bringt Geschmack, Farbe und gesunde Vorteile auf den Teller.<br \/>Zubereitung von Matcha oder Matcha Latte:<\/h3>\n<ul data-spread=\"false\">\n<li>Geben Sie 1\/2 bis 1 Teel\u00f6ffel (ca. 1 g) Matcha in eine Tasse.<\/li>\n<li>Gie\u00dfen Sie hei\u00dfes Wasser (70\u201380 \u00b0C) hinzu.<\/li>\n<li>Schlagen Sie den Tee mit einem Bambusbesen oder Schneebesen auf, bis eine feine, gleichm\u00e4\u00dfige Schaumschicht entsteht.<\/li>\n<li>Passen Sie die Intensit\u00e4t nach Geschmack mit zus\u00e4tzlichem Wasser an.<\/li>\n<\/ul>\n<p>F\u00fcr Matcha Latte ersetzen Sie das Wasser durch Milch oder pflanzliche Alternativen \u2013 hei\u00df oder kalt.<br \/>Bieten Sie Ihren G\u00e4sten ein hochwertiges, belebendes Erlebnis \u2013 perfekt f\u00fcr den Energieschub zwischendurch oder als entspannende Genussmoment. <\/p>\n<p>&nbsp;<\/p>\n","protected":false},"excerpt":{"rendered":"<p><strong>Kraftvoll und komplex, mit einer feinen S\u00fc\u00dfe<\/strong><\/p>\n<p>Genie\u00dfen Sie die Vorz\u00fcge von Matcha, einem gemahlenen Gr\u00fcntee von hervorragender Qualit\u00e4t, der sich sowohl f\u00fcr die Zubereitung von Getr\u00e4nken als auch zur Bereicherung Ihrer Rezepte eignet. Seine charakteristische gr\u00fcn-goldene Farbe und sein zartbitterer Geschmack verleihen jedem Gericht, S\u00fc\u00dfspeise oder Getr\u00e4nk eine einzigartige Note und bringen Ihre kulinarischen Kreationen auf ein neues Niveau. <\/p>\n<p><strong>1 Gramm pro Zubereitung.<\/strong><\/p>\n<p>Matcha Lieferant Horeca<\/p>\n","protected":false},"featured_media":15605,"comment_status":"open","ping_status":"closed","template":"","meta":[],"product_brand":[],"product_cat":[379,114,115,116,113,124,119,127,111,108,135],"product_tag":[],"class_list":{"0":"post-12402","1":"product","2":"type-product","3":"status-publish","4":"has-post-thumbnail","6":"product_cat-bio-tee-grosshandel-loser-tee","7":"product_cat-alle","8":"product_cat-alle-de","9":"product_cat-alle-de-2","10":"product_cat-biotees-sortiment-online-kaufen","11":"product_cat-teesortiment-formate-packaging-attraktiv-biotees-verpackung","12":"product_cat-grunen-tee-bio-online-bestellen-lose-teubeutel","13":"product_cat-loser-tee-im-papier-beutel-biotee-in-der-tute-nachhaltig","14":"product_cat-matchatee-premium-gruner-tee-japan-bio","15":"product_cat-sortiment-tee-packaging-verpackung-attraktiv-biotees-design","16":"product_cat-uncategorized-de","18":"first","19":"instock","20":"shipping-taxable","21":"purchasable","22":"product-type-variable"},"yoast_head":"<!-- This site is optimized with the Yoast SEO Premium plugin v27.3 (Yoast SEO v27.4) - https:\/\/yoast.com\/product\/yoast-seo-premium-wordpress\/ -->\n<title>Bio Matcha f\u00fcr GASTRONOMIE UND HOTELLERIE<\/title>\n<meta name=\"description\" content=\"Entdecken Sie das bio-kulinarische Matcha-Pulver von Semper Tea, speziell f\u00fcr Gastronomie &amp; Horeca. Ideal f\u00fcr Getr\u00e4nke, Desserts &amp; kreative K\u00fcche. Premiumqualit\u00e4t garantiert.\" \/>\n<meta name=\"robots\" content=\"index, follow, max-snippet:-1, max-image-preview:large, max-video-preview:-1\" \/>\n<link rel=\"canonical\" href=\"https:\/\/www.sempertea.eu\/de\/Produkte\/matcha-gemahlen-gruener-tee\/\" \/>\n<meta property=\"og:locale\" content=\"de_DE\" \/>\n<meta property=\"og:type\" content=\"article\" \/>\n<meta property=\"og:title\" content=\"MATCHA kulinarisch gemahlen | Japanischer Gr\u00fcntee\" \/>\n<meta property=\"og:description\" content=\"Entdecken Sie das bio-kulinarische Matcha-Pulver von Semper Tea, speziell f\u00fcr Gastronomie &amp; Horeca. Ideal f\u00fcr Getr\u00e4nke, Desserts &amp; kreative K\u00fcche. Premiumqualit\u00e4t garantiert.\" \/>\n<meta property=\"og:url\" content=\"https:\/\/www.sempertea.eu\/de\/Produkte\/matcha-gemahlen-gruener-tee\/\" \/>\n<meta property=\"og:site_name\" content=\"Semper Tea | Mayorista y fabricante de T\u00e9s e Infusiones para hoteles, restaurantes y bares\" \/>\n<meta property=\"article:modified_time\" content=\"2025-07-19T13:25:24+00:00\" \/>\n<meta property=\"og:image\" content=\"https:\/\/www.sempertea.eu\/wp-content\/uploads\/2025\/05\/matcha-profesional-hoja-verde-polvo-organico-semper-tea.jpg.jpg\" \/>\n\t<meta property=\"og:image:width\" content=\"1000\" \/>\n\t<meta property=\"og:image:height\" content=\"1000\" \/>\n\t<meta property=\"og:image:type\" content=\"image\/jpeg\" \/>\n<meta name=\"twitter:card\" content=\"summary_large_image\" \/>\n<meta name=\"twitter:label1\" content=\"Gesch\u00e4tzte Lesezeit\" \/>\n\t<meta name=\"twitter:data1\" content=\"2\u00a0Minuten\" \/>\n<script type=\"application\/ld+json\" class=\"yoast-schema-graph\">{\"@context\":\"https:\\\/\\\/schema.org\",\"@graph\":[{\"@type\":\"WebPage\",\"@id\":\"https:\\\/\\\/www.sempertea.eu\\\/de\\\/Produkte\\\/matcha-gemahlen-gruener-tee\\\/\",\"url\":\"https:\\\/\\\/www.sempertea.eu\\\/de\\\/Produkte\\\/matcha-gemahlen-gruener-tee\\\/\",\"name\":\"Bio Matcha f\u00fcr GASTRONOMIE UND HOTELLERIE\",\"isPartOf\":{\"@id\":\"https:\\\/\\\/www.sempertea.eu\\\/#website\"},\"primaryImageOfPage\":{\"@id\":\"https:\\\/\\\/www.sempertea.eu\\\/de\\\/Produkte\\\/matcha-gemahlen-gruener-tee\\\/#primaryimage\"},\"image\":{\"@id\":\"https:\\\/\\\/www.sempertea.eu\\\/de\\\/Produkte\\\/matcha-gemahlen-gruener-tee\\\/#primaryimage\"},\"thumbnailUrl\":\"https:\\\/\\\/www.sempertea.eu\\\/wp-content\\\/uploads\\\/2025\\\/05\\\/matcha-profesional-hoja-verde-polvo-organico-semper-tea.jpg.jpg\",\"datePublished\":\"2024-11-18T14:52:55+00:00\",\"dateModified\":\"2025-07-19T13:25:24+00:00\",\"description\":\"Entdecken Sie das bio-kulinarische Matcha-Pulver von Semper Tea, speziell f\u00fcr Gastronomie & Horeca. Ideal f\u00fcr Getr\u00e4nke, Desserts & kreative K\u00fcche. Premiumqualit\u00e4t garantiert.\",\"breadcrumb\":{\"@id\":\"https:\\\/\\\/www.sempertea.eu\\\/de\\\/Produkte\\\/matcha-gemahlen-gruener-tee\\\/#breadcrumb\"},\"inLanguage\":\"de\",\"potentialAction\":[{\"@type\":\"ReadAction\",\"target\":[\"https:\\\/\\\/www.sempertea.eu\\\/de\\\/Produkte\\\/matcha-gemahlen-gruener-tee\\\/\"]}]},{\"@type\":\"ImageObject\",\"inLanguage\":\"de\",\"@id\":\"https:\\\/\\\/www.sempertea.eu\\\/de\\\/Produkte\\\/matcha-gemahlen-gruener-tee\\\/#primaryimage\",\"url\":\"https:\\\/\\\/www.sempertea.eu\\\/wp-content\\\/uploads\\\/2025\\\/05\\\/matcha-profesional-hoja-verde-polvo-organico-semper-tea.jpg.jpg\",\"contentUrl\":\"https:\\\/\\\/www.sempertea.eu\\\/wp-content\\\/uploads\\\/2025\\\/05\\\/matcha-profesional-hoja-verde-polvo-organico-semper-tea.jpg.jpg\",\"width\":1000,\"height\":1000,\"caption\":\"T\u00e9 Matcha Culinario Org\u00e1nico para Hosteler\u00eda \u2013 Calidad Premium al por Mayor\"},{\"@type\":\"BreadcrumbList\",\"@id\":\"https:\\\/\\\/www.sempertea.eu\\\/de\\\/Produkte\\\/matcha-gemahlen-gruener-tee\\\/#breadcrumb\",\"itemListElement\":[{\"@type\":\"ListItem\",\"position\":1,\"name\":\"Portada\",\"item\":\"https:\\\/\\\/www.sempertea.eu\\\/de\\\/\"},{\"@type\":\"ListItem\",\"position\":2,\"name\":\"Shop\",\"item\":\"https:\\\/\\\/www.sempertea.eu\\\/de\\\/shop\\\/\"},{\"@type\":\"ListItem\",\"position\":3,\"name\":\"MATCHA kulinarisch gemahlen | Japanischer Gr\u00fcntee\"}]},{\"@type\":\"WebSite\",\"@id\":\"https:\\\/\\\/www.sempertea.eu\\\/#website\",\"url\":\"https:\\\/\\\/www.sempertea.eu\\\/\",\"name\":\"Semper Tea | Mayorista y fabricante de T\u00e9s e Infusiones para hoteles, restaurantes y bares\",\"description\":\"T\u00e9s e infusiones para hosteler\u00eda, hoteler\u00eda y comercio\",\"potentialAction\":[{\"@type\":\"SearchAction\",\"target\":{\"@type\":\"EntryPoint\",\"urlTemplate\":\"https:\\\/\\\/www.sempertea.eu\\\/?s={search_term_string}\"},\"query-input\":{\"@type\":\"PropertyValueSpecification\",\"valueRequired\":true,\"valueName\":\"search_term_string\"}}],\"inLanguage\":\"de\"}]}<\/script>\n<!-- \/ Yoast SEO Premium plugin. -->","yoast_head_json":{"title":"Bio Matcha f\u00fcr GASTRONOMIE UND HOTELLERIE","description":"Entdecken Sie das bio-kulinarische Matcha-Pulver von Semper Tea, speziell f\u00fcr Gastronomie & Horeca. Ideal f\u00fcr Getr\u00e4nke, Desserts & kreative K\u00fcche. Premiumqualit\u00e4t garantiert.","robots":{"index":"index","follow":"follow","max-snippet":"max-snippet:-1","max-image-preview":"max-image-preview:large","max-video-preview":"max-video-preview:-1"},"canonical":"https:\/\/www.sempertea.eu\/de\/Produkte\/matcha-gemahlen-gruener-tee\/","og_locale":"de_DE","og_type":"article","og_title":"MATCHA kulinarisch gemahlen | Japanischer Gr\u00fcntee","og_description":"Entdecken Sie das bio-kulinarische Matcha-Pulver von Semper Tea, speziell f\u00fcr Gastronomie & Horeca. Ideal f\u00fcr Getr\u00e4nke, Desserts & kreative K\u00fcche. Premiumqualit\u00e4t garantiert.","og_url":"https:\/\/www.sempertea.eu\/de\/Produkte\/matcha-gemahlen-gruener-tee\/","og_site_name":"Semper Tea | Mayorista y fabricante de T\u00e9s e Infusiones para hoteles, restaurantes y bares","article_modified_time":"2025-07-19T13:25:24+00:00","og_image":[{"width":1000,"height":1000,"url":"https:\/\/www.sempertea.eu\/wp-content\/uploads\/2025\/05\/matcha-profesional-hoja-verde-polvo-organico-semper-tea.jpg.jpg","type":"image\/jpeg"}],"twitter_card":"summary_large_image","twitter_misc":{"Gesch\u00e4tzte Lesezeit":"2\u00a0Minuten"},"schema":{"@context":"https:\/\/schema.org","@graph":[{"@type":"WebPage","@id":"https:\/\/www.sempertea.eu\/de\/Produkte\/matcha-gemahlen-gruener-tee\/","url":"https:\/\/www.sempertea.eu\/de\/Produkte\/matcha-gemahlen-gruener-tee\/","name":"Bio Matcha f\u00fcr GASTRONOMIE UND HOTELLERIE","isPartOf":{"@id":"https:\/\/www.sempertea.eu\/#website"},"primaryImageOfPage":{"@id":"https:\/\/www.sempertea.eu\/de\/Produkte\/matcha-gemahlen-gruener-tee\/#primaryimage"},"image":{"@id":"https:\/\/www.sempertea.eu\/de\/Produkte\/matcha-gemahlen-gruener-tee\/#primaryimage"},"thumbnailUrl":"https:\/\/www.sempertea.eu\/wp-content\/uploads\/2025\/05\/matcha-profesional-hoja-verde-polvo-organico-semper-tea.jpg.jpg","datePublished":"2024-11-18T14:52:55+00:00","dateModified":"2025-07-19T13:25:24+00:00","description":"Entdecken Sie das bio-kulinarische Matcha-Pulver von Semper Tea, speziell f\u00fcr Gastronomie & Horeca. Ideal f\u00fcr Getr\u00e4nke, Desserts & kreative K\u00fcche. Premiumqualit\u00e4t garantiert.","breadcrumb":{"@id":"https:\/\/www.sempertea.eu\/de\/Produkte\/matcha-gemahlen-gruener-tee\/#breadcrumb"},"inLanguage":"de","potentialAction":[{"@type":"ReadAction","target":["https:\/\/www.sempertea.eu\/de\/Produkte\/matcha-gemahlen-gruener-tee\/"]}]},{"@type":"ImageObject","inLanguage":"de","@id":"https:\/\/www.sempertea.eu\/de\/Produkte\/matcha-gemahlen-gruener-tee\/#primaryimage","url":"https:\/\/www.sempertea.eu\/wp-content\/uploads\/2025\/05\/matcha-profesional-hoja-verde-polvo-organico-semper-tea.jpg.jpg","contentUrl":"https:\/\/www.sempertea.eu\/wp-content\/uploads\/2025\/05\/matcha-profesional-hoja-verde-polvo-organico-semper-tea.jpg.jpg","width":1000,"height":1000,"caption":"T\u00e9 Matcha Culinario Org\u00e1nico para Hosteler\u00eda \u2013 Calidad Premium al por Mayor"},{"@type":"BreadcrumbList","@id":"https:\/\/www.sempertea.eu\/de\/Produkte\/matcha-gemahlen-gruener-tee\/#breadcrumb","itemListElement":[{"@type":"ListItem","position":1,"name":"Portada","item":"https:\/\/www.sempertea.eu\/de\/"},{"@type":"ListItem","position":2,"name":"Shop","item":"https:\/\/www.sempertea.eu\/de\/shop\/"},{"@type":"ListItem","position":3,"name":"MATCHA kulinarisch gemahlen | Japanischer Gr\u00fcntee"}]},{"@type":"WebSite","@id":"https:\/\/www.sempertea.eu\/#website","url":"https:\/\/www.sempertea.eu\/","name":"Semper Tea | Mayorista y fabricante de T\u00e9s e Infusiones para hoteles, restaurantes y bares","description":"T\u00e9s e infusiones para hosteler\u00eda, hoteler\u00eda y comercio","potentialAction":[{"@type":"SearchAction","target":{"@type":"EntryPoint","urlTemplate":"https:\/\/www.sempertea.eu\/?s={search_term_string}"},"query-input":{"@type":"PropertyValueSpecification","valueRequired":true,"valueName":"search_term_string"}}],"inLanguage":"de"}]}},"_links":{"self":[{"href":"https:\/\/www.sempertea.eu\/de\/wp-json\/wp\/v2\/product\/12402","targetHints":{"allow":["GET"]}}],"collection":[{"href":"https:\/\/www.sempertea.eu\/de\/wp-json\/wp\/v2\/product"}],"about":[{"href":"https:\/\/www.sempertea.eu\/de\/wp-json\/wp\/v2\/types\/product"}],"replies":[{"embeddable":true,"href":"https:\/\/www.sempertea.eu\/de\/wp-json\/wp\/v2\/comments?post=12402"}],"wp:featuredmedia":[{"embeddable":true,"href":"https:\/\/www.sempertea.eu\/de\/wp-json\/wp\/v2\/media\/15605"}],"wp:attachment":[{"href":"https:\/\/www.sempertea.eu\/de\/wp-json\/wp\/v2\/media?parent=12402"}],"wp:term":[{"taxonomy":"product_brand","embeddable":true,"href":"https:\/\/www.sempertea.eu\/de\/wp-json\/wp\/v2\/product_brand?post=12402"},{"taxonomy":"product_cat","embeddable":true,"href":"https:\/\/www.sempertea.eu\/de\/wp-json\/wp\/v2\/product_cat?post=12402"},{"taxonomy":"product_tag","embeddable":true,"href":"https:\/\/www.sempertea.eu\/de\/wp-json\/wp\/v2\/product_tag?post=12402"}],"curies":[{"name":"wp","href":"https:\/\/api.w.org\/{rel}","templated":true}]}}