{"id":12400,"date":"2024-11-18T15:42:14","date_gmt":"2024-11-18T14:42:14","guid":{"rendered":"https:\/\/www.sempertea.eu\/matcha-premium-gemahlen-in-pulver-gruener-tee\/"},"modified":"2025-07-19T15:38:05","modified_gmt":"2025-07-19T13:38:05","slug":"bester-matcha-premium-in-kg-fuer-horeca-und-gastronomie","status":"publish","type":"product","link":"https:\/\/www.sempertea.eu\/de\/Produkte\/bester-matcha-premium-in-kg-fuer-horeca-und-gastronomie\/","title":{"rendered":"MATCHA PREMIUM gemahlen | Japanischer Gr\u00fcntee"},"content":{"rendered":"<h2 data-start=\"268\" data-end=\"334\">Bio Matcha Premium in Gro\u00dfpackungen f\u00fcr Gastronomie und Horeca-Profis<\/h2>\n<p data-start=\"336\" data-end=\"750\">Sie suchen einen <strong data-start=\"347\" data-end=\"373\">zuverl\u00e4ssigen und hochwertigen Anbieter von Bio-Matcha f\u00fcr Ihr Unternehmen<\/strong>? Bei Semper Tea bieten wir Ihnen <strong data-start=\"441\" data-end=\"472\">hochwertiges Bio Matcha-Pulver<\/strong>, nachhaltig angebaut und in praktischen Gro\u00dfpackungen speziell f\u00fcr den professionellen Bedarf erh\u00e4ltlich. Unser <strong data-start=\"579\" data-end=\"611\">professionelles Bio-Matcha <\/strong>eignet sich perfekt f\u00fcr Caf\u00e9s, Restaurants, Hotels und Horeca-Gro\u00dfh\u00e4ndler, die gesunde, vielseitige und hochwertige Zutaten sch\u00e4tzen.<\/p>\n<p data-start=\"752\" data-end=\"997\">Mit seinem milden, frischen und leicht s\u00fc\u00dflichen Geschmack bewahrt dieses <strong data-start=\"852\" data-end=\"874\">fein gemahlene Matcha Pulver<\/strong> alle Vorteile von gr\u00fcnem Bio-Tee. Durch die traditionelle Steinvermahlung bleiben die nat\u00fcrlichen Antioxidantien und die belebende Wirkung erhalten.<\/p>\n<h3 data-start=\"999\" data-end=\"1031\">Wichtige Merkmale:<\/h3>\n<ul data-start=\"1033\" data-end=\"1422\">\n<li data-start=\"1033\" data-end=\"1129\">\n<p data-start=\"1035\" data-end=\"1129\"><strong data-start=\"1035\" data-end=\"1059\">Erh\u00e4ltliche Gr\u00f6\u00dfen<\/strong>: 75 g, 250 g und 1 kg (<strong data-start=\"1104\" data-end=\"1126\">ideal f\u00fcr Matcha in Gro\u00dfpackungen)<\/strong><\/p>\n<\/li>\n<li data-start=\"1130\" data-end=\"1163\">\n<p data-start=\"1132\" data-end=\"1163\"><strong data-start=\"1132\" data-end=\"1141\">Farbe<\/strong>: Intensives Jadegr\u00fcn<\/p>\n<\/li>\n<li data-start=\"1164\" data-end=\"1217\">\n<p data-start=\"1166\" data-end=\"1217\"><strong data-start=\"1166\" data-end=\"1175\">Geschmack<\/strong>: Fein, pflanzlich, mit s\u00fc\u00dfem Abgang<\/p>\n<\/li>\n<li data-start=\"1218\" data-end=\"1321\">\n<p data-start=\"1220\" data-end=\"1321\"><strong data-start=\"1220\" data-end=\"1252\">Nat\u00fcrlicher Koffeingehalt<\/strong>: Ideal f\u00fcr belebende Getr\u00e4nke wie <strong data-start=\"1291\" data-end=\"1307\">Matcha Latte<\/strong> oder Smoothies<\/p>\n<\/li>\n<li data-start=\"1322\" data-end=\"1422\">\n<p data-start=\"1324\" data-end=\"1422\"><strong data-start=\"1324\" data-end=\"1343\">Empfohlene Verwendung:<\/strong> <strong data-start=\"1345\" data-end=\"1374\">Matcha f\u00fcr Caf\u00e9s<\/strong>, Geb\u00e4ck, kreative K\u00fcche und gesunde Men\u00fcs<\/p>\n<\/li>\n<\/ul>\n<h3 data-start=\"1424\" data-end=\"1478\">Warum Matcha von Semper Tea f\u00fcr die Gastronomie?<\/h3>\n<ul data-start=\"1480\" data-end=\"1712\">\n<li data-start=\"1480\" data-end=\"1549\">\n<p data-start=\"1482\" data-end=\"1549\">Bio-zertifiziert und geeignet f\u00fcr hei\u00dfe und kalte Zubereitungen<\/p>\n<\/li>\n<li data-start=\"1550\" data-end=\"1597\">\n<p data-start=\"1552\" data-end=\"1597\">Einfach und schnell in der Horeca-K\u00fcche zuzubereiten<\/p>\n<\/li>\n<li data-start=\"1598\" data-end=\"1647\">\n<p data-start=\"1600\" data-end=\"1647\">Hervorragende Schaumbildung und gleichbleibende Qualit\u00e4t<\/p>\n<\/li>\n<li data-start=\"1648\" data-end=\"1712\">\n<p data-start=\"1650\" data-end=\"1712\">Erh\u00e4ltlich <strong data-start=\"1664\" data-end=\"1693\">zum besten Preis f\u00fcr Premium-Matcha<\/strong><\/p>\n<\/li>\n<\/ul>\n<h4 data-start=\"1714\" data-end=\"1754\">Zubereitung von Matcha oder Matcha Latte:<\/h4>\n<ol data-start=\"1756\" data-end=\"2086\">\n<li data-start=\"1756\" data-end=\"1821\">\n<p data-start=\"1759\" data-end=\"1821\">1\/2 bis 1 Teel\u00f6ffel (ca. 1 g) Matcha in eine Tasse geben.<\/p>\n<\/li>\n<li data-start=\"1822\" data-end=\"1858\">\n<p data-start=\"1825\" data-end=\"1858\">Hei\u00dfes Wasser (70\u201380\u00b0C) hinzuf\u00fcgen.<\/p>\n<\/li>\n<li data-start=\"1859\" data-end=\"1948\">\n<p data-start=\"1862\" data-end=\"1948\">Mit einem Bambusbesen oder elektrischen Milchaufsch\u00e4umer kr\u00e4ftig schlagen, bis ein feiner Schaum entsteht.<\/p>\n<\/li>\n<li data-start=\"1949\" data-end=\"1998\">\n<p data-start=\"1952\" data-end=\"1998\">Die Intensit\u00e4t nach Belieben mit mehr Wasser anpassen.<\/p>\n<\/li>\n<li data-start=\"1999\" data-end=\"2086\">\n<p data-start=\"2002\" data-end=\"2086\">F\u00fcr <strong data-start=\"2007\" data-end=\"2023\">Matcha Latte<\/strong> Wasser durch Milch oder pflanzliche Alternative (hei\u00df oder kalt) ersetzen.<\/p>\n<\/li>\n<\/ol>\n<h4 data-start=\"2088\" data-end=\"2136\">Tradition, Gesundheit und Wirtschaftlichkeit in jeder Tasse<\/h4>\n<p data-start=\"2138\" data-end=\"2453\">Matcha hat seine Wurzeln in der japanischen Teekultur und ist heute eine der gefragtesten Zutaten auf modernen Getr\u00e4nkekarten. Er bietet eine <strong data-start=\"2332\" data-end=\"2349\">nat\u00fcrliche Alternative zu Kaffee<\/strong> \u2013 mit sanftem Koffein und anhaltender Energie. Ideal f\u00fcr bewusste G\u00e4ste, die Geschmack und Wohlbefinden suchen.<\/p>\n<p data-start=\"2455\" data-end=\"2607\">Wenn Sie <strong data-start=\"2473\" data-end=\"2503\">Matcha f\u00fcr Gastronomie und Horeca kaufen<\/strong> m\u00f6chten \u2013 mit garantierter Qualit\u00e4t, \u00f6kologischer R\u00fcckverfolgbarkeit und professioneller Pr\u00e4sentation \u2013 sind Sie bei uns genau richtig.<\/p>\n","protected":false},"excerpt":{"rendered":"<p><strong>Lebendiger, frischer Geschmack und weiche Note<\/strong><\/p>\n<p>Genie\u00dfen Sie die Eleganz und Sanftheit von gemahlenem Premium-Matcha, einem Gr\u00fcntee von au\u00dfergew\u00f6hnlicher Qualit\u00e4t, ideal f\u00fcr echte Kenner. Mit seiner charakteristischen jadegr\u00fcnen Farbe und seinem weichen, frischen und leicht s\u00fc\u00dfen Geschmack bietet dieser Matcha in jeder Tasse ein einzigartiges Erlebnis.<\/p>\n<p><strong>1 Gramm pro Zubereitung.<\/strong><\/p>\n","protected":false},"featured_media":15609,"comment_status":"open","ping_status":"closed","template":"","meta":[],"product_brand":[],"product_cat":[379,114,115,116,113,124,119,127,111,108,135],"product_tag":[],"class_list":{"0":"post-12400","1":"product","2":"type-product","3":"status-publish","4":"has-post-thumbnail","6":"product_cat-bio-tee-grosshandel-loser-tee","7":"product_cat-alle","8":"product_cat-alle-de","9":"product_cat-alle-de-2","10":"product_cat-biotees-sortiment-online-kaufen","11":"product_cat-teesortiment-formate-packaging-attraktiv-biotees-verpackung","12":"product_cat-grunen-tee-bio-online-bestellen-lose-teubeutel","13":"product_cat-loser-tee-im-papier-beutel-biotee-in-der-tute-nachhaltig","14":"product_cat-matchatee-premium-gruner-tee-japan-bio","15":"product_cat-sortiment-tee-packaging-verpackung-attraktiv-biotees-design","16":"product_cat-uncategorized-de","18":"first","19":"instock","20":"shipping-taxable","21":"purchasable","22":"product-type-variable"},"yoast_head":"<!-- This site is optimized with the Yoast SEO Premium plugin v27.3 (Yoast SEO v27.4) - https:\/\/yoast.com\/product\/yoast-seo-premium-wordpress\/ -->\n<title>BESTER Matcha PREMIUM in KG f\u00fcr Horeca und Gastronomie<\/title>\n<meta name=\"description\" content=\"Kaufen Sie Bio Matcha Premium f\u00fcr Gastronomie und Horeca. Ideal f\u00fcr Caf\u00e9s, Restaurants und Hotels. Matcha mit Koffein, bester Preis, Profiqualit\u00e4t.\" \/>\n<meta name=\"robots\" content=\"index, follow, max-snippet:-1, max-image-preview:large, max-video-preview:-1\" \/>\n<link rel=\"canonical\" href=\"https:\/\/www.sempertea.eu\/de\/Produkte\/bester-matcha-premium-in-kg-fuer-horeca-und-gastronomie\/\" \/>\n<meta property=\"og:locale\" content=\"de_DE\" \/>\n<meta property=\"og:type\" content=\"article\" \/>\n<meta property=\"og:title\" content=\"MATCHA PREMIUM gemahlen | Japanischer Gr\u00fcntee\" \/>\n<meta property=\"og:description\" content=\"Kaufen Sie Bio Matcha Premium f\u00fcr Gastronomie und Horeca. Ideal f\u00fcr Caf\u00e9s, Restaurants und Hotels. Matcha mit Koffein, bester Preis, Profiqualit\u00e4t.\" \/>\n<meta property=\"og:url\" content=\"https:\/\/www.sempertea.eu\/de\/Produkte\/bester-matcha-premium-in-kg-fuer-horeca-und-gastronomie\/\" \/>\n<meta property=\"og:site_name\" content=\"Semper Tea | Mayorista y fabricante de T\u00e9s e Infusiones para hoteles, restaurantes y bares\" \/>\n<meta property=\"article:modified_time\" content=\"2025-07-19T13:38:05+00:00\" \/>\n<meta property=\"og:image\" content=\"https:\/\/www.sempertea.eu\/wp-content\/uploads\/2025\/05\/matcha-premium-profesional-polvo-verde-jade-semper-tea.jpg\" \/>\n\t<meta property=\"og:image:width\" content=\"1000\" \/>\n\t<meta property=\"og:image:height\" content=\"1000\" \/>\n\t<meta property=\"og:image:type\" content=\"image\/jpeg\" \/>\n<meta name=\"twitter:card\" content=\"summary_large_image\" \/>\n<meta name=\"twitter:label1\" content=\"Gesch\u00e4tzte Lesezeit\" \/>\n\t<meta name=\"twitter:data1\" content=\"2\u00a0Minuten\" \/>\n<script type=\"application\/ld+json\" class=\"yoast-schema-graph\">{\"@context\":\"https:\\\/\\\/schema.org\",\"@graph\":[{\"@type\":\"WebPage\",\"@id\":\"https:\\\/\\\/www.sempertea.eu\\\/de\\\/Produkte\\\/bester-matcha-premium-in-kg-fuer-horeca-und-gastronomie\\\/\",\"url\":\"https:\\\/\\\/www.sempertea.eu\\\/de\\\/Produkte\\\/bester-matcha-premium-in-kg-fuer-horeca-und-gastronomie\\\/\",\"name\":\"BESTER Matcha PREMIUM in KG f\u00fcr Horeca und Gastronomie\",\"isPartOf\":{\"@id\":\"https:\\\/\\\/www.sempertea.eu\\\/#website\"},\"primaryImageOfPage\":{\"@id\":\"https:\\\/\\\/www.sempertea.eu\\\/de\\\/Produkte\\\/bester-matcha-premium-in-kg-fuer-horeca-und-gastronomie\\\/#primaryimage\"},\"image\":{\"@id\":\"https:\\\/\\\/www.sempertea.eu\\\/de\\\/Produkte\\\/bester-matcha-premium-in-kg-fuer-horeca-und-gastronomie\\\/#primaryimage\"},\"thumbnailUrl\":\"https:\\\/\\\/www.sempertea.eu\\\/wp-content\\\/uploads\\\/2025\\\/05\\\/matcha-premium-profesional-polvo-verde-jade-semper-tea.jpg\",\"datePublished\":\"2024-11-18T14:42:14+00:00\",\"dateModified\":\"2025-07-19T13:38:05+00:00\",\"description\":\"Kaufen Sie Bio Matcha Premium f\u00fcr Gastronomie und Horeca. Ideal f\u00fcr Caf\u00e9s, Restaurants und Hotels. Matcha mit Koffein, bester Preis, Profiqualit\u00e4t.\",\"breadcrumb\":{\"@id\":\"https:\\\/\\\/www.sempertea.eu\\\/de\\\/Produkte\\\/bester-matcha-premium-in-kg-fuer-horeca-und-gastronomie\\\/#breadcrumb\"},\"inLanguage\":\"de\",\"potentialAction\":[{\"@type\":\"ReadAction\",\"target\":[\"https:\\\/\\\/www.sempertea.eu\\\/de\\\/Produkte\\\/bester-matcha-premium-in-kg-fuer-horeca-und-gastronomie\\\/\"]}]},{\"@type\":\"ImageObject\",\"inLanguage\":\"de\",\"@id\":\"https:\\\/\\\/www.sempertea.eu\\\/de\\\/Produkte\\\/bester-matcha-premium-in-kg-fuer-horeca-und-gastronomie\\\/#primaryimage\",\"url\":\"https:\\\/\\\/www.sempertea.eu\\\/wp-content\\\/uploads\\\/2025\\\/05\\\/matcha-premium-profesional-polvo-verde-jade-semper-tea.jpg\",\"contentUrl\":\"https:\\\/\\\/www.sempertea.eu\\\/wp-content\\\/uploads\\\/2025\\\/05\\\/matcha-premium-profesional-polvo-verde-jade-semper-tea.jpg\",\"width\":1000,\"height\":1000,\"caption\":\"Matcha Premium en Polvo \u2013 T\u00e9 Verde Org\u00e1nico para Hosteler\u00eda y Cocina Profesional\"},{\"@type\":\"BreadcrumbList\",\"@id\":\"https:\\\/\\\/www.sempertea.eu\\\/de\\\/Produkte\\\/bester-matcha-premium-in-kg-fuer-horeca-und-gastronomie\\\/#breadcrumb\",\"itemListElement\":[{\"@type\":\"ListItem\",\"position\":1,\"name\":\"Portada\",\"item\":\"https:\\\/\\\/www.sempertea.eu\\\/de\\\/\"},{\"@type\":\"ListItem\",\"position\":2,\"name\":\"Shop\",\"item\":\"https:\\\/\\\/www.sempertea.eu\\\/de\\\/shop\\\/\"},{\"@type\":\"ListItem\",\"position\":3,\"name\":\"MATCHA PREMIUM gemahlen | Japanischer Gr\u00fcntee\"}]},{\"@type\":\"WebSite\",\"@id\":\"https:\\\/\\\/www.sempertea.eu\\\/#website\",\"url\":\"https:\\\/\\\/www.sempertea.eu\\\/\",\"name\":\"Semper Tea | Mayorista y fabricante de T\u00e9s e Infusiones para hoteles, restaurantes y bares\",\"description\":\"T\u00e9s e infusiones para hosteler\u00eda, hoteler\u00eda y comercio\",\"potentialAction\":[{\"@type\":\"SearchAction\",\"target\":{\"@type\":\"EntryPoint\",\"urlTemplate\":\"https:\\\/\\\/www.sempertea.eu\\\/?s={search_term_string}\"},\"query-input\":{\"@type\":\"PropertyValueSpecification\",\"valueRequired\":true,\"valueName\":\"search_term_string\"}}],\"inLanguage\":\"de\"}]}<\/script>\n<!-- \/ Yoast SEO Premium plugin. -->","yoast_head_json":{"title":"BESTER Matcha PREMIUM in KG f\u00fcr Horeca und Gastronomie","description":"Kaufen Sie Bio Matcha Premium f\u00fcr Gastronomie und Horeca. Ideal f\u00fcr Caf\u00e9s, Restaurants und Hotels. Matcha mit Koffein, bester Preis, Profiqualit\u00e4t.","robots":{"index":"index","follow":"follow","max-snippet":"max-snippet:-1","max-image-preview":"max-image-preview:large","max-video-preview":"max-video-preview:-1"},"canonical":"https:\/\/www.sempertea.eu\/de\/Produkte\/bester-matcha-premium-in-kg-fuer-horeca-und-gastronomie\/","og_locale":"de_DE","og_type":"article","og_title":"MATCHA PREMIUM gemahlen | Japanischer Gr\u00fcntee","og_description":"Kaufen Sie Bio Matcha Premium f\u00fcr Gastronomie und Horeca. Ideal f\u00fcr Caf\u00e9s, Restaurants und Hotels. Matcha mit Koffein, bester Preis, Profiqualit\u00e4t.","og_url":"https:\/\/www.sempertea.eu\/de\/Produkte\/bester-matcha-premium-in-kg-fuer-horeca-und-gastronomie\/","og_site_name":"Semper Tea | Mayorista y fabricante de T\u00e9s e Infusiones para hoteles, restaurantes y bares","article_modified_time":"2025-07-19T13:38:05+00:00","og_image":[{"width":1000,"height":1000,"url":"https:\/\/www.sempertea.eu\/wp-content\/uploads\/2025\/05\/matcha-premium-profesional-polvo-verde-jade-semper-tea.jpg","type":"image\/jpeg"}],"twitter_card":"summary_large_image","twitter_misc":{"Gesch\u00e4tzte Lesezeit":"2\u00a0Minuten"},"schema":{"@context":"https:\/\/schema.org","@graph":[{"@type":"WebPage","@id":"https:\/\/www.sempertea.eu\/de\/Produkte\/bester-matcha-premium-in-kg-fuer-horeca-und-gastronomie\/","url":"https:\/\/www.sempertea.eu\/de\/Produkte\/bester-matcha-premium-in-kg-fuer-horeca-und-gastronomie\/","name":"BESTER Matcha PREMIUM in KG f\u00fcr Horeca und Gastronomie","isPartOf":{"@id":"https:\/\/www.sempertea.eu\/#website"},"primaryImageOfPage":{"@id":"https:\/\/www.sempertea.eu\/de\/Produkte\/bester-matcha-premium-in-kg-fuer-horeca-und-gastronomie\/#primaryimage"},"image":{"@id":"https:\/\/www.sempertea.eu\/de\/Produkte\/bester-matcha-premium-in-kg-fuer-horeca-und-gastronomie\/#primaryimage"},"thumbnailUrl":"https:\/\/www.sempertea.eu\/wp-content\/uploads\/2025\/05\/matcha-premium-profesional-polvo-verde-jade-semper-tea.jpg","datePublished":"2024-11-18T14:42:14+00:00","dateModified":"2025-07-19T13:38:05+00:00","description":"Kaufen Sie Bio Matcha Premium f\u00fcr Gastronomie und Horeca. Ideal f\u00fcr Caf\u00e9s, Restaurants und Hotels. Matcha mit Koffein, bester Preis, Profiqualit\u00e4t.","breadcrumb":{"@id":"https:\/\/www.sempertea.eu\/de\/Produkte\/bester-matcha-premium-in-kg-fuer-horeca-und-gastronomie\/#breadcrumb"},"inLanguage":"de","potentialAction":[{"@type":"ReadAction","target":["https:\/\/www.sempertea.eu\/de\/Produkte\/bester-matcha-premium-in-kg-fuer-horeca-und-gastronomie\/"]}]},{"@type":"ImageObject","inLanguage":"de","@id":"https:\/\/www.sempertea.eu\/de\/Produkte\/bester-matcha-premium-in-kg-fuer-horeca-und-gastronomie\/#primaryimage","url":"https:\/\/www.sempertea.eu\/wp-content\/uploads\/2025\/05\/matcha-premium-profesional-polvo-verde-jade-semper-tea.jpg","contentUrl":"https:\/\/www.sempertea.eu\/wp-content\/uploads\/2025\/05\/matcha-premium-profesional-polvo-verde-jade-semper-tea.jpg","width":1000,"height":1000,"caption":"Matcha Premium en Polvo \u2013 T\u00e9 Verde Org\u00e1nico para Hosteler\u00eda y Cocina Profesional"},{"@type":"BreadcrumbList","@id":"https:\/\/www.sempertea.eu\/de\/Produkte\/bester-matcha-premium-in-kg-fuer-horeca-und-gastronomie\/#breadcrumb","itemListElement":[{"@type":"ListItem","position":1,"name":"Portada","item":"https:\/\/www.sempertea.eu\/de\/"},{"@type":"ListItem","position":2,"name":"Shop","item":"https:\/\/www.sempertea.eu\/de\/shop\/"},{"@type":"ListItem","position":3,"name":"MATCHA PREMIUM gemahlen | Japanischer Gr\u00fcntee"}]},{"@type":"WebSite","@id":"https:\/\/www.sempertea.eu\/#website","url":"https:\/\/www.sempertea.eu\/","name":"Semper Tea | Mayorista y fabricante de T\u00e9s e Infusiones para hoteles, restaurantes y bares","description":"T\u00e9s e infusiones para hosteler\u00eda, hoteler\u00eda y comercio","potentialAction":[{"@type":"SearchAction","target":{"@type":"EntryPoint","urlTemplate":"https:\/\/www.sempertea.eu\/?s={search_term_string}"},"query-input":{"@type":"PropertyValueSpecification","valueRequired":true,"valueName":"search_term_string"}}],"inLanguage":"de"}]}},"_links":{"self":[{"href":"https:\/\/www.sempertea.eu\/de\/wp-json\/wp\/v2\/product\/12400","targetHints":{"allow":["GET"]}}],"collection":[{"href":"https:\/\/www.sempertea.eu\/de\/wp-json\/wp\/v2\/product"}],"about":[{"href":"https:\/\/www.sempertea.eu\/de\/wp-json\/wp\/v2\/types\/product"}],"replies":[{"embeddable":true,"href":"https:\/\/www.sempertea.eu\/de\/wp-json\/wp\/v2\/comments?post=12400"}],"wp:featuredmedia":[{"embeddable":true,"href":"https:\/\/www.sempertea.eu\/de\/wp-json\/wp\/v2\/media\/15609"}],"wp:attachment":[{"href":"https:\/\/www.sempertea.eu\/de\/wp-json\/wp\/v2\/media?parent=12400"}],"wp:term":[{"taxonomy":"product_brand","embeddable":true,"href":"https:\/\/www.sempertea.eu\/de\/wp-json\/wp\/v2\/product_brand?post=12400"},{"taxonomy":"product_cat","embeddable":true,"href":"https:\/\/www.sempertea.eu\/de\/wp-json\/wp\/v2\/product_cat?post=12400"},{"taxonomy":"product_tag","embeddable":true,"href":"https:\/\/www.sempertea.eu\/de\/wp-json\/wp\/v2\/product_tag?post=12400"}],"curies":[{"name":"wp","href":"https:\/\/api.w.org\/{rel}","templated":true}]}}