{"id":11334,"date":"2024-07-10T20:29:05","date_gmt":"2024-07-18T20:52:09","guid":{"rendered":"https:\/\/www.sempertea.eu\/rooibos-lose-pyramiden-rotbuschtee\/"},"modified":"2024-07-18T22:02:50","modified_gmt":"2024-07-18T21:02:50","slug":"koffeinfreier-rotbusch-in-pyramidenform-kompostierbar-bio","status":"publish","type":"product","link":"https:\/\/www.sempertea.eu\/de\/Produkte\/koffeinfreier-rotbusch-in-pyramidenform-kompostierbar-bio\/","title":{"rendered":"ROOIBOS lose Pyramiden | Rotbuschtee"},"content":{"rendered":"<h2>Die Sanftheit von Rooibos ohne Koffein<\/h2>\n<p>Entdecken Sie einen Aufguss mit einer reichhaltigen Textur, der Sie in die nat\u00fcrlichen Aromen und den Zauber S\u00fcdafrikas entf\u00fchrt. Genie\u00dfen Sie seinen angenehmen, leicht s\u00fc\u00dfen Geschmack, begleitet von einer tief rotbraunen Farbe. Dieses<strong> sanfte und entspannende Getr\u00e4nk<\/strong> kann zu jeder Tageszeit genossen werden.<\/p>\n<p>Mit unseren praktischen Pyramidenbeuteln k\u00f6nnen Sie dieses exquisite koffeinfreie Teegetr\u00e4nk zu jeder Zeit genie\u00dfen. Die Teelinie Lava40 entspricht der Norm DIN EN 13432, so dass sie biologisch abbaubar und kompostierbar ist. Entscheiden Sie sich f\u00fcr eine nachhaltige und umweltfreundliche Wahl.<\/p>\n","protected":false},"excerpt":{"rendered":"<p><strong>Genie\u00dfen Sie den Charme von Bio-RotbuschTee!<\/strong><\/p>\n<p>Eine koffeinfreie Option, die Sie begeistern wird. Unser Engagement f\u00fcr Nachhaltigkeit spiegelt sich in jedem unserer biologisch abbaubaren Pyramiden-Teebeutel wider, damit Sie dieses s\u00fcdafrikanische Juwel in Bio-Qualit\u00e4t auf nat\u00fcrliche und entspannende Weise genie\u00dfen k\u00f6nnen. Voller Antioxidantien und mit einem unvergleichlichen Geschmack, der die Sinne erfreut.<\/p>\n","protected":false},"featured_media":10681,"comment_status":"open","ping_status":"closed","template":"","meta":[],"product_brand":[],"product_cat":[132,115,116,110,113,124,128,127,122,108,135],"product_tag":[258],"class_list":{"0":"post-11334","1":"product","2":"type-product","3":"status-publish","4":"has-post-thumbnail","6":"product_cat-tee-ohne-plastik-verpackung-biotees-natur-plastikfrei","7":"product_cat-alle-de","8":"product_cat-alle-de-2","9":"product_cat-biologisch-abbaubare-pyramide-teebeutel-biotee-kompostierbar","10":"product_cat-biotees-sortiment-online-kaufen","11":"product_cat-teesortiment-formate-packaging-attraktiv-biotees-verpackung","12":"product_cat-teebeutel-ohne-mikroplastik-plastikfreie-teepyramiden","13":"product_cat-loser-tee-im-papier-beutel-biotee-in-der-tute-nachhaltig","14":"product_cat-rooibos-tee-erdig-koffein-frei-biotee-sudafrika-rotbusch","15":"product_cat-sortiment-tee-packaging-verpackung-attraktiv-biotees-design","16":"product_cat-uncategorized-de","17":"product_tag-lava40-de","19":"first","20":"instock","21":"shipping-taxable","22":"purchasable","23":"product-type-variable"},"yoast_head":"<!-- This site is optimized with the Yoast SEO Premium plugin v27.3 (Yoast SEO v27.3) - https:\/\/yoast.com\/product\/yoast-seo-premium-wordpress\/ -->\n<title>Koffeinfreier Rooibos in Pyramidenform | Kompostierbar und BIO<\/title>\n<meta name=\"description\" content=\"Sanftheit von koffeinfreiem Rooibos ist unvergesslich, praktisch verpackt in einem Pyramidenbeutel. Nat\u00fcrlicher und nachhaltiger Geschmack.\" \/>\n<meta name=\"robots\" content=\"index, follow, max-snippet:-1, max-image-preview:large, max-video-preview:-1\" \/>\n<link rel=\"canonical\" href=\"https:\/\/www.sempertea.eu\/de\/Produkte\/koffeinfreier-rotbusch-in-pyramidenform-kompostierbar-bio\/\" \/>\n<meta property=\"og:locale\" content=\"de_DE\" \/>\n<meta property=\"og:type\" content=\"article\" \/>\n<meta property=\"og:title\" content=\"ROOIBOS lose Pyramiden | Rotbuschtee\" \/>\n<meta property=\"og:description\" content=\"Sanftheit von koffeinfreiem Rooibos ist unvergesslich, praktisch verpackt in einem Pyramidenbeutel. Nat\u00fcrlicher und nachhaltiger Geschmack.\" \/>\n<meta property=\"og:url\" content=\"https:\/\/www.sempertea.eu\/de\/Produkte\/koffeinfreier-rotbusch-in-pyramidenform-kompostierbar-bio\/\" \/>\n<meta property=\"og:site_name\" content=\"Semper Tea | Mayorista y fabricante de T\u00e9s e Infusiones para hoteles, restaurantes y bares\" \/>\n<meta property=\"article:modified_time\" content=\"2024-07-18T21:02:50+00:00\" \/>\n<meta property=\"og:image\" content=\"https:\/\/www.sempertea.eu\/wp-content\/uploads\/2024\/07\/te-piramide-al-por-mayor-sin-plastico-organico-rooibos-semper-tea.jpg\" \/>\n\t<meta property=\"og:image:width\" content=\"1000\" \/>\n\t<meta property=\"og:image:height\" content=\"1000\" \/>\n\t<meta property=\"og:image:type\" content=\"image\/jpeg\" \/>\n<meta name=\"twitter:card\" content=\"summary_large_image\" \/>\n<script type=\"application\/ld+json\" class=\"yoast-schema-graph\">{\"@context\":\"https:\\\/\\\/schema.org\",\"@graph\":[{\"@type\":\"WebPage\",\"@id\":\"https:\\\/\\\/www.sempertea.eu\\\/de\\\/Produkte\\\/koffeinfreier-rotbusch-in-pyramidenform-kompostierbar-bio\\\/\",\"url\":\"https:\\\/\\\/www.sempertea.eu\\\/de\\\/Produkte\\\/koffeinfreier-rotbusch-in-pyramidenform-kompostierbar-bio\\\/\",\"name\":\"Koffeinfreier Rooibos in Pyramidenform | Kompostierbar und BIO\",\"isPartOf\":{\"@id\":\"https:\\\/\\\/www.sempertea.eu\\\/#website\"},\"primaryImageOfPage\":{\"@id\":\"https:\\\/\\\/www.sempertea.eu\\\/de\\\/Produkte\\\/koffeinfreier-rotbusch-in-pyramidenform-kompostierbar-bio\\\/#primaryimage\"},\"image\":{\"@id\":\"https:\\\/\\\/www.sempertea.eu\\\/de\\\/Produkte\\\/koffeinfreier-rotbusch-in-pyramidenform-kompostierbar-bio\\\/#primaryimage\"},\"thumbnailUrl\":\"https:\\\/\\\/www.sempertea.eu\\\/wp-content\\\/uploads\\\/2024\\\/07\\\/te-piramide-al-por-mayor-sin-plastico-organico-rooibos-semper-tea.jpg\",\"datePublished\":\"2024-07-18T20:52:09+00:00\",\"dateModified\":\"2024-07-18T21:02:50+00:00\",\"description\":\"Sanftheit von koffeinfreiem Rooibos ist unvergesslich, praktisch verpackt in einem Pyramidenbeutel. Nat\u00fcrlicher und nachhaltiger Geschmack.\",\"breadcrumb\":{\"@id\":\"https:\\\/\\\/www.sempertea.eu\\\/de\\\/Produkte\\\/koffeinfreier-rotbusch-in-pyramidenform-kompostierbar-bio\\\/#breadcrumb\"},\"inLanguage\":\"de\",\"potentialAction\":[{\"@type\":\"ReadAction\",\"target\":[\"https:\\\/\\\/www.sempertea.eu\\\/de\\\/Produkte\\\/koffeinfreier-rotbusch-in-pyramidenform-kompostierbar-bio\\\/\"]}]},{\"@type\":\"ImageObject\",\"inLanguage\":\"de\",\"@id\":\"https:\\\/\\\/www.sempertea.eu\\\/de\\\/Produkte\\\/koffeinfreier-rotbusch-in-pyramidenform-kompostierbar-bio\\\/#primaryimage\",\"url\":\"https:\\\/\\\/www.sempertea.eu\\\/wp-content\\\/uploads\\\/2024\\\/07\\\/te-piramide-al-por-mayor-sin-plastico-organico-rooibos-semper-tea.jpg\",\"contentUrl\":\"https:\\\/\\\/www.sempertea.eu\\\/wp-content\\\/uploads\\\/2024\\\/07\\\/te-piramide-al-por-mayor-sin-plastico-organico-rooibos-semper-tea.jpg\",\"width\":1000,\"height\":1000,\"caption\":\"te piramide al por mayor sin plastico organico semper tea\"},{\"@type\":\"BreadcrumbList\",\"@id\":\"https:\\\/\\\/www.sempertea.eu\\\/de\\\/Produkte\\\/koffeinfreier-rotbusch-in-pyramidenform-kompostierbar-bio\\\/#breadcrumb\",\"itemListElement\":[{\"@type\":\"ListItem\",\"position\":1,\"name\":\"Portada\",\"item\":\"https:\\\/\\\/www.sempertea.eu\\\/de\\\/\"},{\"@type\":\"ListItem\",\"position\":2,\"name\":\"Shop\",\"item\":\"https:\\\/\\\/www.sempertea.eu\\\/de\\\/shop\\\/\"},{\"@type\":\"ListItem\",\"position\":3,\"name\":\"ROOIBOS lose Pyramiden | Rotbuschtee\"}]},{\"@type\":\"WebSite\",\"@id\":\"https:\\\/\\\/www.sempertea.eu\\\/#website\",\"url\":\"https:\\\/\\\/www.sempertea.eu\\\/\",\"name\":\"Semper Tea | Mayorista y fabricante de T\u00e9s e Infusiones para hoteles, restaurantes y bares\",\"description\":\"T\u00e9s e infusiones para hosteler\u00eda, hoteler\u00eda y comercio\",\"potentialAction\":[{\"@type\":\"SearchAction\",\"target\":{\"@type\":\"EntryPoint\",\"urlTemplate\":\"https:\\\/\\\/www.sempertea.eu\\\/?s={search_term_string}\"},\"query-input\":{\"@type\":\"PropertyValueSpecification\",\"valueRequired\":true,\"valueName\":\"search_term_string\"}}],\"inLanguage\":\"de\"}]}<\/script>\n<!-- \/ Yoast SEO Premium plugin. -->","yoast_head_json":{"title":"Koffeinfreier Rooibos in Pyramidenform | Kompostierbar und BIO","description":"Sanftheit von koffeinfreiem Rooibos ist unvergesslich, praktisch verpackt in einem Pyramidenbeutel. Nat\u00fcrlicher und nachhaltiger Geschmack.","robots":{"index":"index","follow":"follow","max-snippet":"max-snippet:-1","max-image-preview":"max-image-preview:large","max-video-preview":"max-video-preview:-1"},"canonical":"https:\/\/www.sempertea.eu\/de\/Produkte\/koffeinfreier-rotbusch-in-pyramidenform-kompostierbar-bio\/","og_locale":"de_DE","og_type":"article","og_title":"ROOIBOS lose Pyramiden | Rotbuschtee","og_description":"Sanftheit von koffeinfreiem Rooibos ist unvergesslich, praktisch verpackt in einem Pyramidenbeutel. Nat\u00fcrlicher und nachhaltiger Geschmack.","og_url":"https:\/\/www.sempertea.eu\/de\/Produkte\/koffeinfreier-rotbusch-in-pyramidenform-kompostierbar-bio\/","og_site_name":"Semper Tea | Mayorista y fabricante de T\u00e9s e Infusiones para hoteles, restaurantes y bares","article_modified_time":"2024-07-18T21:02:50+00:00","og_image":[{"width":1000,"height":1000,"url":"https:\/\/www.sempertea.eu\/wp-content\/uploads\/2024\/07\/te-piramide-al-por-mayor-sin-plastico-organico-rooibos-semper-tea.jpg","type":"image\/jpeg"}],"twitter_card":"summary_large_image","schema":{"@context":"https:\/\/schema.org","@graph":[{"@type":"WebPage","@id":"https:\/\/www.sempertea.eu\/de\/Produkte\/koffeinfreier-rotbusch-in-pyramidenform-kompostierbar-bio\/","url":"https:\/\/www.sempertea.eu\/de\/Produkte\/koffeinfreier-rotbusch-in-pyramidenform-kompostierbar-bio\/","name":"Koffeinfreier Rooibos in Pyramidenform | Kompostierbar und BIO","isPartOf":{"@id":"https:\/\/www.sempertea.eu\/#website"},"primaryImageOfPage":{"@id":"https:\/\/www.sempertea.eu\/de\/Produkte\/koffeinfreier-rotbusch-in-pyramidenform-kompostierbar-bio\/#primaryimage"},"image":{"@id":"https:\/\/www.sempertea.eu\/de\/Produkte\/koffeinfreier-rotbusch-in-pyramidenform-kompostierbar-bio\/#primaryimage"},"thumbnailUrl":"https:\/\/www.sempertea.eu\/wp-content\/uploads\/2024\/07\/te-piramide-al-por-mayor-sin-plastico-organico-rooibos-semper-tea.jpg","datePublished":"2024-07-18T20:52:09+00:00","dateModified":"2024-07-18T21:02:50+00:00","description":"Sanftheit von koffeinfreiem Rooibos ist unvergesslich, praktisch verpackt in einem Pyramidenbeutel. Nat\u00fcrlicher und nachhaltiger Geschmack.","breadcrumb":{"@id":"https:\/\/www.sempertea.eu\/de\/Produkte\/koffeinfreier-rotbusch-in-pyramidenform-kompostierbar-bio\/#breadcrumb"},"inLanguage":"de","potentialAction":[{"@type":"ReadAction","target":["https:\/\/www.sempertea.eu\/de\/Produkte\/koffeinfreier-rotbusch-in-pyramidenform-kompostierbar-bio\/"]}]},{"@type":"ImageObject","inLanguage":"de","@id":"https:\/\/www.sempertea.eu\/de\/Produkte\/koffeinfreier-rotbusch-in-pyramidenform-kompostierbar-bio\/#primaryimage","url":"https:\/\/www.sempertea.eu\/wp-content\/uploads\/2024\/07\/te-piramide-al-por-mayor-sin-plastico-organico-rooibos-semper-tea.jpg","contentUrl":"https:\/\/www.sempertea.eu\/wp-content\/uploads\/2024\/07\/te-piramide-al-por-mayor-sin-plastico-organico-rooibos-semper-tea.jpg","width":1000,"height":1000,"caption":"te piramide al por mayor sin plastico organico semper tea"},{"@type":"BreadcrumbList","@id":"https:\/\/www.sempertea.eu\/de\/Produkte\/koffeinfreier-rotbusch-in-pyramidenform-kompostierbar-bio\/#breadcrumb","itemListElement":[{"@type":"ListItem","position":1,"name":"Portada","item":"https:\/\/www.sempertea.eu\/de\/"},{"@type":"ListItem","position":2,"name":"Shop","item":"https:\/\/www.sempertea.eu\/de\/shop\/"},{"@type":"ListItem","position":3,"name":"ROOIBOS lose Pyramiden | Rotbuschtee"}]},{"@type":"WebSite","@id":"https:\/\/www.sempertea.eu\/#website","url":"https:\/\/www.sempertea.eu\/","name":"Semper Tea | Mayorista y fabricante de T\u00e9s e Infusiones para hoteles, restaurantes y bares","description":"T\u00e9s e infusiones para hosteler\u00eda, hoteler\u00eda y comercio","potentialAction":[{"@type":"SearchAction","target":{"@type":"EntryPoint","urlTemplate":"https:\/\/www.sempertea.eu\/?s={search_term_string}"},"query-input":{"@type":"PropertyValueSpecification","valueRequired":true,"valueName":"search_term_string"}}],"inLanguage":"de"}]}},"_links":{"self":[{"href":"https:\/\/www.sempertea.eu\/de\/wp-json\/wp\/v2\/product\/11334","targetHints":{"allow":["GET"]}}],"collection":[{"href":"https:\/\/www.sempertea.eu\/de\/wp-json\/wp\/v2\/product"}],"about":[{"href":"https:\/\/www.sempertea.eu\/de\/wp-json\/wp\/v2\/types\/product"}],"replies":[{"embeddable":true,"href":"https:\/\/www.sempertea.eu\/de\/wp-json\/wp\/v2\/comments?post=11334"}],"wp:featuredmedia":[{"embeddable":true,"href":"https:\/\/www.sempertea.eu\/de\/wp-json\/wp\/v2\/media\/10681"}],"wp:attachment":[{"href":"https:\/\/www.sempertea.eu\/de\/wp-json\/wp\/v2\/media?parent=11334"}],"wp:term":[{"taxonomy":"product_brand","embeddable":true,"href":"https:\/\/www.sempertea.eu\/de\/wp-json\/wp\/v2\/product_brand?post=11334"},{"taxonomy":"product_cat","embeddable":true,"href":"https:\/\/www.sempertea.eu\/de\/wp-json\/wp\/v2\/product_cat?post=11334"},{"taxonomy":"product_tag","embeddable":true,"href":"https:\/\/www.sempertea.eu\/de\/wp-json\/wp\/v2\/product_tag?post=11334"}],"curies":[{"name":"wp","href":"https:\/\/api.w.org\/{rel}","templated":true}]}}