{"id":11330,"date":"2024-07-10T11:59:46","date_gmt":"2024-07-18T20:09:33","guid":{"rendered":"https:\/\/www.sempertea.eu\/oolong-lose-pyramiden-oolong-tee\/"},"modified":"2024-07-18T21:28:25","modified_gmt":"2024-07-18T20:28:25","slug":"oolong-tee-in-loser-pyramidenform-fuer-gastronomie","status":"publish","type":"product","link":"https:\/\/www.sempertea.eu\/de\/Produkte\/oolong-tee-in-loser-pyramidenform-fuer-gastronomie\/","title":{"rendered":"OOLONG lose Pyramiden | Oolong Tee"},"content":{"rendered":"<h2>Ein Teeerlebnis noch angenehmer, indem Sie pyramidenf\u00f6rmige Teebeutel verwenden \u2013 Plastikfrei!<\/h2>\n<p>Genie\u00dfen Sie unseren einzigartigen Bio-Oolong-Tee in Pyramidenform, der \u00fcber seinen au\u00dfergew\u00f6hnlichen Geschmack hinaus eine Reihe von gesundheitlichen Vorteilen bietet. Von der F\u00f6rderung der Verdauung bis zur Verbesserung der geistigen Sch\u00e4rfe und der Hautgesundheit ist dieser Tee eine ausgezeichnete Wahl zur F\u00f6rderung des Wohlbefindens. Diese reine und ausgewogene Mischung, die jetzt in der Pyramide erh\u00e4ltlich ist, wird Ihre Teezeit bereichern. Erleben Sie das reiche Erbe und den Geschmack des traditionellen chinesischen Oolong-Tees. Genie\u00dfen Sie diesen exquisiten Tee entweder in einer einzelnen Tasse oder in einer gemeinsamen Teekanne.<\/p>\n<p>Entspricht den Verpackungsvorschriften der DIN NORM EN 13432 &#8211; kompostierbar und biologisch abbaubar.<\/p>\n","protected":false},"excerpt":{"rendered":"<p>Chinesischer Oolong-Tee Tradition im losen Pyramiden<\/p>\n<p>Erleben Sie den Reichtum der chinesischen Tradition mit unserem Oolong-Tee in Pyramiden, Teil der Kollektion Lava40. Dieser reine und ausgewogene Aufguss spiegelt die alte Handwerkskunst Chinas in jedem Schluck wider. Tauchen Sie ein in eine Welt voller unverwechselbarer Aromen und k\u00f6stlichem K\u00f6rper, die das Ergebnis sorgf\u00e4ltiger Reifung, Ernte und Verarbeitung sind.<\/p>\n","protected":false},"featured_media":10672,"comment_status":"open","ping_status":"closed","template":"","meta":[],"product_brand":[],"product_cat":[132,114,115,116,110,113,124,128,127,120,108,135],"product_tag":[258],"class_list":{"0":"post-11330","1":"product","2":"type-product","3":"status-publish","4":"has-post-thumbnail","6":"product_cat-tee-ohne-plastik-verpackung-biotees-natur-plastikfrei","7":"product_cat-alle","8":"product_cat-alle-de","9":"product_cat-alle-de-2","10":"product_cat-biologisch-abbaubare-pyramide-teebeutel-biotee-kompostierbar","11":"product_cat-biotees-sortiment-online-kaufen","12":"product_cat-teesortiment-formate-packaging-attraktiv-biotees-verpackung","13":"product_cat-teebeutel-ohne-mikroplastik-plastikfreie-teepyramiden","14":"product_cat-loser-tee-im-papier-beutel-biotee-in-der-tute-nachhaltig","15":"product_cat-bio-oolong-tee-abbaubare-pyramide-beutel","16":"product_cat-sortiment-tee-packaging-verpackung-attraktiv-biotees-design","17":"product_cat-uncategorized-de","18":"product_tag-lava40-de","20":"first","21":"instock","22":"shipping-taxable","23":"purchasable","24":"product-type-variable"},"yoast_head":"<!-- This site is optimized with the Yoast SEO Premium plugin v27.3 (Yoast SEO v27.3) - https:\/\/yoast.com\/product\/yoast-seo-premium-wordpress\/ -->\n<title>Oolong-Tee in loser Pyramidenform f\u00fcr die Gastronomie<\/title>\n<meta name=\"description\" content=\"F\u00fcr die Gastronomie: au\u00dfergew\u00f6hnlicher Geschmack und gesundheitliche Vorteile, f\u00fcr die Verdauung bis zur geistigen Leistungsf\u00e4higkeit\" \/>\n<meta name=\"robots\" content=\"index, follow, max-snippet:-1, max-image-preview:large, max-video-preview:-1\" \/>\n<link rel=\"canonical\" href=\"https:\/\/www.sempertea.eu\/de\/Produkte\/oolong-tee-in-loser-pyramidenform-fuer-gastronomie\/\" \/>\n<meta property=\"og:locale\" content=\"de_DE\" \/>\n<meta property=\"og:type\" content=\"article\" \/>\n<meta property=\"og:title\" content=\"OOLONG lose Pyramiden | Oolong Tee\" \/>\n<meta property=\"og:description\" content=\"F\u00fcr die Gastronomie: au\u00dfergew\u00f6hnlicher Geschmack und gesundheitliche Vorteile, f\u00fcr die Verdauung bis zur geistigen Leistungsf\u00e4higkeit\" \/>\n<meta property=\"og:url\" content=\"https:\/\/www.sempertea.eu\/de\/Produkte\/oolong-tee-in-loser-pyramidenform-fuer-gastronomie\/\" \/>\n<meta property=\"og:site_name\" content=\"Semper Tea | Mayorista y fabricante de T\u00e9s e Infusiones para hoteles, restaurantes y bares\" \/>\n<meta property=\"article:modified_time\" content=\"2024-07-18T20:28:25+00:00\" \/>\n<meta property=\"og:image\" content=\"https:\/\/www.sempertea.eu\/wp-content\/uploads\/2024\/07\/te-en-piramide-al-por-mayor-oolong-semper-tea.jpg\" \/>\n\t<meta property=\"og:image:width\" content=\"1000\" \/>\n\t<meta property=\"og:image:height\" content=\"1000\" \/>\n\t<meta property=\"og:image:type\" content=\"image\/jpeg\" \/>\n<meta name=\"twitter:card\" content=\"summary_large_image\" \/>\n<meta name=\"twitter:label1\" content=\"Gesch\u00e4tzte Lesezeit\" \/>\n\t<meta name=\"twitter:data1\" content=\"1\u00a0Minute\" \/>\n<script type=\"application\/ld+json\" class=\"yoast-schema-graph\">{\"@context\":\"https:\\\/\\\/schema.org\",\"@graph\":[{\"@type\":\"WebPage\",\"@id\":\"https:\\\/\\\/www.sempertea.eu\\\/de\\\/Produkte\\\/oolong-tee-in-loser-pyramidenform-fuer-gastronomie\\\/\",\"url\":\"https:\\\/\\\/www.sempertea.eu\\\/de\\\/Produkte\\\/oolong-tee-in-loser-pyramidenform-fuer-gastronomie\\\/\",\"name\":\"Oolong-Tee in loser Pyramidenform f\u00fcr die Gastronomie\",\"isPartOf\":{\"@id\":\"https:\\\/\\\/www.sempertea.eu\\\/#website\"},\"primaryImageOfPage\":{\"@id\":\"https:\\\/\\\/www.sempertea.eu\\\/de\\\/Produkte\\\/oolong-tee-in-loser-pyramidenform-fuer-gastronomie\\\/#primaryimage\"},\"image\":{\"@id\":\"https:\\\/\\\/www.sempertea.eu\\\/de\\\/Produkte\\\/oolong-tee-in-loser-pyramidenform-fuer-gastronomie\\\/#primaryimage\"},\"thumbnailUrl\":\"https:\\\/\\\/www.sempertea.eu\\\/wp-content\\\/uploads\\\/2024\\\/07\\\/te-en-piramide-al-por-mayor-oolong-semper-tea.jpg\",\"datePublished\":\"2024-07-18T20:09:33+00:00\",\"dateModified\":\"2024-07-18T20:28:25+00:00\",\"description\":\"F\u00fcr die Gastronomie: au\u00dfergew\u00f6hnlicher Geschmack und gesundheitliche Vorteile, f\u00fcr die Verdauung bis zur geistigen Leistungsf\u00e4higkeit\",\"breadcrumb\":{\"@id\":\"https:\\\/\\\/www.sempertea.eu\\\/de\\\/Produkte\\\/oolong-tee-in-loser-pyramidenform-fuer-gastronomie\\\/#breadcrumb\"},\"inLanguage\":\"de\",\"potentialAction\":[{\"@type\":\"ReadAction\",\"target\":[\"https:\\\/\\\/www.sempertea.eu\\\/de\\\/Produkte\\\/oolong-tee-in-loser-pyramidenform-fuer-gastronomie\\\/\"]}]},{\"@type\":\"ImageObject\",\"inLanguage\":\"de\",\"@id\":\"https:\\\/\\\/www.sempertea.eu\\\/de\\\/Produkte\\\/oolong-tee-in-loser-pyramidenform-fuer-gastronomie\\\/#primaryimage\",\"url\":\"https:\\\/\\\/www.sempertea.eu\\\/wp-content\\\/uploads\\\/2024\\\/07\\\/te-en-piramide-al-por-mayor-oolong-semper-tea.jpg\",\"contentUrl\":\"https:\\\/\\\/www.sempertea.eu\\\/wp-content\\\/uploads\\\/2024\\\/07\\\/te-en-piramide-al-por-mayor-oolong-semper-tea.jpg\",\"width\":1000,\"height\":1000,\"caption\":\"te en piramide al por mayor oolong semper tea\"},{\"@type\":\"BreadcrumbList\",\"@id\":\"https:\\\/\\\/www.sempertea.eu\\\/de\\\/Produkte\\\/oolong-tee-in-loser-pyramidenform-fuer-gastronomie\\\/#breadcrumb\",\"itemListElement\":[{\"@type\":\"ListItem\",\"position\":1,\"name\":\"Portada\",\"item\":\"https:\\\/\\\/www.sempertea.eu\\\/de\\\/\"},{\"@type\":\"ListItem\",\"position\":2,\"name\":\"Shop\",\"item\":\"https:\\\/\\\/www.sempertea.eu\\\/de\\\/shop\\\/\"},{\"@type\":\"ListItem\",\"position\":3,\"name\":\"OOLONG lose Pyramiden | Oolong Tee\"}]},{\"@type\":\"WebSite\",\"@id\":\"https:\\\/\\\/www.sempertea.eu\\\/#website\",\"url\":\"https:\\\/\\\/www.sempertea.eu\\\/\",\"name\":\"Semper Tea | Mayorista y fabricante de T\u00e9s e Infusiones para hoteles, restaurantes y bares\",\"description\":\"T\u00e9s e infusiones para hosteler\u00eda, hoteler\u00eda y comercio\",\"potentialAction\":[{\"@type\":\"SearchAction\",\"target\":{\"@type\":\"EntryPoint\",\"urlTemplate\":\"https:\\\/\\\/www.sempertea.eu\\\/?s={search_term_string}\"},\"query-input\":{\"@type\":\"PropertyValueSpecification\",\"valueRequired\":true,\"valueName\":\"search_term_string\"}}],\"inLanguage\":\"de\"}]}<\/script>\n<!-- \/ Yoast SEO Premium plugin. -->","yoast_head_json":{"title":"Oolong-Tee in loser Pyramidenform f\u00fcr die Gastronomie","description":"F\u00fcr die Gastronomie: au\u00dfergew\u00f6hnlicher Geschmack und gesundheitliche Vorteile, f\u00fcr die Verdauung bis zur geistigen Leistungsf\u00e4higkeit","robots":{"index":"index","follow":"follow","max-snippet":"max-snippet:-1","max-image-preview":"max-image-preview:large","max-video-preview":"max-video-preview:-1"},"canonical":"https:\/\/www.sempertea.eu\/de\/Produkte\/oolong-tee-in-loser-pyramidenform-fuer-gastronomie\/","og_locale":"de_DE","og_type":"article","og_title":"OOLONG lose Pyramiden | Oolong Tee","og_description":"F\u00fcr die Gastronomie: au\u00dfergew\u00f6hnlicher Geschmack und gesundheitliche Vorteile, f\u00fcr die Verdauung bis zur geistigen Leistungsf\u00e4higkeit","og_url":"https:\/\/www.sempertea.eu\/de\/Produkte\/oolong-tee-in-loser-pyramidenform-fuer-gastronomie\/","og_site_name":"Semper Tea | Mayorista y fabricante de T\u00e9s e Infusiones para hoteles, restaurantes y bares","article_modified_time":"2024-07-18T20:28:25+00:00","og_image":[{"width":1000,"height":1000,"url":"https:\/\/www.sempertea.eu\/wp-content\/uploads\/2024\/07\/te-en-piramide-al-por-mayor-oolong-semper-tea.jpg","type":"image\/jpeg"}],"twitter_card":"summary_large_image","twitter_misc":{"Gesch\u00e4tzte Lesezeit":"1\u00a0Minute"},"schema":{"@context":"https:\/\/schema.org","@graph":[{"@type":"WebPage","@id":"https:\/\/www.sempertea.eu\/de\/Produkte\/oolong-tee-in-loser-pyramidenform-fuer-gastronomie\/","url":"https:\/\/www.sempertea.eu\/de\/Produkte\/oolong-tee-in-loser-pyramidenform-fuer-gastronomie\/","name":"Oolong-Tee in loser Pyramidenform f\u00fcr die Gastronomie","isPartOf":{"@id":"https:\/\/www.sempertea.eu\/#website"},"primaryImageOfPage":{"@id":"https:\/\/www.sempertea.eu\/de\/Produkte\/oolong-tee-in-loser-pyramidenform-fuer-gastronomie\/#primaryimage"},"image":{"@id":"https:\/\/www.sempertea.eu\/de\/Produkte\/oolong-tee-in-loser-pyramidenform-fuer-gastronomie\/#primaryimage"},"thumbnailUrl":"https:\/\/www.sempertea.eu\/wp-content\/uploads\/2024\/07\/te-en-piramide-al-por-mayor-oolong-semper-tea.jpg","datePublished":"2024-07-18T20:09:33+00:00","dateModified":"2024-07-18T20:28:25+00:00","description":"F\u00fcr die Gastronomie: au\u00dfergew\u00f6hnlicher Geschmack und gesundheitliche Vorteile, f\u00fcr die Verdauung bis zur geistigen Leistungsf\u00e4higkeit","breadcrumb":{"@id":"https:\/\/www.sempertea.eu\/de\/Produkte\/oolong-tee-in-loser-pyramidenform-fuer-gastronomie\/#breadcrumb"},"inLanguage":"de","potentialAction":[{"@type":"ReadAction","target":["https:\/\/www.sempertea.eu\/de\/Produkte\/oolong-tee-in-loser-pyramidenform-fuer-gastronomie\/"]}]},{"@type":"ImageObject","inLanguage":"de","@id":"https:\/\/www.sempertea.eu\/de\/Produkte\/oolong-tee-in-loser-pyramidenform-fuer-gastronomie\/#primaryimage","url":"https:\/\/www.sempertea.eu\/wp-content\/uploads\/2024\/07\/te-en-piramide-al-por-mayor-oolong-semper-tea.jpg","contentUrl":"https:\/\/www.sempertea.eu\/wp-content\/uploads\/2024\/07\/te-en-piramide-al-por-mayor-oolong-semper-tea.jpg","width":1000,"height":1000,"caption":"te en piramide al por mayor oolong semper tea"},{"@type":"BreadcrumbList","@id":"https:\/\/www.sempertea.eu\/de\/Produkte\/oolong-tee-in-loser-pyramidenform-fuer-gastronomie\/#breadcrumb","itemListElement":[{"@type":"ListItem","position":1,"name":"Portada","item":"https:\/\/www.sempertea.eu\/de\/"},{"@type":"ListItem","position":2,"name":"Shop","item":"https:\/\/www.sempertea.eu\/de\/shop\/"},{"@type":"ListItem","position":3,"name":"OOLONG lose Pyramiden | Oolong Tee"}]},{"@type":"WebSite","@id":"https:\/\/www.sempertea.eu\/#website","url":"https:\/\/www.sempertea.eu\/","name":"Semper Tea | Mayorista y fabricante de T\u00e9s e Infusiones para hoteles, restaurantes y bares","description":"T\u00e9s e infusiones para hosteler\u00eda, hoteler\u00eda y comercio","potentialAction":[{"@type":"SearchAction","target":{"@type":"EntryPoint","urlTemplate":"https:\/\/www.sempertea.eu\/?s={search_term_string}"},"query-input":{"@type":"PropertyValueSpecification","valueRequired":true,"valueName":"search_term_string"}}],"inLanguage":"de"}]}},"_links":{"self":[{"href":"https:\/\/www.sempertea.eu\/de\/wp-json\/wp\/v2\/product\/11330","targetHints":{"allow":["GET"]}}],"collection":[{"href":"https:\/\/www.sempertea.eu\/de\/wp-json\/wp\/v2\/product"}],"about":[{"href":"https:\/\/www.sempertea.eu\/de\/wp-json\/wp\/v2\/types\/product"}],"replies":[{"embeddable":true,"href":"https:\/\/www.sempertea.eu\/de\/wp-json\/wp\/v2\/comments?post=11330"}],"wp:featuredmedia":[{"embeddable":true,"href":"https:\/\/www.sempertea.eu\/de\/wp-json\/wp\/v2\/media\/10672"}],"wp:attachment":[{"href":"https:\/\/www.sempertea.eu\/de\/wp-json\/wp\/v2\/media?parent=11330"}],"wp:term":[{"taxonomy":"product_brand","embeddable":true,"href":"https:\/\/www.sempertea.eu\/de\/wp-json\/wp\/v2\/product_brand?post=11330"},{"taxonomy":"product_cat","embeddable":true,"href":"https:\/\/www.sempertea.eu\/de\/wp-json\/wp\/v2\/product_cat?post=11330"},{"taxonomy":"product_tag","embeddable":true,"href":"https:\/\/www.sempertea.eu\/de\/wp-json\/wp\/v2\/product_tag?post=11330"}],"curies":[{"name":"wp","href":"https:\/\/api.w.org\/{rel}","templated":true}]}}