{"id":11323,"date":"2024-07-10T18:49:19","date_gmt":"2024-07-18T18:25:04","guid":{"rendered":"https:\/\/www.sempertea.eu\/green-lose-pyramiden-gruener-tee\/"},"modified":"2024-07-18T19:49:29","modified_gmt":"2024-07-18T18:49:29","slug":"pyramiden-gruener-biotee-verpackung-biologisch-abbaubau","status":"publish","type":"product","link":"https:\/\/www.sempertea.eu\/de\/Produkte\/pyramiden-gruener-biotee-verpackung-biologisch-abbaubau\/","title":{"rendered":"GREEN lose Pyramiden | Gr\u00fcner Tee"},"content":{"rendered":"<h2>Elegant und belebend: Reiner gr\u00fcner Tee<\/h2>\n<p>Die Frische und Vitalit\u00e4t des gr\u00fcnen Tees mit unserem Pyramidenangebot, das zur Tee Linie Lava40 geh\u00f6rt. Dieser Tee erinnert an die Meeresbrise und den Duft von nassem Gras, mit einem zarten und frischen Geschmack. Entdecken Sie in diesem reinen Naturprodukt eine wahre Quelle der Anregung und der Antioxidantien.<\/p>\n<p>Dar\u00fcber hinaus liefert jede hei\u00dfe Tasse <strong>Gr\u00fcntee eine F\u00fclle von Vitaminen C<\/strong>, E und Provitamin A sowie eine Aminos\u00e4ureverbindung, die zum Stressabbau und zur Entspannung beitragen kann. Mit seiner anregenden Wirkung h\u00e4lt gr\u00fcner Tee Sie den ganzen Tag \u00fcber aktiv und bietet eine weniger intensive Alternative zu Koffein.<\/p>\n<p>Ein belebendes und das Wohlbefinden f\u00f6rderndes Erlebnis in praktischen, pyramidenf\u00f6rmigen Portionsbeuteln.<\/p>\n<p>Teelinie Lava40 entspricht der Verpackungsvorschrift DIN EN 13432 und garantiert, dass es kompostierbar und biologisch unbedenklich ist. W\u00e4hlen Sie eine nachhaltige und umweltfreundliche Option.<\/p>\n","protected":false},"excerpt":{"rendered":"<p><strong>Das authentische Gr\u00fcntee-Erlebnis mit ganzen Bl\u00e4ttern<\/strong><\/p>\n<p>Wir pr\u00e4sentieren Ihnen auf nat\u00fcrliche Art und Weise unseren Gr\u00fcntee mit ganzem Blatt und losem Blatt, perfekt f\u00fcr die anspruchsvollsten Teekenner. Genie\u00dfen Sie nat\u00fcrliche Aromen und Geschmacksrichtungen &#8211; ein wahres Tee-Ritual.<\/p>\n","protected":false},"featured_media":10663,"comment_status":"open","ping_status":"closed","template":"","meta":[],"product_brand":[],"product_cat":[132,114,115,116,110,113,124,119,128,127,108,135],"product_tag":[258],"class_list":{"0":"post-11323","1":"product","2":"type-product","3":"status-publish","4":"has-post-thumbnail","6":"product_cat-tee-ohne-plastik-verpackung-biotees-natur-plastikfrei","7":"product_cat-alle","8":"product_cat-alle-de","9":"product_cat-alle-de-2","10":"product_cat-biologisch-abbaubare-pyramide-teebeutel-biotee-kompostierbar","11":"product_cat-biotees-sortiment-online-kaufen","12":"product_cat-teesortiment-formate-packaging-attraktiv-biotees-verpackung","13":"product_cat-grunen-tee-bio-online-bestellen-lose-teubeutel","14":"product_cat-teebeutel-ohne-mikroplastik-plastikfreie-teepyramiden","15":"product_cat-loser-tee-im-papier-beutel-biotee-in-der-tute-nachhaltig","16":"product_cat-sortiment-tee-packaging-verpackung-attraktiv-biotees-design","17":"product_cat-uncategorized-de","18":"product_tag-lava40-de","20":"first","21":"instock","22":"shipping-taxable","23":"purchasable","24":"product-type-variable"},"yoast_head":"<!-- This site is optimized with the Yoast SEO Premium plugin v27.3 (Yoast SEO v27.4) - https:\/\/yoast.com\/product\/yoast-seo-premium-wordpress\/ -->\n<title>Gr\u00fcner BIOTee | Frische Vitalit\u00e4t | Verpackung biologisch abbaubar<\/title>\n<meta name=\"description\" content=\"Frischer Gr\u00fcner Tee in Pyramidenbeuteln, BioTee, reich an Antioxidantien und Vitaminen. Kompostierbare und biologisch abbaubare Verpackung.\" \/>\n<meta name=\"robots\" content=\"index, follow, max-snippet:-1, max-image-preview:large, max-video-preview:-1\" \/>\n<link rel=\"canonical\" href=\"https:\/\/www.sempertea.eu\/de\/Produkte\/pyramiden-gruener-biotee-verpackung-biologisch-abbaubau\/\" \/>\n<meta property=\"og:locale\" content=\"de_DE\" \/>\n<meta property=\"og:type\" content=\"article\" \/>\n<meta property=\"og:title\" content=\"GREEN lose Pyramiden | Gr\u00fcner Tee\" \/>\n<meta property=\"og:description\" content=\"Frischer Gr\u00fcner Tee in Pyramidenbeuteln, BioTee, reich an Antioxidantien und Vitaminen. Kompostierbare und biologisch abbaubare Verpackung.\" \/>\n<meta property=\"og:url\" content=\"https:\/\/www.sempertea.eu\/de\/Produkte\/pyramiden-gruener-biotee-verpackung-biologisch-abbaubau\/\" \/>\n<meta property=\"og:site_name\" content=\"Semper Tea | Mayorista y fabricante de T\u00e9s e Infusiones para hoteles, restaurantes y bares\" \/>\n<meta property=\"article:modified_time\" content=\"2024-07-18T18:49:29+00:00\" \/>\n<meta property=\"og:image\" content=\"https:\/\/www.sempertea.eu\/wp-content\/uploads\/2024\/07\/piramide-de-te-verde-al-por-mayor-ecologico-semper-tea.jpg\" \/>\n\t<meta property=\"og:image:width\" content=\"1000\" \/>\n\t<meta property=\"og:image:height\" content=\"1000\" \/>\n\t<meta property=\"og:image:type\" content=\"image\/jpeg\" \/>\n<meta name=\"twitter:card\" content=\"summary_large_image\" \/>\n<meta name=\"twitter:label1\" content=\"Gesch\u00e4tzte Lesezeit\" \/>\n\t<meta name=\"twitter:data1\" content=\"1\u00a0Minute\" \/>\n<script type=\"application\/ld+json\" class=\"yoast-schema-graph\">{\"@context\":\"https:\\\/\\\/schema.org\",\"@graph\":[{\"@type\":\"WebPage\",\"@id\":\"https:\\\/\\\/www.sempertea.eu\\\/de\\\/Produkte\\\/pyramiden-gruener-biotee-verpackung-biologisch-abbaubau\\\/\",\"url\":\"https:\\\/\\\/www.sempertea.eu\\\/de\\\/Produkte\\\/pyramiden-gruener-biotee-verpackung-biologisch-abbaubau\\\/\",\"name\":\"Gr\u00fcner BIOTee | Frische Vitalit\u00e4t | Verpackung biologisch abbaubar\",\"isPartOf\":{\"@id\":\"https:\\\/\\\/www.sempertea.eu\\\/#website\"},\"primaryImageOfPage\":{\"@id\":\"https:\\\/\\\/www.sempertea.eu\\\/de\\\/Produkte\\\/pyramiden-gruener-biotee-verpackung-biologisch-abbaubau\\\/#primaryimage\"},\"image\":{\"@id\":\"https:\\\/\\\/www.sempertea.eu\\\/de\\\/Produkte\\\/pyramiden-gruener-biotee-verpackung-biologisch-abbaubau\\\/#primaryimage\"},\"thumbnailUrl\":\"https:\\\/\\\/www.sempertea.eu\\\/wp-content\\\/uploads\\\/2024\\\/07\\\/piramide-de-te-verde-al-por-mayor-ecologico-semper-tea.jpg\",\"datePublished\":\"2024-07-18T18:25:04+00:00\",\"dateModified\":\"2024-07-18T18:49:29+00:00\",\"description\":\"Frischer Gr\u00fcner Tee in Pyramidenbeuteln, BioTee, reich an Antioxidantien und Vitaminen. Kompostierbare und biologisch abbaubare Verpackung.\",\"breadcrumb\":{\"@id\":\"https:\\\/\\\/www.sempertea.eu\\\/de\\\/Produkte\\\/pyramiden-gruener-biotee-verpackung-biologisch-abbaubau\\\/#breadcrumb\"},\"inLanguage\":\"de\",\"potentialAction\":[{\"@type\":\"ReadAction\",\"target\":[\"https:\\\/\\\/www.sempertea.eu\\\/de\\\/Produkte\\\/pyramiden-gruener-biotee-verpackung-biologisch-abbaubau\\\/\"]}]},{\"@type\":\"ImageObject\",\"inLanguage\":\"de\",\"@id\":\"https:\\\/\\\/www.sempertea.eu\\\/de\\\/Produkte\\\/pyramiden-gruener-biotee-verpackung-biologisch-abbaubau\\\/#primaryimage\",\"url\":\"https:\\\/\\\/www.sempertea.eu\\\/wp-content\\\/uploads\\\/2024\\\/07\\\/piramide-de-te-verde-al-por-mayor-ecologico-semper-tea.jpg\",\"contentUrl\":\"https:\\\/\\\/www.sempertea.eu\\\/wp-content\\\/uploads\\\/2024\\\/07\\\/piramide-de-te-verde-al-por-mayor-ecologico-semper-tea.jpg\",\"width\":1000,\"height\":1000,\"caption\":\"piramide de te verde al por mayor ecologico semper tea\"},{\"@type\":\"BreadcrumbList\",\"@id\":\"https:\\\/\\\/www.sempertea.eu\\\/de\\\/Produkte\\\/pyramiden-gruener-biotee-verpackung-biologisch-abbaubau\\\/#breadcrumb\",\"itemListElement\":[{\"@type\":\"ListItem\",\"position\":1,\"name\":\"Portada\",\"item\":\"https:\\\/\\\/www.sempertea.eu\\\/de\\\/\"},{\"@type\":\"ListItem\",\"position\":2,\"name\":\"Shop\",\"item\":\"https:\\\/\\\/www.sempertea.eu\\\/de\\\/shop\\\/\"},{\"@type\":\"ListItem\",\"position\":3,\"name\":\"GREEN lose Pyramiden | Gr\u00fcner Tee\"}]},{\"@type\":\"WebSite\",\"@id\":\"https:\\\/\\\/www.sempertea.eu\\\/#website\",\"url\":\"https:\\\/\\\/www.sempertea.eu\\\/\",\"name\":\"Semper Tea | Mayorista y fabricante de T\u00e9s e Infusiones para hoteles, restaurantes y bares\",\"description\":\"T\u00e9s e infusiones para hosteler\u00eda, hoteler\u00eda y comercio\",\"potentialAction\":[{\"@type\":\"SearchAction\",\"target\":{\"@type\":\"EntryPoint\",\"urlTemplate\":\"https:\\\/\\\/www.sempertea.eu\\\/?s={search_term_string}\"},\"query-input\":{\"@type\":\"PropertyValueSpecification\",\"valueRequired\":true,\"valueName\":\"search_term_string\"}}],\"inLanguage\":\"de\"}]}<\/script>\n<!-- \/ Yoast SEO Premium plugin. -->","yoast_head_json":{"title":"Gr\u00fcner BIOTee | Frische Vitalit\u00e4t | Verpackung biologisch abbaubar","description":"Frischer Gr\u00fcner Tee in Pyramidenbeuteln, BioTee, reich an Antioxidantien und Vitaminen. Kompostierbare und biologisch abbaubare Verpackung.","robots":{"index":"index","follow":"follow","max-snippet":"max-snippet:-1","max-image-preview":"max-image-preview:large","max-video-preview":"max-video-preview:-1"},"canonical":"https:\/\/www.sempertea.eu\/de\/Produkte\/pyramiden-gruener-biotee-verpackung-biologisch-abbaubau\/","og_locale":"de_DE","og_type":"article","og_title":"GREEN lose Pyramiden | Gr\u00fcner Tee","og_description":"Frischer Gr\u00fcner Tee in Pyramidenbeuteln, BioTee, reich an Antioxidantien und Vitaminen. Kompostierbare und biologisch abbaubare Verpackung.","og_url":"https:\/\/www.sempertea.eu\/de\/Produkte\/pyramiden-gruener-biotee-verpackung-biologisch-abbaubau\/","og_site_name":"Semper Tea | Mayorista y fabricante de T\u00e9s e Infusiones para hoteles, restaurantes y bares","article_modified_time":"2024-07-18T18:49:29+00:00","og_image":[{"width":1000,"height":1000,"url":"https:\/\/www.sempertea.eu\/wp-content\/uploads\/2024\/07\/piramide-de-te-verde-al-por-mayor-ecologico-semper-tea.jpg","type":"image\/jpeg"}],"twitter_card":"summary_large_image","twitter_misc":{"Gesch\u00e4tzte Lesezeit":"1\u00a0Minute"},"schema":{"@context":"https:\/\/schema.org","@graph":[{"@type":"WebPage","@id":"https:\/\/www.sempertea.eu\/de\/Produkte\/pyramiden-gruener-biotee-verpackung-biologisch-abbaubau\/","url":"https:\/\/www.sempertea.eu\/de\/Produkte\/pyramiden-gruener-biotee-verpackung-biologisch-abbaubau\/","name":"Gr\u00fcner BIOTee | Frische Vitalit\u00e4t | Verpackung biologisch abbaubar","isPartOf":{"@id":"https:\/\/www.sempertea.eu\/#website"},"primaryImageOfPage":{"@id":"https:\/\/www.sempertea.eu\/de\/Produkte\/pyramiden-gruener-biotee-verpackung-biologisch-abbaubau\/#primaryimage"},"image":{"@id":"https:\/\/www.sempertea.eu\/de\/Produkte\/pyramiden-gruener-biotee-verpackung-biologisch-abbaubau\/#primaryimage"},"thumbnailUrl":"https:\/\/www.sempertea.eu\/wp-content\/uploads\/2024\/07\/piramide-de-te-verde-al-por-mayor-ecologico-semper-tea.jpg","datePublished":"2024-07-18T18:25:04+00:00","dateModified":"2024-07-18T18:49:29+00:00","description":"Frischer Gr\u00fcner Tee in Pyramidenbeuteln, BioTee, reich an Antioxidantien und Vitaminen. Kompostierbare und biologisch abbaubare Verpackung.","breadcrumb":{"@id":"https:\/\/www.sempertea.eu\/de\/Produkte\/pyramiden-gruener-biotee-verpackung-biologisch-abbaubau\/#breadcrumb"},"inLanguage":"de","potentialAction":[{"@type":"ReadAction","target":["https:\/\/www.sempertea.eu\/de\/Produkte\/pyramiden-gruener-biotee-verpackung-biologisch-abbaubau\/"]}]},{"@type":"ImageObject","inLanguage":"de","@id":"https:\/\/www.sempertea.eu\/de\/Produkte\/pyramiden-gruener-biotee-verpackung-biologisch-abbaubau\/#primaryimage","url":"https:\/\/www.sempertea.eu\/wp-content\/uploads\/2024\/07\/piramide-de-te-verde-al-por-mayor-ecologico-semper-tea.jpg","contentUrl":"https:\/\/www.sempertea.eu\/wp-content\/uploads\/2024\/07\/piramide-de-te-verde-al-por-mayor-ecologico-semper-tea.jpg","width":1000,"height":1000,"caption":"piramide de te verde al por mayor ecologico semper tea"},{"@type":"BreadcrumbList","@id":"https:\/\/www.sempertea.eu\/de\/Produkte\/pyramiden-gruener-biotee-verpackung-biologisch-abbaubau\/#breadcrumb","itemListElement":[{"@type":"ListItem","position":1,"name":"Portada","item":"https:\/\/www.sempertea.eu\/de\/"},{"@type":"ListItem","position":2,"name":"Shop","item":"https:\/\/www.sempertea.eu\/de\/shop\/"},{"@type":"ListItem","position":3,"name":"GREEN lose Pyramiden | Gr\u00fcner Tee"}]},{"@type":"WebSite","@id":"https:\/\/www.sempertea.eu\/#website","url":"https:\/\/www.sempertea.eu\/","name":"Semper Tea | Mayorista y fabricante de T\u00e9s e Infusiones para hoteles, restaurantes y bares","description":"T\u00e9s e infusiones para hosteler\u00eda, hoteler\u00eda y comercio","potentialAction":[{"@type":"SearchAction","target":{"@type":"EntryPoint","urlTemplate":"https:\/\/www.sempertea.eu\/?s={search_term_string}"},"query-input":{"@type":"PropertyValueSpecification","valueRequired":true,"valueName":"search_term_string"}}],"inLanguage":"de"}]}},"_links":{"self":[{"href":"https:\/\/www.sempertea.eu\/de\/wp-json\/wp\/v2\/product\/11323","targetHints":{"allow":["GET"]}}],"collection":[{"href":"https:\/\/www.sempertea.eu\/de\/wp-json\/wp\/v2\/product"}],"about":[{"href":"https:\/\/www.sempertea.eu\/de\/wp-json\/wp\/v2\/types\/product"}],"replies":[{"embeddable":true,"href":"https:\/\/www.sempertea.eu\/de\/wp-json\/wp\/v2\/comments?post=11323"}],"wp:featuredmedia":[{"embeddable":true,"href":"https:\/\/www.sempertea.eu\/de\/wp-json\/wp\/v2\/media\/10663"}],"wp:attachment":[{"href":"https:\/\/www.sempertea.eu\/de\/wp-json\/wp\/v2\/media?parent=11323"}],"wp:term":[{"taxonomy":"product_brand","embeddable":true,"href":"https:\/\/www.sempertea.eu\/de\/wp-json\/wp\/v2\/product_brand?post=11323"},{"taxonomy":"product_cat","embeddable":true,"href":"https:\/\/www.sempertea.eu\/de\/wp-json\/wp\/v2\/product_cat?post=11323"},{"taxonomy":"product_tag","embeddable":true,"href":"https:\/\/www.sempertea.eu\/de\/wp-json\/wp\/v2\/product_tag?post=11323"}],"curies":[{"name":"wp","href":"https:\/\/api.w.org\/{rel}","templated":true}]}}