{"id":11245,"date":"2024-07-10T21:45:49","date_gmt":"2024-07-15T21:41:46","guid":{"rendered":"https:\/\/www.sempertea.eu\/camomile-lose-pyramiden-kamillentee\/"},"modified":"2024-07-18T12:43:17","modified_gmt":"2024-07-18T11:43:17","slug":"kamillentee-lose-pyramiden-umweltfreundliche-verpackung","status":"publish","type":"product","link":"https:\/\/www.sempertea.eu\/de\/Produkte\/kamillentee-lose-pyramiden-umweltfreundliche-verpackung\/","title":{"rendered":"CAMOMILE lose Pyramiden | Kamillentee"},"content":{"rendered":"<h2>Entspannung bei jedem Schluck: Bio-Kamillentee<\/h2>\n<p>Pure Gelassenheit mit unserem Bio-Kamillentee in Pyramiden als Gro\u00dfpackung. Seit der Antike als &#8222;Muttertee&#8220; bekannt, wurde dieser Aufguss von verschiedenen Kulturen als beruhigendes und erholsames Elixier gesch\u00e4tzt. Unsere aus ganzen Bl\u00fcten hergestellte Mischung entfaltet ein zartes Aroma, das zu jeder Tageszeit zur Entspannung einl\u00e4dt. Er ist koffeinfrei und somit die perfekte Wahl f\u00fcr Momente der Ruhe und des Wohlbefindens.<\/p>\n<h3>Aromatische Reinheit, koffeinfrei:<\/h3>\n<p>Unser Bio-Kamillentee ist ein Ausdruck des Nat\u00fcrlichen und Echten. Zertifiziert durch das EU-Bio-Siegel, stammt er aus kontrolliert biologischem Anbau, frei von chemischen Zus\u00e4tzen. Mit jedem Schluck k\u00f6nnen Ihre G\u00e4ste die unverf\u00e4lschte Essenz der Kamille genie\u00dfen, ohne Ablenkungen oder Kompromisse.<\/p>\n<p>Mit unseren praktischen Pyramidenbeuteln k\u00f6nnen Sie diesen exquisiten Tee jederzeit problemlos genie\u00dfen. Die Teelinie Lava40 entspricht der <strong>Norm UNE EN 13432 und ist somit biologisch abbaubar und kompostierbar.<\/strong> Entscheiden Sie sich f\u00fcr eine nachhaltige und umweltfreundliche Wahl.<\/p>\n","protected":false},"excerpt":{"rendered":"<p><strong>Kamille in biologisch abbaubaren, pyramidenf\u00f6rmigen Beuteln: umweltfreundlich und entspannend<\/strong><\/p>\n<p>Der wohltuende und beruhigende Charme der umweltfreundlichen Kamille, sorgf\u00e4ltig pr\u00e4sentiert in biologisch abbaubaren, pyramidenf\u00f6rmigen Beuteln. Im Herzen eines jeden Beutels entfaltet die \u00e4gyptische Kamille ihr zartes Aroma und l\u00e4dt Sie ein, zu jeder Tageszeit Momente der Ruhe und Gelassenheit zu genie\u00dfen.<\/p>\n","protected":false},"featured_media":10651,"comment_status":"open","ping_status":"closed","template":"","meta":[],"product_brand":[],"product_cat":[132,114,115,116,110,113,124,112,128,127,108,135],"product_tag":[258],"class_list":{"0":"post-11245","1":"product","2":"type-product","3":"status-publish","4":"has-post-thumbnail","6":"product_cat-tee-ohne-plastik-verpackung-biotees-natur-plastikfrei","7":"product_cat-alle","8":"product_cat-alle-de","9":"product_cat-alle-de-2","10":"product_cat-biologisch-abbaubare-pyramide-teebeutel-biotee-kompostierbar","11":"product_cat-biotees-sortiment-online-kaufen","12":"product_cat-teesortiment-formate-packaging-attraktiv-biotees-verpackung","13":"product_cat-krautertees-bio-teemischungen-herbal-ohne-koffein","14":"product_cat-teebeutel-ohne-mikroplastik-plastikfreie-teepyramiden","15":"product_cat-loser-tee-im-papier-beutel-biotee-in-der-tute-nachhaltig","16":"product_cat-sortiment-tee-packaging-verpackung-attraktiv-biotees-design","17":"product_cat-uncategorized-de","18":"product_tag-lava40-de","20":"first","21":"instock","22":"shipping-taxable","23":"purchasable","24":"product-type-variable"},"yoast_head":"<!-- This site is optimized with the Yoast SEO Premium plugin v27.3 (Yoast SEO v27.3) - https:\/\/yoast.com\/product\/yoast-seo-premium-wordpress\/ -->\n<title>Entspannen Sie sich mit Bio-Kamillentee | Umweltfreundliche Verpackung<\/title>\n<meta name=\"description\" content=\"Entspannen Sie sich mit Bio-Kamillentee in Pyramidenform. \u00d6kologisch, koffeinfrei und biologisch abbaubar f\u00fcr Momente der Ruhe.\" \/>\n<meta name=\"robots\" content=\"index, follow, max-snippet:-1, max-image-preview:large, max-video-preview:-1\" \/>\n<link rel=\"canonical\" href=\"https:\/\/www.sempertea.eu\/de\/Produkte\/kamillentee-lose-pyramiden-umweltfreundliche-verpackung\/\" \/>\n<meta property=\"og:locale\" content=\"de_DE\" \/>\n<meta property=\"og:type\" content=\"article\" \/>\n<meta property=\"og:title\" content=\"CAMOMILE lose Pyramiden | Kamillentee\" \/>\n<meta property=\"og:description\" content=\"Entspannen Sie sich mit Bio-Kamillentee in Pyramidenform. \u00d6kologisch, koffeinfrei und biologisch abbaubar f\u00fcr Momente der Ruhe.\" \/>\n<meta property=\"og:url\" content=\"https:\/\/www.sempertea.eu\/de\/Produkte\/kamillentee-lose-pyramiden-umweltfreundliche-verpackung\/\" \/>\n<meta property=\"og:site_name\" content=\"Semper Tea | Mayorista y fabricante de T\u00e9s e Infusiones para hoteles, restaurantes y bares\" \/>\n<meta property=\"article:modified_time\" content=\"2024-07-18T11:43:17+00:00\" \/>\n<meta property=\"og:image\" content=\"https:\/\/www.sempertea.eu\/wp-content\/uploads\/2024\/07\/infusion-piramide-al-por-mayor-manzanilla-organic-semper-tea.jpg\" \/>\n\t<meta property=\"og:image:width\" content=\"1000\" \/>\n\t<meta property=\"og:image:height\" content=\"1000\" \/>\n\t<meta property=\"og:image:type\" content=\"image\/jpeg\" \/>\n<meta name=\"twitter:card\" content=\"summary_large_image\" \/>\n<meta name=\"twitter:label1\" content=\"Gesch\u00e4tzte Lesezeit\" \/>\n\t<meta name=\"twitter:data1\" content=\"1\u00a0Minute\" \/>\n<script type=\"application\/ld+json\" class=\"yoast-schema-graph\">{\"@context\":\"https:\\\/\\\/schema.org\",\"@graph\":[{\"@type\":\"WebPage\",\"@id\":\"https:\\\/\\\/www.sempertea.eu\\\/de\\\/Produkte\\\/kamillentee-lose-pyramiden-umweltfreundliche-verpackung\\\/\",\"url\":\"https:\\\/\\\/www.sempertea.eu\\\/de\\\/Produkte\\\/kamillentee-lose-pyramiden-umweltfreundliche-verpackung\\\/\",\"name\":\"Entspannen Sie sich mit Bio-Kamillentee | Umweltfreundliche Verpackung\",\"isPartOf\":{\"@id\":\"https:\\\/\\\/www.sempertea.eu\\\/#website\"},\"primaryImageOfPage\":{\"@id\":\"https:\\\/\\\/www.sempertea.eu\\\/de\\\/Produkte\\\/kamillentee-lose-pyramiden-umweltfreundliche-verpackung\\\/#primaryimage\"},\"image\":{\"@id\":\"https:\\\/\\\/www.sempertea.eu\\\/de\\\/Produkte\\\/kamillentee-lose-pyramiden-umweltfreundliche-verpackung\\\/#primaryimage\"},\"thumbnailUrl\":\"https:\\\/\\\/www.sempertea.eu\\\/wp-content\\\/uploads\\\/2024\\\/07\\\/infusion-piramide-al-por-mayor-manzanilla-organic-semper-tea.jpg\",\"datePublished\":\"2024-07-15T21:41:46+00:00\",\"dateModified\":\"2024-07-18T11:43:17+00:00\",\"description\":\"Entspannen Sie sich mit Bio-Kamillentee in Pyramidenform. \u00d6kologisch, koffeinfrei und biologisch abbaubar f\u00fcr Momente der Ruhe.\",\"breadcrumb\":{\"@id\":\"https:\\\/\\\/www.sempertea.eu\\\/de\\\/Produkte\\\/kamillentee-lose-pyramiden-umweltfreundliche-verpackung\\\/#breadcrumb\"},\"inLanguage\":\"de\",\"potentialAction\":[{\"@type\":\"ReadAction\",\"target\":[\"https:\\\/\\\/www.sempertea.eu\\\/de\\\/Produkte\\\/kamillentee-lose-pyramiden-umweltfreundliche-verpackung\\\/\"]}]},{\"@type\":\"ImageObject\",\"inLanguage\":\"de\",\"@id\":\"https:\\\/\\\/www.sempertea.eu\\\/de\\\/Produkte\\\/kamillentee-lose-pyramiden-umweltfreundliche-verpackung\\\/#primaryimage\",\"url\":\"https:\\\/\\\/www.sempertea.eu\\\/wp-content\\\/uploads\\\/2024\\\/07\\\/infusion-piramide-al-por-mayor-manzanilla-organic-semper-tea.jpg\",\"contentUrl\":\"https:\\\/\\\/www.sempertea.eu\\\/wp-content\\\/uploads\\\/2024\\\/07\\\/infusion-piramide-al-por-mayor-manzanilla-organic-semper-tea.jpg\",\"width\":1000,\"height\":1000,\"caption\":\"infusion piramide al por mayor manzanilla organic semper tea\"},{\"@type\":\"BreadcrumbList\",\"@id\":\"https:\\\/\\\/www.sempertea.eu\\\/de\\\/Produkte\\\/kamillentee-lose-pyramiden-umweltfreundliche-verpackung\\\/#breadcrumb\",\"itemListElement\":[{\"@type\":\"ListItem\",\"position\":1,\"name\":\"Portada\",\"item\":\"https:\\\/\\\/www.sempertea.eu\\\/de\\\/\"},{\"@type\":\"ListItem\",\"position\":2,\"name\":\"Shop\",\"item\":\"https:\\\/\\\/www.sempertea.eu\\\/de\\\/shop\\\/\"},{\"@type\":\"ListItem\",\"position\":3,\"name\":\"CAMOMILE lose Pyramiden | Kamillentee\"}]},{\"@type\":\"WebSite\",\"@id\":\"https:\\\/\\\/www.sempertea.eu\\\/#website\",\"url\":\"https:\\\/\\\/www.sempertea.eu\\\/\",\"name\":\"Semper Tea | Mayorista y fabricante de T\u00e9s e Infusiones para hoteles, restaurantes y bares\",\"description\":\"T\u00e9s e infusiones para hosteler\u00eda, hoteler\u00eda y comercio\",\"potentialAction\":[{\"@type\":\"SearchAction\",\"target\":{\"@type\":\"EntryPoint\",\"urlTemplate\":\"https:\\\/\\\/www.sempertea.eu\\\/?s={search_term_string}\"},\"query-input\":{\"@type\":\"PropertyValueSpecification\",\"valueRequired\":true,\"valueName\":\"search_term_string\"}}],\"inLanguage\":\"de\"}]}<\/script>\n<!-- \/ Yoast SEO Premium plugin. -->","yoast_head_json":{"title":"Entspannen Sie sich mit Bio-Kamillentee | Umweltfreundliche Verpackung","description":"Entspannen Sie sich mit Bio-Kamillentee in Pyramidenform. \u00d6kologisch, koffeinfrei und biologisch abbaubar f\u00fcr Momente der Ruhe.","robots":{"index":"index","follow":"follow","max-snippet":"max-snippet:-1","max-image-preview":"max-image-preview:large","max-video-preview":"max-video-preview:-1"},"canonical":"https:\/\/www.sempertea.eu\/de\/Produkte\/kamillentee-lose-pyramiden-umweltfreundliche-verpackung\/","og_locale":"de_DE","og_type":"article","og_title":"CAMOMILE lose Pyramiden | Kamillentee","og_description":"Entspannen Sie sich mit Bio-Kamillentee in Pyramidenform. \u00d6kologisch, koffeinfrei und biologisch abbaubar f\u00fcr Momente der Ruhe.","og_url":"https:\/\/www.sempertea.eu\/de\/Produkte\/kamillentee-lose-pyramiden-umweltfreundliche-verpackung\/","og_site_name":"Semper Tea | Mayorista y fabricante de T\u00e9s e Infusiones para hoteles, restaurantes y bares","article_modified_time":"2024-07-18T11:43:17+00:00","og_image":[{"width":1000,"height":1000,"url":"https:\/\/www.sempertea.eu\/wp-content\/uploads\/2024\/07\/infusion-piramide-al-por-mayor-manzanilla-organic-semper-tea.jpg","type":"image\/jpeg"}],"twitter_card":"summary_large_image","twitter_misc":{"Gesch\u00e4tzte Lesezeit":"1\u00a0Minute"},"schema":{"@context":"https:\/\/schema.org","@graph":[{"@type":"WebPage","@id":"https:\/\/www.sempertea.eu\/de\/Produkte\/kamillentee-lose-pyramiden-umweltfreundliche-verpackung\/","url":"https:\/\/www.sempertea.eu\/de\/Produkte\/kamillentee-lose-pyramiden-umweltfreundliche-verpackung\/","name":"Entspannen Sie sich mit Bio-Kamillentee | Umweltfreundliche Verpackung","isPartOf":{"@id":"https:\/\/www.sempertea.eu\/#website"},"primaryImageOfPage":{"@id":"https:\/\/www.sempertea.eu\/de\/Produkte\/kamillentee-lose-pyramiden-umweltfreundliche-verpackung\/#primaryimage"},"image":{"@id":"https:\/\/www.sempertea.eu\/de\/Produkte\/kamillentee-lose-pyramiden-umweltfreundliche-verpackung\/#primaryimage"},"thumbnailUrl":"https:\/\/www.sempertea.eu\/wp-content\/uploads\/2024\/07\/infusion-piramide-al-por-mayor-manzanilla-organic-semper-tea.jpg","datePublished":"2024-07-15T21:41:46+00:00","dateModified":"2024-07-18T11:43:17+00:00","description":"Entspannen Sie sich mit Bio-Kamillentee in Pyramidenform. \u00d6kologisch, koffeinfrei und biologisch abbaubar f\u00fcr Momente der Ruhe.","breadcrumb":{"@id":"https:\/\/www.sempertea.eu\/de\/Produkte\/kamillentee-lose-pyramiden-umweltfreundliche-verpackung\/#breadcrumb"},"inLanguage":"de","potentialAction":[{"@type":"ReadAction","target":["https:\/\/www.sempertea.eu\/de\/Produkte\/kamillentee-lose-pyramiden-umweltfreundliche-verpackung\/"]}]},{"@type":"ImageObject","inLanguage":"de","@id":"https:\/\/www.sempertea.eu\/de\/Produkte\/kamillentee-lose-pyramiden-umweltfreundliche-verpackung\/#primaryimage","url":"https:\/\/www.sempertea.eu\/wp-content\/uploads\/2024\/07\/infusion-piramide-al-por-mayor-manzanilla-organic-semper-tea.jpg","contentUrl":"https:\/\/www.sempertea.eu\/wp-content\/uploads\/2024\/07\/infusion-piramide-al-por-mayor-manzanilla-organic-semper-tea.jpg","width":1000,"height":1000,"caption":"infusion piramide al por mayor manzanilla organic semper tea"},{"@type":"BreadcrumbList","@id":"https:\/\/www.sempertea.eu\/de\/Produkte\/kamillentee-lose-pyramiden-umweltfreundliche-verpackung\/#breadcrumb","itemListElement":[{"@type":"ListItem","position":1,"name":"Portada","item":"https:\/\/www.sempertea.eu\/de\/"},{"@type":"ListItem","position":2,"name":"Shop","item":"https:\/\/www.sempertea.eu\/de\/shop\/"},{"@type":"ListItem","position":3,"name":"CAMOMILE lose Pyramiden | Kamillentee"}]},{"@type":"WebSite","@id":"https:\/\/www.sempertea.eu\/#website","url":"https:\/\/www.sempertea.eu\/","name":"Semper Tea | Mayorista y fabricante de T\u00e9s e Infusiones para hoteles, restaurantes y bares","description":"T\u00e9s e infusiones para hosteler\u00eda, hoteler\u00eda y comercio","potentialAction":[{"@type":"SearchAction","target":{"@type":"EntryPoint","urlTemplate":"https:\/\/www.sempertea.eu\/?s={search_term_string}"},"query-input":{"@type":"PropertyValueSpecification","valueRequired":true,"valueName":"search_term_string"}}],"inLanguage":"de"}]}},"_links":{"self":[{"href":"https:\/\/www.sempertea.eu\/de\/wp-json\/wp\/v2\/product\/11245","targetHints":{"allow":["GET"]}}],"collection":[{"href":"https:\/\/www.sempertea.eu\/de\/wp-json\/wp\/v2\/product"}],"about":[{"href":"https:\/\/www.sempertea.eu\/de\/wp-json\/wp\/v2\/types\/product"}],"replies":[{"embeddable":true,"href":"https:\/\/www.sempertea.eu\/de\/wp-json\/wp\/v2\/comments?post=11245"}],"wp:featuredmedia":[{"embeddable":true,"href":"https:\/\/www.sempertea.eu\/de\/wp-json\/wp\/v2\/media\/10651"}],"wp:attachment":[{"href":"https:\/\/www.sempertea.eu\/de\/wp-json\/wp\/v2\/media?parent=11245"}],"wp:term":[{"taxonomy":"product_brand","embeddable":true,"href":"https:\/\/www.sempertea.eu\/de\/wp-json\/wp\/v2\/product_brand?post=11245"},{"taxonomy":"product_cat","embeddable":true,"href":"https:\/\/www.sempertea.eu\/de\/wp-json\/wp\/v2\/product_cat?post=11245"},{"taxonomy":"product_tag","embeddable":true,"href":"https:\/\/www.sempertea.eu\/de\/wp-json\/wp\/v2\/product_tag?post=11245"}],"curies":[{"name":"wp","href":"https:\/\/api.w.org\/{rel}","templated":true}]}}