{"id":5087,"date":"2022-07-29T14:10:07","date_gmt":"2022-07-29T13:10:07","guid":{"rendered":"https:\/\/www.sempertea.eu\/ihr-ansprechpartner-fuer-horeca\/"},"modified":"2024-07-18T08:36:24","modified_gmt":"2024-07-18T07:36:24","slug":"ihr-ansprechpartner-fuer-horeca","status":"publish","type":"page","link":"https:\/\/www.sempertea.eu\/de\/ihr-ansprechpartner-fuer-horeca\/","title":{"rendered":"Ihr Ansprechpartner f\u00fcr HoReCa"},"content":{"rendered":"\n  <div class=\"banner has-hover\" id=\"banner-384756409\">\n          <div class=\"banner-inner fill\">\n        <div class=\"banner-bg fill\" >\n            <img loading=\"lazy\" decoding=\"async\" width=\"2500\" height=\"1500\" src=\"https:\/\/www.sempertea.eu\/wp-content\/uploads\/2024\/07\/tes-infusiones-para-sector-horeca-semper-tea.jpg\" class=\"bg attachment-original size-original\" alt=\"tes infusiones para sector horeca semper tea\" \/>                                    \n\t<div class=\"is-border\"\n\t\tstyle=\"border-width:0px 0px px 0px;\">\n\t<\/div>\n                    <\/div>\n\t\t\n        <div class=\"banner-layers container\">\n            <div class=\"fill banner-link\"><\/div>            \n   <div id=\"text-box-87461785\" class=\"text-box banner-layer x50 md-x50 lg-x50 y50 md-y50 lg-y50 res-text\">\n                                <div class=\"text-box-content text \">\n              \n              <div class=\"text-inner text-center\">\n                  \n\t<div id=\"gap-1840811971\" class=\"gap-element clearfix\" style=\"display:block; height:auto;\">\n\t\t\n<style>\n#gap-1840811971 {\n  padding-top: 20px;\n}\n<\/style>\n\t<\/div>\n\t\n<div class=\"is-divider divider clearfix\" style=\"max-width:520px;background-color:rgb(192, 192, 192);\"><\/div>\n<h1><span data-text-color=\"secondary\">Ihr Partner f\u00fcr HORECA<\/span><\/h1>\n<h1><span data-text-color=\"secondary\">Tee f\u00fcr Gastgeber<\/span><\/h1>\n<p><span data-text-color=\"secondary\"><span style=\"font-size: 150%;\">Semper Tea bietet ausgefallene Teekonzepte f\u00fcr die Gastronomie<\/span><\/span><\/p>\n\t<div id=\"gap-252375438\" class=\"gap-element clearfix\" style=\"display:block; height:auto;\">\n\t\t\n<style>\n#gap-252375438 {\n  padding-top: 20px;\n}\n<\/style>\n\t<\/div>\n\t\n              <\/div>\n           <\/div>\n                            \n<style>\n#text-box-87461785 .text-box-content {\n  background-color: rgba(0, 0, 0, 0.26);\n  font-size: 100%;\n}\n#text-box-87461785 {\n  width: 75%;\n}\n<\/style>\n    <\/div>\n \n        <\/div>\n      <\/div>\n\n            \n<style>\n#banner-384756409 {\n  padding-top: 400px;\n  background-color: rgb(255,255,255);\n}\n#banner-384756409 .banner-bg img {\n  object-position: 0% 59%;\n}\n@media (min-width:550px) {\n  #banner-384756409 {\n    padding-top: 500px;\n  }\n}\n<\/style>\n  <\/div>\n\n\n\n  <div class=\"banner has-hover\" id=\"banner-1910536551\">\n          <div class=\"banner-inner fill\">\n        <div class=\"banner-bg fill\" >\n                                                \n                    <\/div>\n\t\t\n        <div class=\"banner-layers container\">\n            <div class=\"fill banner-link\"><\/div>            \n   <div id=\"text-box-239384856\" class=\"text-box banner-layer x50 md-x50 lg-x50 y50 md-y50 lg-y50 res-text\">\n                                <div class=\"text-box-content text dark\">\n              \n              <div class=\"text-inner text-center\">\n                  \n<h3><span data-text-color=\"primary\">Vielf\u00e4ltige Teeformate und ansprechende Pr\u00e4sentation f\u00fcr puren Teegenuss<\/span><\/h3>\n<p><span data-text-color=\"primary\">Wir sind Hersteller und Lieferant von Biotees und bieten kreative, nachhaltige, elegante und praktische Teel\u00f6sungen f\u00fcr das Hotel- und Gastgewerbe. Wir verwandeln die klassische Tasse Tee in pure Freude.<\/span><\/p>\n<a data-animate=\"fadeInLeft\" href=\"https:\/\/www.sempertea.eu\/de\/kontakt\/\" class=\"button success lowercase\" style=\"border-radius:99px;\">\n\t\t<span>Interessiert?<\/span>\n\t<\/a>\n\n              <\/div>\n           <\/div>\n                            \n<style>\n#text-box-239384856 {\n  width: 56%;\n}\n#text-box-239384856 .text-box-content {\n  font-size: 100%;\n}\n@media (min-width:550px) {\n  #text-box-239384856 {\n    width: 100%;\n  }\n}\n<\/style>\n    <\/div>\n \n        <\/div>\n      <\/div>\n\n            \n<style>\n#banner-1910536551 {\n  padding-top: 350px;\n  background-color: rgb(255, 255, 255);\n}\n@media (min-width:550px) {\n  #banner-1910536551 {\n    padding-top: 300px;\n  }\n}\n<\/style>\n  <\/div>\n\n\n<div class=\"row row-collapse row-full-width align-middle align-center\"  id=\"row-1248919447\">\n\n\t<div id=\"col-73057961\" class=\"col medium-12 small-12 large-8 medium-col-first\"  >\n\t\t\t\t<div class=\"col-inner\"  >\n\t\t\t\n\t\t\t\n\n  <div class=\"banner has-hover\" id=\"banner-1937121128\">\n          <div class=\"banner-inner fill\">\n        <div class=\"banner-bg fill\" >\n            <img loading=\"lazy\" decoding=\"async\" width=\"1726\" height=\"1500\" src=\"https:\/\/www.sempertea.eu\/wp-content\/uploads\/2021\/08\/tes-piramide-para-restaurante-cafeteria-bar-semper-tea.jpg\" class=\"bg attachment-original size-original\" alt=\"\" \/>                                    \n                    <\/div>\n\t\t\n        <div class=\"banner-layers container\">\n            <div class=\"fill banner-link\"><\/div>            \n        <\/div>\n      <\/div>\n\n            \n<style>\n#banner-1937121128 {\n  padding-top: 300px;\n  background-color: rgb(255, 255, 255);\n}\n#banner-1937121128 .banner-bg img {\n  object-position: 0% 72%;\n}\n@media (min-width:550px) {\n  #banner-1937121128 {\n    padding-top: 500px;\n  }\n}\n@media (min-width:850px) {\n  #banner-1937121128 {\n    padding-top: 400px;\n  }\n}\n<\/style>\n  <\/div>\n\n\n\t\t<\/div>\n\t\t\t\t\t<\/div>\n\n\t\n\n\t<div id=\"col-1529185265\" class=\"col medium-10 small-11 large-4\"  >\n\t\t\t\t<div class=\"col-inner\" style=\"background-color:rgb(255, 255, 255);\" >\n\t\t\t\n\t\t\t\n<h3><span style=\"font-size: 140%;\" data-line-height=\"s\">Wir verbinden Tradition und Avantgarde<\/span><\/h3>\n<p>Qualit\u00e4t steht an erster Stelle. Wir bieten sorgf\u00e4ltig ausgew\u00e4hlte Biotees und Teemischungen.<\/p>\n\t\t<\/div>\n\t\t\t\t\n<style>\n#col-1529185265 > .col-inner {\n  padding: 0px 10% 0px 10%;\n}\n<\/style>\n\t<\/div>\n\n\t\n\n<style>\n#row-1248919447 > .col > .col-inner {\n  background-color: rgb(17, 16, 16);\n}\n<\/style>\n<\/div>\n<div class=\"row row-collapse row-full-width align-middle align-center\"  id=\"row-970334135\">\n\n\t<div id=\"col-1564079538\" class=\"col medium-12 small-12 large-4\"  >\n\t\t\t\t<div class=\"col-inner\"  >\n\t\t\t\n\t\t\t\n\n  <div class=\"banner has-hover\" id=\"banner-674659690\">\n          <div class=\"banner-inner fill\">\n        <div class=\"banner-bg fill\" >\n            <img loading=\"lazy\" decoding=\"async\" width=\"900\" height=\"380\" src=\"https:\/\/www.sempertea.eu\/wp-content\/uploads\/2024\/06\/infusiones-libres-de-plastico-semper-tea.jpg\" class=\"bg attachment-original size-original\" alt=\"infusiones libres de plastico semper tea\" \/>                                    \n                    <\/div>\n\t\t\n        <div class=\"banner-layers container\">\n            <div class=\"fill banner-link\"><\/div>            \n        <\/div>\n      <\/div>\n\n            \n<style>\n#banner-674659690 {\n  padding-top: 300;\n  background-color: rgb(255, 255, 255);\n}\n#banner-674659690 .banner-bg img {\n  object-position: 52% 71%;\n}\n@media (min-width:550px) {\n  #banner-674659690 {\n    padding-top: 400px;\n  }\n}\n<\/style>\n  <\/div>\n\n\n\t\t<\/div>\n\t\t\t\t\t<\/div>\n\n\t\n\n\t<div id=\"col-1054294196\" class=\"col medium-10 small-11 large-4\"  >\n\t\t\t\t<div class=\"col-inner\"  >\n\t\t\t\n\t\t\t\n\t<div id=\"gap-226204018\" class=\"gap-element clearfix\" style=\"display:block; height:auto;\">\n\t\t\n<style>\n#gap-226204018 {\n  padding-top: 20px;\n}\n<\/style>\n\t<\/div>\n\t\n<h3><span style=\"font-size: 110%;\">Von der Konkurrenz abheben<\/span><\/h3>\n<p>Seit \u00fcber 15 Jahren sind wir Teelieferant f\u00fcr Hotels, Restaurants, Caf\u00e9s, B\u00fcros und Retail.<\/p>\n<p>Mit Semper Tea haben Sie einen Partner, der es Ihnen erm\u00f6glicht, sich von der Konkurrenz abzuheben. Wir k\u00fcmmern uns um das Biotee Sortiment, die Qualit\u00e4t sowie die ansprechende Verpackung und Pr\u00e4sentation.<\/p>\n\t\t<\/div>\n\t\t\t\t\n<style>\n#col-1054294196 > .col-inner {\n  padding: 0px 10% 0px 10%;\n}\n<\/style>\n\t<\/div>\n\n\t\n\n\t<div id=\"col-1740589625\" class=\"col medium-12 small-12 large-4\"  >\n\t\t\t\t<div class=\"col-inner\"  >\n\t\t\t\n\t\t\t\n\n  <div class=\"banner has-hover\" id=\"banner-1533374330\">\n          <div class=\"banner-inner fill\">\n        <div class=\"banner-bg fill\" >\n            <img loading=\"lazy\" decoding=\"async\" width=\"1000\" height=\"1000\" src=\"https:\/\/www.sempertea.eu\/wp-content\/uploads\/2021\/07\/mint-infusion-menta-bolsita-piramidal-biodegradable-semper-tea.jpg\" class=\"bg attachment-original size-original\" alt=\"pfefferminztee gegen \u00fcbelkeit semper tea\" \/>                                    \n                    <\/div>\n\t\t\n        <div class=\"banner-layers container\">\n            <div class=\"fill banner-link\"><\/div>            \n        <\/div>\n      <\/div>\n\n            \n<style>\n#banner-1533374330 {\n  padding-top: 300px;\n  background-color: rgb(255, 255, 255);\n}\n#banner-1533374330 .banner-bg img {\n  object-position: 54% 89%;\n}\n@media (min-width:550px) {\n  #banner-1533374330 {\n    padding-top: 400px;\n  }\n}\n<\/style>\n  <\/div>\n\n\n\t\t<\/div>\n\t\t\t\t\t<\/div>\n\n\t\n<\/div>\n<div class=\"row row-collapse row-full-width align-middle align-center\"  id=\"row-464646802\">\n\n\t<div id=\"col-939714983\" class=\"col medium-10 small-12 large-4\"  >\n\t\t\t\t<div class=\"col-inner\"  >\n\t\t\t\n\t\t\t\n<div class=\"row align-middle align-center\"  id=\"row-1330280791\">\n\n\t<div id=\"col-967043236\" class=\"col medium-12 small-11 large-12\"  >\n\t\t\t\t<div class=\"col-inner text-left\"  >\n\t\t\t\n\t\t\t\n\t<div id=\"gap-274169557\" class=\"gap-element clearfix\" style=\"display:block; height:auto;\">\n\t\t\n<style>\n#gap-274169557 {\n  padding-top: 50px;\n}\n<\/style>\n\t<\/div>\n\t\n<h3>Displays und Teekisten<\/h3>\n<p>Unsere modernen Teekisten und Teedisplays sind ein attraktives Attribut auf jedem Buffet und jeder Theke. Einfaches Handling \u2013 sowohl fu\u0308r den Bedienbereich als auch fu\u0308r den Self-Service<\/p>\n<a class=\"button secondary is-underline\" >\n\t\t<span>Read more<\/span>\n\t<\/a>\n\n\t\t<\/div>\n\t\t\t\t\n<style>\n#col-967043236 > .col-inner {\n  padding: 0px 15% 0px 10%;\n}\n<\/style>\n\t<\/div>\n\n\t\n<\/div>\n\t\t<\/div>\n\t\t\t\t\t<\/div>\n\n\t\n\n\t<div id=\"col-2063950585\" class=\"col medium-12 small-12 large-8\"  >\n\t\t\t\t<div class=\"col-inner\"  >\n\t\t\t\n\t\t\t\n\n  <div class=\"banner has-hover\" id=\"banner-802879772\">\n          <div class=\"banner-inner fill\">\n        <div class=\"banner-bg fill\" >\n            <img loading=\"lazy\" decoding=\"async\" width=\"900\" height=\"380\" src=\"https:\/\/www.sempertea.eu\/wp-content\/uploads\/2022\/10\/caja-tes-infusiones-organicas-restauracion-semper-tea.jpg\" class=\"bg attachment-original size-original\" alt=\"caja tes infusiones organicas restauracion semper tea\" \/>                                    \n                    <\/div>\n\t\t\n        <div class=\"banner-layers container\">\n            <div class=\"fill banner-link\"><\/div>            \n        <\/div>\n      <\/div>\n\n            \n<style>\n#banner-802879772 {\n  padding-top: 150px;\n  background-color: rgb(255, 255, 255);\n}\n#banner-802879772 .banner-bg img {\n  object-position: 65% 50%;\n}\n@media (min-width:550px) {\n  #banner-802879772 {\n    padding-top: 250px;\n  }\n}\n@media (min-width:850px) {\n  #banner-802879772 {\n    padding-top: 400px;\n  }\n}\n<\/style>\n  <\/div>\n\n\n\t\t<\/div>\n\t\t\t\t\t<\/div>\n\n\t\n<\/div>\n<div class=\"row row-collapse row-full-width align-middle align-center\"  id=\"row-1604456932\">\n\n\t<div id=\"col-1116681792\" class=\"col medium-12 small-12 large-8 medium-col-first\"  >\n\t\t\t\t<div class=\"col-inner\"  >\n\t\t\t\n\t\t\t\n\n  <div class=\"banner has-hover\" id=\"banner-732288292\">\n          <div class=\"banner-inner fill\">\n        <div class=\"banner-bg fill\" >\n            <img loading=\"lazy\" decoding=\"async\" width=\"2000\" height=\"1500\" src=\"https:\/\/www.sempertea.eu\/wp-content\/uploads\/2024\/07\/tes-gourmet-para-eventos-y-catering-semper-tea.jpg\" class=\"bg attachment-original size-original\" alt=\"tes gourmet para eventos y catering semper tea\" \/>                                    \n                    <\/div>\n\t\t\n        <div class=\"banner-layers container\">\n            <div class=\"fill banner-link\"><\/div>            \n        <\/div>\n      <\/div>\n\n            \n<style>\n#banner-732288292 {\n  padding-top: 300px;\n  background-color: rgb(255, 255, 255);\n}\n#banner-732288292 .banner-bg img {\n  object-position: 0% 53%;\n}\n@media (min-width:550px) {\n  #banner-732288292 {\n    padding-top: 500px;\n  }\n}\n@media (min-width:850px) {\n  #banner-732288292 {\n    padding-top: 400px;\n  }\n}\n<\/style>\n  <\/div>\n\n\n\t\t<\/div>\n\t\t\t\t\t<\/div>\n\n\t\n\n\t<div id=\"col-454906952\" class=\"col medium-10 small-11 large-4\"  >\n\t\t\t\t<div class=\"col-inner\" style=\"background-color:rgb(255, 255, 255);\" >\n\t\t\t\n\t\t\t\n<h4>Wir achten auf jedes Detail<\/h4>\n<p>Wir heben uns von anderen ab, indem wir Premium Bio-Produkte und gr\u00fcne Verpackung attraktiv pr\u00e4sentieren.<\/p>\n<a href=\"https:\/\/www.sempertea.eu\/de\/kontakt\/\" class=\"button success lowercase\" style=\"border-radius:10px;\">\n\t\t<span>Fragen?<\/span>\n\t<\/a>\n\n\t\t<\/div>\n\t\t\t\t\n<style>\n#col-454906952 > .col-inner {\n  padding: 0px 10% 0px 10%;\n}\n<\/style>\n\t<\/div>\n\n\t\n\n<style>\n#row-1604456932 > .col > .col-inner {\n  background-color: rgb(17, 16, 16);\n}\n<\/style>\n<\/div>\n","protected":false},"excerpt":{"rendered":"","protected":false},"author":1,"featured_media":0,"parent":0,"menu_order":0,"comment_status":"closed","ping_status":"closed","template":"page-blank.php","meta":{"footnotes":""},"class_list":["post-5087","page","type-page","status-publish","hentry"],"yoast_head":"<!-- This site is optimized with the Yoast SEO Premium plugin v27.3 (Yoast SEO v27.3) - https:\/\/yoast.com\/product\/yoast-seo-premium-wordpress\/ -->\n<title>HORECA Produkte : Bio-Tee f\u00fcr das Hotel- und Gastst\u00e4ttengewerbe | Semper Tea<\/title>\n<meta name=\"description\" content=\"Bio-Tees f\u00fcr Hotels, Restaurants, Caf\u00e9s und Catering | Tee-Display f\u00fcr Teebeutel, Teedosen und HORECA-Displays\" \/>\n<meta name=\"robots\" content=\"index, follow, max-snippet:-1, max-image-preview:large, max-video-preview:-1\" \/>\n<link rel=\"canonical\" href=\"https:\/\/www.sempertea.eu\/productos-hosteleria-horeca\/\" \/>\n<meta property=\"og:locale\" content=\"de_DE\" \/>\n<meta property=\"og:type\" content=\"article\" \/>\n<meta property=\"og:title\" content=\"Ihr Ansprechpartner f\u00fcr HoReCa\" \/>\n<meta property=\"og:description\" content=\"Bio-Tees f\u00fcr Hotels, Restaurants, Caf\u00e9s und Catering | Tee-Display f\u00fcr Teebeutel, Teedosen und HORECA-Displays\" \/>\n<meta property=\"og:url\" content=\"https:\/\/www.sempertea.eu\/productos-hosteleria-horeca\/\" \/>\n<meta property=\"og:site_name\" content=\"Semper Tea | Mayorista y fabricante de T\u00e9s e Infusiones para hoteles, restaurantes y bares\" \/>\n<meta property=\"article:modified_time\" content=\"2024-07-18T07:36:24+00:00\" \/>\n<meta name=\"twitter:card\" content=\"summary_large_image\" \/>\n<meta name=\"twitter:label1\" content=\"Gesch\u00e4tzte Lesezeit\" \/>\n\t<meta name=\"twitter:data1\" content=\"3\u00a0Minuten\" \/>\n<script type=\"application\/ld+json\" class=\"yoast-schema-graph\">{\"@context\":\"https:\\\/\\\/schema.org\",\"@graph\":[{\"@type\":\"WebPage\",\"@id\":\"https:\\\/\\\/www.sempertea.eu\\\/productos-hosteleria-horeca\\\/\",\"url\":\"https:\\\/\\\/www.sempertea.eu\\\/productos-hosteleria-horeca\\\/\",\"name\":\"HORECA Produkte : Bio-Tee f\u00fcr das Hotel- und Gastst\u00e4ttengewerbe | Semper Tea\",\"isPartOf\":{\"@id\":\"https:\\\/\\\/www.sempertea.eu\\\/#website\"},\"datePublished\":\"2022-07-29T13:10:07+00:00\",\"dateModified\":\"2024-07-18T07:36:24+00:00\",\"description\":\"Bio-Tees f\u00fcr Hotels, Restaurants, Caf\u00e9s und Catering | Tee-Display f\u00fcr Teebeutel, Teedosen und HORECA-Displays\",\"breadcrumb\":{\"@id\":\"https:\\\/\\\/www.sempertea.eu\\\/productos-hosteleria-horeca\\\/#breadcrumb\"},\"inLanguage\":\"de\",\"potentialAction\":[{\"@type\":\"ReadAction\",\"target\":[\"https:\\\/\\\/www.sempertea.eu\\\/productos-hosteleria-horeca\\\/\"]}]},{\"@type\":\"BreadcrumbList\",\"@id\":\"https:\\\/\\\/www.sempertea.eu\\\/productos-hosteleria-horeca\\\/#breadcrumb\",\"itemListElement\":[{\"@type\":\"ListItem\",\"position\":1,\"name\":\"Portada\",\"item\":\"https:\\\/\\\/www.sempertea.eu\\\/de\\\/\"},{\"@type\":\"ListItem\",\"position\":2,\"name\":\"Ihr Ansprechpartner f\u00fcr HoReCa\"}]},{\"@type\":\"WebSite\",\"@id\":\"https:\\\/\\\/www.sempertea.eu\\\/#website\",\"url\":\"https:\\\/\\\/www.sempertea.eu\\\/\",\"name\":\"Semper Tea | Mayorista y fabricante de T\u00e9s e Infusiones para hoteles, restaurantes y bares\",\"description\":\"T\u00e9s e infusiones para hosteler\u00eda, hoteler\u00eda y comercio\",\"potentialAction\":[{\"@type\":\"SearchAction\",\"target\":{\"@type\":\"EntryPoint\",\"urlTemplate\":\"https:\\\/\\\/www.sempertea.eu\\\/?s={search_term_string}\"},\"query-input\":{\"@type\":\"PropertyValueSpecification\",\"valueRequired\":true,\"valueName\":\"search_term_string\"}}],\"inLanguage\":\"de\"}]}<\/script>\n<!-- \/ Yoast SEO Premium plugin. -->","yoast_head_json":{"title":"HORECA Produkte : Bio-Tee f\u00fcr das Hotel- und Gastst\u00e4ttengewerbe | Semper Tea","description":"Bio-Tees f\u00fcr Hotels, Restaurants, Caf\u00e9s und Catering | Tee-Display f\u00fcr Teebeutel, Teedosen und HORECA-Displays","robots":{"index":"index","follow":"follow","max-snippet":"max-snippet:-1","max-image-preview":"max-image-preview:large","max-video-preview":"max-video-preview:-1"},"canonical":"https:\/\/www.sempertea.eu\/productos-hosteleria-horeca\/","og_locale":"de_DE","og_type":"article","og_title":"Ihr Ansprechpartner f\u00fcr HoReCa","og_description":"Bio-Tees f\u00fcr Hotels, Restaurants, Caf\u00e9s und Catering | Tee-Display f\u00fcr Teebeutel, Teedosen und HORECA-Displays","og_url":"https:\/\/www.sempertea.eu\/productos-hosteleria-horeca\/","og_site_name":"Semper Tea | Mayorista y fabricante de T\u00e9s e Infusiones para hoteles, restaurantes y bares","article_modified_time":"2024-07-18T07:36:24+00:00","twitter_card":"summary_large_image","twitter_misc":{"Gesch\u00e4tzte Lesezeit":"3\u00a0Minuten"},"schema":{"@context":"https:\/\/schema.org","@graph":[{"@type":"WebPage","@id":"https:\/\/www.sempertea.eu\/productos-hosteleria-horeca\/","url":"https:\/\/www.sempertea.eu\/productos-hosteleria-horeca\/","name":"HORECA Produkte : Bio-Tee f\u00fcr das Hotel- und Gastst\u00e4ttengewerbe | Semper Tea","isPartOf":{"@id":"https:\/\/www.sempertea.eu\/#website"},"datePublished":"2022-07-29T13:10:07+00:00","dateModified":"2024-07-18T07:36:24+00:00","description":"Bio-Tees f\u00fcr Hotels, Restaurants, Caf\u00e9s und Catering | Tee-Display f\u00fcr Teebeutel, Teedosen und HORECA-Displays","breadcrumb":{"@id":"https:\/\/www.sempertea.eu\/productos-hosteleria-horeca\/#breadcrumb"},"inLanguage":"de","potentialAction":[{"@type":"ReadAction","target":["https:\/\/www.sempertea.eu\/productos-hosteleria-horeca\/"]}]},{"@type":"BreadcrumbList","@id":"https:\/\/www.sempertea.eu\/productos-hosteleria-horeca\/#breadcrumb","itemListElement":[{"@type":"ListItem","position":1,"name":"Portada","item":"https:\/\/www.sempertea.eu\/de\/"},{"@type":"ListItem","position":2,"name":"Ihr Ansprechpartner f\u00fcr HoReCa"}]},{"@type":"WebSite","@id":"https:\/\/www.sempertea.eu\/#website","url":"https:\/\/www.sempertea.eu\/","name":"Semper Tea | Mayorista y fabricante de T\u00e9s e Infusiones para hoteles, restaurantes y bares","description":"T\u00e9s e infusiones para hosteler\u00eda, hoteler\u00eda y comercio","potentialAction":[{"@type":"SearchAction","target":{"@type":"EntryPoint","urlTemplate":"https:\/\/www.sempertea.eu\/?s={search_term_string}"},"query-input":{"@type":"PropertyValueSpecification","valueRequired":true,"valueName":"search_term_string"}}],"inLanguage":"de"}]}},"_links":{"self":[{"href":"https:\/\/www.sempertea.eu\/de\/wp-json\/wp\/v2\/pages\/5087","targetHints":{"allow":["GET"]}}],"collection":[{"href":"https:\/\/www.sempertea.eu\/de\/wp-json\/wp\/v2\/pages"}],"about":[{"href":"https:\/\/www.sempertea.eu\/de\/wp-json\/wp\/v2\/types\/page"}],"author":[{"embeddable":true,"href":"https:\/\/www.sempertea.eu\/de\/wp-json\/wp\/v2\/users\/1"}],"replies":[{"embeddable":true,"href":"https:\/\/www.sempertea.eu\/de\/wp-json\/wp\/v2\/comments?post=5087"}],"version-history":[{"count":0,"href":"https:\/\/www.sempertea.eu\/de\/wp-json\/wp\/v2\/pages\/5087\/revisions"}],"wp:attachment":[{"href":"https:\/\/www.sempertea.eu\/de\/wp-json\/wp\/v2\/media?parent=5087"}],"curies":[{"name":"wp","href":"https:\/\/api.w.org\/{rel}","templated":true}]}}