{"id":5083,"date":"2022-07-29T12:39:06","date_gmt":"2022-07-29T11:39:06","guid":{"rendered":"https:\/\/www.sempertea.eu\/daran-interessiert-mit-uns-zusammenzuarbeiten\/"},"modified":"2024-07-12T18:20:51","modified_gmt":"2024-07-12T17:20:51","slug":"daran-interessiert-mit-uns-zusammenzuarbeiten","status":"publish","type":"page","link":"https:\/\/www.sempertea.eu\/de\/daran-interessiert-mit-uns-zusammenzuarbeiten\/","title":{"rendered":"Interessiert mit uns zusammenzuarbeiten?"},"content":{"rendered":"\n\t<section class=\"section\" id=\"section_1186868760\">\n\t\t<div class=\"section-bg fill\" >\n\t\t\t<img loading=\"lazy\" decoding=\"async\" width=\"2560\" height=\"1707\" src=\"https:\/\/www.sempertea.eu\/wp-content\/uploads\/2021\/02\/100-por-100-naturales-semper-tea-scaled.jpg\" class=\"bg attachment- size-\" alt=\"\" \/>\t\t\t\t\t\t\n\t\t\t\n\n\t\t<\/div>\n\n\t\t\n\n\t\t<div class=\"section-content relative\">\n\t\t\t\n\t<div id=\"gap-102870807\" class=\"gap-element clearfix\" style=\"display:block; height:auto;\">\n\t\t\n<style>\n#gap-102870807 {\n  padding-top: 30px;\n}\n<\/style>\n\t<\/div>\n\t\n<div class=\"row align-center\"  id=\"row-609375765\">\n\n\t<div id=\"col-258002859\" class=\"col medium-9 small-12 large-7\"  >\n\t\t\t\t<div class=\"col-inner text-center\" style=\"background-color:rgba(124, 119, 119, 0.529);\" >\n\t\t\t\n\t\t\t\n\t<div id=\"text-2864548493\" class=\"text\">\n\t\t\n<h1 style=\"text-align: center;\">Treten Sie unserem H\u00e4ndlernetzwerk bei.<\/h1>\n<p>Semper Tea ist ein f\u00fchrender Hersteller von Bio-Tees, mit Produktion und Verpackung in Spanien. Als unabh\u00e4ngiges und dynamisches Familienunternehmen teilen wir unsere Leidenschaft f\u00fcr Tee weltweit.<\/p>\n\t\t\n<style>\n#text-2864548493 {\n  color: rgb(255, 255, 255);\n}\n#text-2864548493 > * {\n  color: rgb(255, 255, 255);\n}\n<\/style>\n\t<\/div>\n\t\n<a href=\"https:\/\/www.sempertea.eu\/de\/kontakt\/\" class=\"button primary is-is-outline primary lowercase\" style=\"border-radius:99px;\">\n\t\t<span>Nehmen Sie Kontakt zu uns auf<\/span>\n\t<\/a>\n\n\t\t<\/div>\n\t\t\t\t\n<style>\n#col-258002859 > .col-inner {\n  padding: 8% 8% 4% 8%;\n}\n@media (min-width:550px) {\n  #col-258002859 > .col-inner {\n    padding: 10% 10% 5% 10%;\n  }\n}\n<\/style>\n\t<\/div>\n\n\t\n<\/div>\n\t\t<\/div>\n\n\t\t\n<style>\n#section_1186868760 {\n  padding-top: 0px;\n  padding-bottom: 0px;\n  min-height: 500px;\n}\n@media (min-width:550px) {\n  #section_1186868760 {\n    min-height: 500px;\n  }\n}\n<\/style>\n\t<\/section>\n\t\n\n\t<section class=\"section dark\" id=\"section_924017682\">\n\t\t<div class=\"section-bg fill\" >\n\t\t\t\t\t\t\t\t\t\n\t\t\t\n\n\t\t<\/div>\n\n\t\t\n\n\t\t<div class=\"section-content relative\">\n\t\t\t\n<div class=\"row\"  id=\"row-130310192\">\n\n\t<div id=\"col-666377177\" class=\"col medium-4 small-12 large-4\"  >\n\t\t\t\t<div class=\"col-inner\"  >\n\t\t\t\n\t\t\t\n\n  <div class=\"banner has-hover\" id=\"banner-1661988368\">\n          <div class=\"banner-inner fill\">\n        <div class=\"banner-bg fill\" >\n            <img loading=\"lazy\" decoding=\"async\" width=\"678\" height=\"1024\" src=\"https:\/\/www.sempertea.eu\/wp-content\/uploads\/2021\/03\/distribuidor-de-semper-tea-678x1024.jpg\" class=\"bg attachment-large size-large\" alt=\"\" \/>                                    \n                    <\/div>\n\t\t\n        <div class=\"banner-layers container\">\n            <div class=\"fill banner-link\"><\/div>            \n        <\/div>\n      <\/div>\n\n            \n<style>\n#banner-1661988368 {\n  padding-top: 500px;\n}\n#banner-1661988368 .banner-bg img {\n  object-position: 20% 24%;\n}\n<\/style>\n  <\/div>\n\n\n\t\t<\/div>\n\t\t\t\t\t<\/div>\n\n\t\n\n\t<div id=\"col-966597312\" class=\"col medium-4 small-12 large-4\"  >\n\t\t\t\t<div class=\"col-inner\"  >\n\t\t\t\n\t\t\t\n\n  <div class=\"banner has-hover\" id=\"banner-136867600\">\n          <div class=\"banner-inner fill\">\n        <div class=\"banner-bg fill\" >\n            <img loading=\"lazy\" decoding=\"async\" width=\"1020\" height=\"720\" src=\"https:\/\/www.sempertea.eu\/wp-content\/uploads\/2021\/03\/red-de-distribuidores-de-semper-tea-1024x723.jpg\" class=\"bg attachment-large size-large\" alt=\"\" \/>                                    \n                    <\/div>\n\t\t\n        <div class=\"banner-layers container\">\n            <div class=\"fill banner-link\"><\/div>            \n        <\/div>\n      <\/div>\n\n            \n<style>\n#banner-136867600 {\n  padding-top: 500px;\n}\n#banner-136867600 .banner-bg img {\n  object-position: 52% 17%;\n}\n<\/style>\n  <\/div>\n\n\n\t\t<\/div>\n\t\t\t\t\t<\/div>\n\n\t\n\n\t<div id=\"col-1296477236\" class=\"col medium-4 small-12 large-4\"  >\n\t\t\t\t<div class=\"col-inner\"  >\n\t\t\t\n\t\t\t\n\n  <div class=\"banner has-hover\" id=\"banner-237318043\">\n          <div class=\"banner-inner fill\">\n        <div class=\"banner-bg fill\" >\n            <img loading=\"lazy\" decoding=\"async\" width=\"1020\" height=\"675\" src=\"https:\/\/www.sempertea.eu\/wp-content\/uploads\/2021\/03\/distribuidores-horeca-semper-tea-1024x678.jpg\" class=\"bg attachment-large size-large\" alt=\"\" \/>                                    \n                    <\/div>\n\t\t\n        <div class=\"banner-layers container\">\n            <div class=\"fill banner-link\"><\/div>            \n        <\/div>\n      <\/div>\n\n            \n<style>\n#banner-237318043 {\n  padding-top: 500px;\n}\n#banner-237318043 .banner-bg img {\n  object-position: 64% 31%;\n}\n<\/style>\n  <\/div>\n\n\n\t\t<\/div>\n\t\t\t\t\t<\/div>\n\n\t\n<\/div>\n\t\t<\/div>\n\n\t\t\n<style>\n#section_924017682 {\n  padding-top: 50px;\n  padding-bottom: 50px;\n  background-color: rgb(255, 255, 255);\n}\n<\/style>\n\t<\/section>\n\t\n\n\t<section class=\"section\" id=\"section_984472859\">\n\t\t<div class=\"section-bg fill\" >\n\t\t\t\t\t\t\t\t\t\n\t\t\t\n\n\t\t<\/div>\n\n\t\t\n\n\t\t<div class=\"section-content relative\">\n\t\t\t\n<div class=\"row row-collapse\"  id=\"row-494822197\">\n\n\t<div id=\"col-1148265074\" class=\"col medium-4 small-12 large-4\"  >\n\t\t\t\t<div class=\"col-inner\"  >\n\t\t\t\n\t\t\t\n\n  <div class=\"banner has-hover\" id=\"banner-205555186\">\n          <div class=\"banner-inner fill\">\n        <div class=\"banner-bg fill\" >\n            <img loading=\"lazy\" decoding=\"async\" width=\"1020\" height=\"678\" src=\"https:\/\/www.sempertea.eu\/wp-content\/uploads\/2021\/02\/sin-fertilizantes-sinteticos-semper-tea-1024x681.jpg\" class=\"bg attachment-large size-large\" alt=\"\" \/>                        <div class=\"overlay\"><\/div>            \n                    <\/div>\n\t\t\n        <div class=\"banner-layers container\">\n            <div class=\"fill banner-link\"><\/div>            \n   <div id=\"text-box-856129093\" class=\"text-box banner-layer x50 md-x50 lg-x50 y50 md-y50 lg-y50 res-text\">\n                                <div class=\"text-box-content text dark\">\n              \n              <div class=\"text-inner text-center\">\n                  \n<h3 style=\"text-align: left;\" data-line-height=\"l\"><span style=\"font-size: 90%;\">Als unabh\u00e4ngiger Teehersteller haben wir ein grosses Ma\u00df an Freiheit und Flexibilit\u00e4t in all unseren Entscheidungen und Handlungen.<\/span><\/h3>\n              <\/div>\n           <\/div>\n                            \n<style>\n#text-box-856129093 {\n  width: 76%;\n}\n#text-box-856129093 .text-box-content {\n  font-size: 100%;\n}\n<\/style>\n    <\/div>\n \n        <\/div>\n      <\/div>\n\n            \n<style>\n#banner-205555186 {\n  padding-top: 280px;\n}\n#banner-205555186 .overlay {\n  background-color: rgba(0,0,0,.5);\n}\n#banner-205555186 .banner-bg img {\n  object-position: 51% 94%;\n}\n@media (min-width:550px) {\n  #banner-205555186 {\n    padding-top: 280px;\n  }\n}\n<\/style>\n  <\/div>\n\n\n\t\t<\/div>\n\t\t\t\t\t<\/div>\n\n\t\n\n\t<div id=\"col-1223738327\" class=\"col medium-8 small-12 large-8\"  >\n\t\t\t\t<div class=\"col-inner\"  >\n\t\t\t\n\t\t\t\n\n  <div class=\"banner has-hover\" id=\"banner-408326334\">\n          <div class=\"banner-inner fill\">\n        <div class=\"banner-bg fill\" >\n            <img loading=\"lazy\" decoding=\"async\" width=\"1020\" height=\"765\" src=\"https:\/\/www.sempertea.eu\/wp-content\/uploads\/2021\/03\/distribuidores-para-horeca-semper-tea-1024x768.jpg\" class=\"bg attachment-large size-large\" alt=\"\" \/>                                    \n                    <\/div>\n\t\t\n        <div class=\"banner-layers container\">\n            <div class=\"fill banner-link\"><\/div>            \n        <\/div>\n      <\/div>\n\n            \n<style>\n#banner-408326334 {\n  padding-top: 280px;\n}\n#banner-408326334 .banner-bg img {\n  object-position: 64% 68%;\n}\n<\/style>\n  <\/div>\n\n\n\t\t<\/div>\n\t\t\t\t\t<\/div>\n\n\t\n<\/div>\n\t\t<\/div>\n\n\t\t\n<style>\n#section_984472859 {\n  padding-top: 0px;\n  padding-bottom: 0px;\n}\n@media (min-width:550px) {\n  #section_984472859 {\n    padding-top: 50px;\n    padding-bottom: 50px;\n  }\n}\n<\/style>\n\t<\/section>\n\t\n\n  <div class=\"banner has-hover\" id=\"banner-1986238960\">\n          <div class=\"banner-inner fill\">\n        <div class=\"banner-bg fill\" >\n            <img loading=\"lazy\" decoding=\"async\" width=\"1020\" height=\"765\" src=\"https:\/\/www.sempertea.eu\/wp-content\/uploads\/2021\/02\/mejor-servicio-a-los-amantes-del-te-semper-tea-1024x768.jpg\" class=\"bg attachment-large size-large\" alt=\"\" \/>                        <div class=\"overlay\"><\/div>            \n                    <\/div>\n\t\t\n        <div class=\"banner-layers container\">\n            <div class=\"fill banner-link\"><\/div>            \n   <div id=\"text-box-94218980\" class=\"text-box banner-layer x50 md-x50 lg-x50 y50 md-y50 lg-y50 res-text\">\n                                <div class=\"text-box-content text dark\">\n              \n              <div class=\"text-inner text-center\">\n                  \n\t<div id=\"gap-1696886436\" class=\"gap-element clearfix\" style=\"display:block; height:auto;\">\n\t\t\n<style>\n#gap-1696886436 {\n  padding-top: 20px;\n}\n<\/style>\n\t<\/div>\n\t\n\t<div id=\"text-3546139337\" class=\"text\">\n\t\t\n<p style=\"text-align: left;\"><span style=\"font-size: 120%;\">So k\u00f6nnen wir schnell auf Marktentwicklungen reagieren, eine offene Kommunikation pflegen, Innovationen anregen und unsere Ideen schnell in die Tat umsetzen.<\/span><\/p>\n<p style=\"text-align: left;\"><span style=\"font-size: 120%;\">Wir sind seit \u00fcber 15 Jahren im Gesch\u00e4ft und arbeiten mit Unternehmergeist, Leidenschaft und Hingabe an Produktinnovation- und Qualit\u00e4t. Wenn Sie Teil dieses tollen Teams werden m\u00f6chten, treten Sie unserem Netzwerk von HoReCa-H\u00e4ndlern bei. Wir freuen uns von Ihnen zu h\u00f6ren.<\/span><\/p>\n\t\t\n<style>\n#text-3546139337 {\n  color: rgb(0,0,0);\n}\n#text-3546139337 > * {\n  color: rgb(0,0,0);\n}\n<\/style>\n\t<\/div>\n\t\n<a href=\"https:\/\/www.sempertea.eu\/de\/biotees-sortiment-online-kaufen\/\" class=\"button success lowercase\" style=\"border-radius:10px;\">\n\t\t<span>Entdecken Sie uns!<\/span>\n\t<\/a>\n\n\t<div id=\"gap-1269387732\" class=\"gap-element clearfix\" style=\"display:block; height:auto;\">\n\t\t\n<style>\n#gap-1269387732 {\n  padding-top: 6px;\n}\n<\/style>\n\t<\/div>\n\t\n              <\/div>\n           <\/div>\n                            \n<style>\n#text-box-94218980 {\n  margin: 0px 0px 0px 0px;\n  width: 90%;\n}\n#text-box-94218980 .text-box-content {\n  background-color: rgba(254, 254, 254, 0.512);\n  font-size: 100%;\n}\n#text-box-94218980 .text-inner {\n  padding: 0px 10px 0px 10px;\n}\n<\/style>\n    <\/div>\n \n        <\/div>\n      <\/div>\n\n            \n<style>\n#banner-1986238960 {\n  padding-top: 400px;\n}\n#banner-1986238960 .overlay {\n  background-color: rgba(255, 255, 255, 0.541);\n}\n#banner-1986238960 .banner-bg img {\n  object-position: 27% 84%;\n}\n<\/style>\n  <\/div>\n\n\n","protected":false},"excerpt":{"rendered":"","protected":false},"author":1,"featured_media":0,"parent":0,"menu_order":0,"comment_status":"closed","ping_status":"closed","template":"page-blank.php","meta":{"footnotes":""},"class_list":["post-5083","page","type-page","status-publish","hentry"],"yoast_head":"<!-- This site is optimized with the Yoast SEO Premium plugin v27.3 (Yoast SEO v27.3) - https:\/\/yoast.com\/product\/yoast-seo-premium-wordpress\/ -->\n<title>Bio-Tee f\u00fcr den Gastronomiebereich in Ihrem Unternehmen | Semper Tea<\/title>\n<meta name=\"description\" content=\"Produktvielfalt und exclusive Zusatzartikel. Mit Bio-Siegel. Individuelle Beratung. Treten Sie unser Netzwerk von HORECA-H\u00e4ndlern bei.\" \/>\n<meta name=\"robots\" content=\"index, follow, max-snippet:-1, max-image-preview:large, max-video-preview:-1\" \/>\n<link rel=\"canonical\" href=\"https:\/\/www.sempertea.eu\/red-de-distribuidores-horeca\/\" \/>\n<meta property=\"og:locale\" content=\"de_DE\" \/>\n<meta property=\"og:type\" content=\"article\" \/>\n<meta property=\"og:title\" content=\"Interessiert mit uns zusammenzuarbeiten?\" \/>\n<meta property=\"og:description\" content=\"Produktvielfalt und exclusive Zusatzartikel. Mit Bio-Siegel. Individuelle Beratung. Treten Sie unser Netzwerk von HORECA-H\u00e4ndlern bei.\" \/>\n<meta property=\"og:url\" content=\"https:\/\/www.sempertea.eu\/red-de-distribuidores-horeca\/\" \/>\n<meta property=\"og:site_name\" content=\"Semper Tea | Mayorista y fabricante de T\u00e9s e Infusiones para hoteles, restaurantes y bares\" \/>\n<meta property=\"article:modified_time\" content=\"2024-07-12T17:20:51+00:00\" \/>\n<meta name=\"twitter:card\" content=\"summary_large_image\" \/>\n<meta name=\"twitter:label1\" content=\"Gesch\u00e4tzte Lesezeit\" \/>\n\t<meta name=\"twitter:data1\" content=\"2\u00a0Minuten\" \/>\n<script type=\"application\/ld+json\" class=\"yoast-schema-graph\">{\"@context\":\"https:\\\/\\\/schema.org\",\"@graph\":[{\"@type\":\"WebPage\",\"@id\":\"https:\\\/\\\/www.sempertea.eu\\\/red-de-distribuidores-horeca\\\/\",\"url\":\"https:\\\/\\\/www.sempertea.eu\\\/red-de-distribuidores-horeca\\\/\",\"name\":\"Bio-Tee f\u00fcr den Gastronomiebereich in Ihrem Unternehmen | Semper Tea\",\"isPartOf\":{\"@id\":\"https:\\\/\\\/www.sempertea.eu\\\/#website\"},\"datePublished\":\"2022-07-29T11:39:06+00:00\",\"dateModified\":\"2024-07-12T17:20:51+00:00\",\"description\":\"Produktvielfalt und exclusive Zusatzartikel. Mit Bio-Siegel. Individuelle Beratung. Treten Sie unser Netzwerk von HORECA-H\u00e4ndlern bei.\",\"breadcrumb\":{\"@id\":\"https:\\\/\\\/www.sempertea.eu\\\/red-de-distribuidores-horeca\\\/#breadcrumb\"},\"inLanguage\":\"de\",\"potentialAction\":[{\"@type\":\"ReadAction\",\"target\":[\"https:\\\/\\\/www.sempertea.eu\\\/red-de-distribuidores-horeca\\\/\"]}]},{\"@type\":\"BreadcrumbList\",\"@id\":\"https:\\\/\\\/www.sempertea.eu\\\/red-de-distribuidores-horeca\\\/#breadcrumb\",\"itemListElement\":[{\"@type\":\"ListItem\",\"position\":1,\"name\":\"Portada\",\"item\":\"https:\\\/\\\/www.sempertea.eu\\\/de\\\/\"},{\"@type\":\"ListItem\",\"position\":2,\"name\":\"Interessiert mit uns zusammenzuarbeiten?\"}]},{\"@type\":\"WebSite\",\"@id\":\"https:\\\/\\\/www.sempertea.eu\\\/#website\",\"url\":\"https:\\\/\\\/www.sempertea.eu\\\/\",\"name\":\"Semper Tea | Mayorista y fabricante de T\u00e9s e Infusiones para hoteles, restaurantes y bares\",\"description\":\"T\u00e9s e infusiones para hosteler\u00eda, hoteler\u00eda y comercio\",\"potentialAction\":[{\"@type\":\"SearchAction\",\"target\":{\"@type\":\"EntryPoint\",\"urlTemplate\":\"https:\\\/\\\/www.sempertea.eu\\\/?s={search_term_string}\"},\"query-input\":{\"@type\":\"PropertyValueSpecification\",\"valueRequired\":true,\"valueName\":\"search_term_string\"}}],\"inLanguage\":\"de\"}]}<\/script>\n<!-- \/ Yoast SEO Premium plugin. -->","yoast_head_json":{"title":"Bio-Tee f\u00fcr den Gastronomiebereich in Ihrem Unternehmen | Semper Tea","description":"Produktvielfalt und exclusive Zusatzartikel. Mit Bio-Siegel. Individuelle Beratung. Treten Sie unser Netzwerk von HORECA-H\u00e4ndlern bei.","robots":{"index":"index","follow":"follow","max-snippet":"max-snippet:-1","max-image-preview":"max-image-preview:large","max-video-preview":"max-video-preview:-1"},"canonical":"https:\/\/www.sempertea.eu\/red-de-distribuidores-horeca\/","og_locale":"de_DE","og_type":"article","og_title":"Interessiert mit uns zusammenzuarbeiten?","og_description":"Produktvielfalt und exclusive Zusatzartikel. Mit Bio-Siegel. Individuelle Beratung. Treten Sie unser Netzwerk von HORECA-H\u00e4ndlern bei.","og_url":"https:\/\/www.sempertea.eu\/red-de-distribuidores-horeca\/","og_site_name":"Semper Tea | Mayorista y fabricante de T\u00e9s e Infusiones para hoteles, restaurantes y bares","article_modified_time":"2024-07-12T17:20:51+00:00","twitter_card":"summary_large_image","twitter_misc":{"Gesch\u00e4tzte Lesezeit":"2\u00a0Minuten"},"schema":{"@context":"https:\/\/schema.org","@graph":[{"@type":"WebPage","@id":"https:\/\/www.sempertea.eu\/red-de-distribuidores-horeca\/","url":"https:\/\/www.sempertea.eu\/red-de-distribuidores-horeca\/","name":"Bio-Tee f\u00fcr den Gastronomiebereich in Ihrem Unternehmen | Semper Tea","isPartOf":{"@id":"https:\/\/www.sempertea.eu\/#website"},"datePublished":"2022-07-29T11:39:06+00:00","dateModified":"2024-07-12T17:20:51+00:00","description":"Produktvielfalt und exclusive Zusatzartikel. Mit Bio-Siegel. Individuelle Beratung. Treten Sie unser Netzwerk von HORECA-H\u00e4ndlern bei.","breadcrumb":{"@id":"https:\/\/www.sempertea.eu\/red-de-distribuidores-horeca\/#breadcrumb"},"inLanguage":"de","potentialAction":[{"@type":"ReadAction","target":["https:\/\/www.sempertea.eu\/red-de-distribuidores-horeca\/"]}]},{"@type":"BreadcrumbList","@id":"https:\/\/www.sempertea.eu\/red-de-distribuidores-horeca\/#breadcrumb","itemListElement":[{"@type":"ListItem","position":1,"name":"Portada","item":"https:\/\/www.sempertea.eu\/de\/"},{"@type":"ListItem","position":2,"name":"Interessiert mit uns zusammenzuarbeiten?"}]},{"@type":"WebSite","@id":"https:\/\/www.sempertea.eu\/#website","url":"https:\/\/www.sempertea.eu\/","name":"Semper Tea | Mayorista y fabricante de T\u00e9s e Infusiones para hoteles, restaurantes y bares","description":"T\u00e9s e infusiones para hosteler\u00eda, hoteler\u00eda y comercio","potentialAction":[{"@type":"SearchAction","target":{"@type":"EntryPoint","urlTemplate":"https:\/\/www.sempertea.eu\/?s={search_term_string}"},"query-input":{"@type":"PropertyValueSpecification","valueRequired":true,"valueName":"search_term_string"}}],"inLanguage":"de"}]}},"_links":{"self":[{"href":"https:\/\/www.sempertea.eu\/de\/wp-json\/wp\/v2\/pages\/5083","targetHints":{"allow":["GET"]}}],"collection":[{"href":"https:\/\/www.sempertea.eu\/de\/wp-json\/wp\/v2\/pages"}],"about":[{"href":"https:\/\/www.sempertea.eu\/de\/wp-json\/wp\/v2\/types\/page"}],"author":[{"embeddable":true,"href":"https:\/\/www.sempertea.eu\/de\/wp-json\/wp\/v2\/users\/1"}],"replies":[{"embeddable":true,"href":"https:\/\/www.sempertea.eu\/de\/wp-json\/wp\/v2\/comments?post=5083"}],"version-history":[{"count":0,"href":"https:\/\/www.sempertea.eu\/de\/wp-json\/wp\/v2\/pages\/5083\/revisions"}],"wp:attachment":[{"href":"https:\/\/www.sempertea.eu\/de\/wp-json\/wp\/v2\/media?parent=5083"}],"curies":[{"name":"wp","href":"https:\/\/api.w.org\/{rel}","templated":true}]}}