{"id":5001,"date":"2022-07-16T15:47:01","date_gmt":"2022-07-16T14:47:01","guid":{"rendered":"https:\/\/www.sempertea.eu\/catering-events\/"},"modified":"2024-07-14T20:20:12","modified_gmt":"2024-07-14T19:20:12","slug":"catering-events","status":"publish","type":"page","link":"https:\/\/www.sempertea.eu\/de\/catering-events\/","title":{"rendered":"Catering &amp; Events"},"content":{"rendered":"\n\t<section class=\"section\" id=\"section_1024887386\">\n\t\t<div class=\"section-bg fill\" >\n\t\t\t\t\t\t\t\t\t\n\t\t\t\n\n\t\t<\/div>\n\n\t\t\n\n\t\t<div class=\"section-content relative\">\n\t\t\t\n\n  <div class=\"banner has-hover\" id=\"banner-610834366\">\n          <div class=\"banner-inner fill\">\n        <div class=\"banner-bg fill\" >\n            <img loading=\"lazy\" decoding=\"async\" width=\"2000\" height=\"972\" src=\"https:\/\/www.sempertea.eu\/wp-content\/uploads\/2021\/02\/tes-para-catering-eventos-semper-tea.jpg\" class=\"bg attachment-original size-original\" alt=\"\" \/>                        <div class=\"overlay\"><\/div>            \n                    <\/div>\n\t\t\n        <div class=\"banner-layers container\">\n            <div class=\"fill banner-link\"><\/div>            \n   <div id=\"text-box-697179329\" class=\"text-box banner-layer text-box-square x50 md-x50 lg-x50 y80 md-y80 lg-y80 res-text\">\n                                <div class=\"text-box-content text box-shadow-3\">\n              \n              <div class=\"text-inner text-center\">\n                  \n<h1><span style=\"font-size: 70%;\"><span data-text-color=\"secondary\">Biotee f\u00fcr<br \/>\nCatering und Events<\/span><\/span><\/h1>\n<a href=\"https:\/\/www.sempertea.eu\/de\/kontakt\/\" class=\"button success is-large lowercase\" style=\"border-radius:99px;padding:5px 5px 5px 5;\">\n\t\t<span>Mehr wissen<\/span>\n\t<\/a>\n\n              <\/div>\n           <\/div>\n                            \n<style>\n#text-box-697179329 .text-box-content {\n  background-color: rgba(80, 78, 83, 0.27);\n  font-size: 100%;\n}\n#text-box-697179329 {\n  width: 60%;\n}\n@media (min-width:550px) {\n  #text-box-697179329 {\n    width: 44%;\n  }\n}\n<\/style>\n    <\/div>\n \n        <\/div>\n      <\/div>\n\n            \n<style>\n#banner-610834366 {\n  padding-top: 675px;\n}\n#banner-610834366 .overlay {\n  background-color: rgba(0, 0, 0, 0.2);\n}\n#banner-610834366 .banner-bg img {\n  object-position: 41% 100%;\n}\n<\/style>\n  <\/div>\n\n\n\t\t<\/div>\n\n\t\t\n<style>\n#section_1024887386 {\n  padding-top: 0px;\n  padding-bottom: 0px;\n  min-height: 350px;\n  background-color: rgb(80, 78, 83);\n}\n@media (min-width:550px) {\n  #section_1024887386 {\n    min-height: 450px;\n  }\n}\n@media (min-width:850px) {\n  #section_1024887386 {\n    min-height: 500px;\n  }\n}\n<\/style>\n\t<\/section>\n\t\n\n\t<section class=\"section\" id=\"section_926029638\">\n\t\t<div class=\"section-bg fill\" >\n\t\t\t\t\t\t\t\t\t<div class=\"section-bg-overlay absolute fill\"><\/div>\n\t\t\t\n\n\t\t<\/div>\n\n\t\t\n\n\t\t<div class=\"section-content relative\">\n\t\t\t\n<div class=\"row\" style=\"max-width:1200px\" id=\"row-158813223\">\n\n\t<div id=\"col-28690084\" class=\"col small-12 large-12\"  >\n\t\t\t\t<div class=\"col-inner\"  >\n\t\t\t\n\t\t\t\n<div class=\"row align-middle align-right\" style=\"max-width:1200px\" id=\"row-1197378800\">\n\n\t<div id=\"col-16667603\" class=\"col medium-12 small-12 large-6\"  >\n\t\t\t\t<div class=\"col-inner\" style=\"background-color:rgb(80, 78, 83);\" >\n\t\t\t\n\t\t\t\n\t<div id=\"gap-254843489\" class=\"gap-element clearfix\" style=\"display:block; height:auto;\">\n\t\t\n<style>\n#gap-254843489 {\n  padding-top: 5px;\n}\n@media (min-width:550px) {\n  #gap-254843489 {\n    padding-top: 50px;\n  }\n}\n<\/style>\n\t<\/div>\n\t\n<h2><span data-text-color=\"secondary\">Auf die Details kommt es an<\/span><\/h2>\n<p style=\"text-align: left;\"><span data-text-color=\"secondary\">Wir wissen, wie wichtig die Produktpr\u00e4sentation ist. Bei der Teeauswahl ist nicht nur der Geschmack wichtig, sondern auch die Verpackung und Pr\u00e4sentation. Semper Tea bietet Qualit\u00e4t in attraktivem Packaging.<\/span><\/p>\n<a href=\"https:\/\/www.sempertea.eu\/contacto\/\" class=\"button success lowercase\" style=\"border-radius:30px;padding:5px 30px 5px 30px;\">\n\t\t<span>Kontaktieren Sie uns<\/span>\n\t<\/a>\n\n\t\t<\/div>\n\t\t\t\t\n<style>\n#col-16667603 > .col-inner {\n  padding: 50px 30px 50px 30px;\n}\n<\/style>\n\t<\/div>\n\n\t\n\n\t<div id=\"col-1167348938\" class=\"col medium-12 small-12 large-6 medium-col-first\"  >\n\t\t\t\t<div class=\"col-inner text-right\" style=\"background-color:rgb(80, 78, 83);\" >\n\t\t\t\n\t\t\t\n\n  <div class=\"banner has-hover\" id=\"banner-691265541\">\n          <div class=\"banner-inner fill\">\n        <div class=\"banner-bg fill\" >\n            <img loading=\"lazy\" decoding=\"async\" width=\"683\" height=\"1024\" src=\"https:\/\/www.sempertea.eu\/wp-content\/uploads\/2021\/08\/te-para-catering-eventos-seleccion-de-lujo-semper-tea-683x1024.jpg\" class=\"bg attachment-large size-large\" alt=\"\" \/>                                    \n                    <\/div>\n\t\t\n        <div class=\"banner-layers container\">\n            <div class=\"fill banner-link\"><\/div>            \n        <\/div>\n      <\/div>\n\n            \n<style>\n#banner-691265541 {\n  padding-top: 300px;\n  background-color: rgb(255, 255, 255);\n}\n#banner-691265541 .banner-bg img {\n  object-position: 92% 40%;\n}\n@media (min-width:550px) {\n  #banner-691265541 {\n    padding-top: 400px;\n  }\n}\n@media (min-width:850px) {\n  #banner-691265541 {\n    padding-top: 650px;\n  }\n}\n<\/style>\n  <\/div>\n\n\n\t\t<\/div>\n\t\t\t\t\n<style>\n#col-1167348938 > .col-inner {\n  padding: 50px 40px 20px 10px;\n}\n<\/style>\n\t<\/div>\n\n\t\n\n<style>\n#row-1197378800 > .col > .col-inner {\n  background-color: rgb(80, 78, 83);\n}\n<\/style>\n<\/div>\n\t\t<\/div>\n\t\t\t\t\n<style>\n#col-28690084 > .col-inner {\n  margin: -150px 0px 0px 0px;\n}\n<\/style>\n\t<\/div>\n\n\t\n\n<style>\n#row-158813223 > .col > .col-inner {\n  background-color: rgb(80, 78, 83);\n}\n<\/style>\n<\/div>\n\t\t<\/div>\n\n\t\t\n<style>\n#section_926029638 {\n  padding-top: 30px;\n  padding-bottom: 30px;\n  background-color: rgb(80, 78, 83);\n}\n#section_926029638 .section-bg-overlay {\n  background-color: rgb(80, 78, 83);\n}\n<\/style>\n\t<\/section>\n\t\n\t<div id=\"gap-69613986\" class=\"gap-element clearfix\" style=\"display:block; height:auto;\">\n\t\t\n<style>\n#gap-69613986 {\n  padding-top: 100px;\n}\n<\/style>\n\t<\/div>\n\t\n  <div class=\"banner-grid-wrapper\">\n  <div id=\"banner-grid-1875259036\" class=\"banner-grid row row-grid row-small\" data-packery-options=\"\">\n                      \n<div class=\"col grid-col large-8 grid-col-2-3\" ><div class=\"col-inner\">\n\t<div class=\"img has-hover x md-x lg-x y md-y lg-y\" id=\"image_627322640\">\n\t\t<a class=\"\" href=\"https:\/\/www.sempertea.eu\/infusiones-libres-de-plastico\/\" >\t\t\t\t\t\t<div class=\"img-inner dark\" >\n\t\t\t<img loading=\"lazy\" decoding=\"async\" width=\"300\" height=\"225\" src=\"https:\/\/www.sempertea.eu\/wp-content\/uploads\/2024\/07\/importancia-del-diseno-atractivo-del-te-semper-tea-300x225.jpg\" class=\"attachment-medium size-medium\" alt=\"importancia del diseno atractivo del te semper tea\" srcset=\"https:\/\/www.sempertea.eu\/wp-content\/uploads\/2024\/07\/importancia-del-diseno-atractivo-del-te-semper-tea-300x225.jpg 300w, https:\/\/www.sempertea.eu\/wp-content\/uploads\/2024\/07\/importancia-del-diseno-atractivo-del-te-semper-tea-1024x768.jpg 1024w, https:\/\/www.sempertea.eu\/wp-content\/uploads\/2024\/07\/importancia-del-diseno-atractivo-del-te-semper-tea-768x576.jpg 768w, https:\/\/www.sempertea.eu\/wp-content\/uploads\/2024\/07\/importancia-del-diseno-atractivo-del-te-semper-tea-1536x1152.jpg 1536w, https:\/\/www.sempertea.eu\/wp-content\/uploads\/2024\/07\/importancia-del-diseno-atractivo-del-te-semper-tea-600x450.jpg 600w, https:\/\/www.sempertea.eu\/wp-content\/uploads\/2024\/07\/importancia-del-diseno-atractivo-del-te-semper-tea.jpg 2000w\" sizes=\"auto, (max-width: 300px) 100vw, 300px\" \/>\t\t\t\t\t\t\t<div class=\"overlay\" style=\"background-color: rgba(224, 178, 61, 0.099)\"><\/div>\n\t\t\t\t\t\t\n\t\t\t\t\t<\/div>\n\t\t\t\t\t\t<\/a>\t\t\n<style>\n#image_627322640 {\n  width: 100%;\n}\n<\/style>\n\t<\/div>\n\t\n<\/div><\/div>\n<div class=\"col grid-col large-4 grid-col-2-3\" ><div class=\"col-inner\">\n\t<div class=\"img has-hover x md-x lg-x y md-y lg-y\" id=\"image_1491885138\">\n\t\t\t\t\t\t\t\t<div class=\"img-inner dark\" >\n\t\t\t<img loading=\"lazy\" decoding=\"async\" width=\"1000\" height=\"662\" src=\"https:\/\/www.sempertea.eu\/wp-content\/uploads\/2021\/02\/infusiones-para-restaurantes-en-el-hotel-semper-tea.jpg\" class=\"attachment-original size-original\" alt=\"\" srcset=\"https:\/\/www.sempertea.eu\/wp-content\/uploads\/2021\/02\/infusiones-para-restaurantes-en-el-hotel-semper-tea.jpg 1000w, https:\/\/www.sempertea.eu\/wp-content\/uploads\/2021\/02\/infusiones-para-restaurantes-en-el-hotel-semper-tea-300x199.jpg 300w, https:\/\/www.sempertea.eu\/wp-content\/uploads\/2021\/02\/infusiones-para-restaurantes-en-el-hotel-semper-tea-768x508.jpg 768w, https:\/\/www.sempertea.eu\/wp-content\/uploads\/2021\/02\/infusiones-para-restaurantes-en-el-hotel-semper-tea-600x397.jpg 600w\" sizes=\"auto, (max-width: 1000px) 100vw, 1000px\" \/>\t\t\t\t\t\t\t<div class=\"overlay\" style=\"background-color: rgba(224, 178, 61, 0.099)\"><\/div>\n\t\t\t\t\t\t\n\t\t\t\t\t<\/div>\n\t\t\t\t\t\t\t\t\n<style>\n#image_1491885138 {\n  width: 100%;\n}\n<\/style>\n\t<\/div>\n\t\n<\/div><\/div>\n<div class=\"col grid-col large-4 grid-col-2-3\" ><div class=\"col-inner\">\n\t<div class=\"img has-hover x md-x lg-x y md-y lg-y\" id=\"image_221990665\">\n\t\t\t\t\t\t\t\t<div class=\"img-inner dark\" >\n\t\t\t<img loading=\"lazy\" decoding=\"async\" width=\"1000\" height=\"1000\" src=\"https:\/\/www.sempertea.eu\/wp-content\/uploads\/2021\/08\/cajas-para-guardar-te-piramides-semper-tea.jpg\" class=\"attachment-original size-original\" alt=\"Pyramiden-Teevorratskisten Semper Tea\" srcset=\"https:\/\/www.sempertea.eu\/wp-content\/uploads\/2021\/08\/cajas-para-guardar-te-piramides-semper-tea.jpg 1000w, https:\/\/www.sempertea.eu\/wp-content\/uploads\/2021\/08\/cajas-para-guardar-te-piramides-semper-tea-300x300.jpg 300w, https:\/\/www.sempertea.eu\/wp-content\/uploads\/2021\/08\/cajas-para-guardar-te-piramides-semper-tea-150x150.jpg 150w, https:\/\/www.sempertea.eu\/wp-content\/uploads\/2021\/08\/cajas-para-guardar-te-piramides-semper-tea-768x768.jpg 768w, https:\/\/www.sempertea.eu\/wp-content\/uploads\/2021\/08\/cajas-para-guardar-te-piramides-semper-tea-600x600.jpg 600w, https:\/\/www.sempertea.eu\/wp-content\/uploads\/2021\/08\/cajas-para-guardar-te-piramides-semper-tea-100x100.jpg 100w\" sizes=\"auto, (max-width: 1000px) 100vw, 1000px\" \/>\t\t\t\t\t\t\t<div class=\"overlay\" style=\"background-color: rgba(224, 178, 61, 0.099)\"><\/div>\n\t\t\t\t\t\t\n\t\t\t\t\t<\/div>\n\t\t\t\t\t\t\t\t\n<style>\n#image_221990665 {\n  width: 100%;\n}\n<\/style>\n\t<\/div>\n\t\n<\/div><\/div>\n<div class=\"col grid-col large-8 grid-col-2-3\" ><div class=\"col-inner\">\n\t<div class=\"img has-hover x md-x lg-x y md-y lg-y\" id=\"image_125139442\">\n\t\t\t\t\t\t\t\t<div class=\"img-inner dark\" >\n\t\t\t<img loading=\"lazy\" decoding=\"async\" width=\"1020\" height=\"765\" src=\"https:\/\/www.sempertea.eu\/wp-content\/uploads\/2024\/07\/tes-gourmet-para-eventos-y-catering-semper-tea-1024x768.jpg\" class=\"attachment-large size-large\" alt=\"tes gourmet para eventos y catering semper tea\" srcset=\"https:\/\/www.sempertea.eu\/wp-content\/uploads\/2024\/07\/tes-gourmet-para-eventos-y-catering-semper-tea-1024x768.jpg 1024w, https:\/\/www.sempertea.eu\/wp-content\/uploads\/2024\/07\/tes-gourmet-para-eventos-y-catering-semper-tea-300x225.jpg 300w, https:\/\/www.sempertea.eu\/wp-content\/uploads\/2024\/07\/tes-gourmet-para-eventos-y-catering-semper-tea-768x576.jpg 768w, https:\/\/www.sempertea.eu\/wp-content\/uploads\/2024\/07\/tes-gourmet-para-eventos-y-catering-semper-tea-1536x1152.jpg 1536w, https:\/\/www.sempertea.eu\/wp-content\/uploads\/2024\/07\/tes-gourmet-para-eventos-y-catering-semper-tea-600x450.jpg 600w, https:\/\/www.sempertea.eu\/wp-content\/uploads\/2024\/07\/tes-gourmet-para-eventos-y-catering-semper-tea.jpg 2000w\" sizes=\"auto, (max-width: 1020px) 100vw, 1020px\" \/>\t\t\t\t\t\t\t<div class=\"overlay\" style=\"background-color: rgba(224, 178, 61, 0.099)\"><\/div>\n\t\t\t\t\t\t\n\t\t\t\t\t<\/div>\n\t\t\t\t\t\t\t\t\n<style>\n#image_125139442 {\n  width: 100%;\n}\n<\/style>\n\t<\/div>\n\t\n<\/div><\/div>\n            <\/div>\n    <style>\n    #banner-grid-1875259036 .grid-col-1{height: 600px}\n    #banner-grid-1875259036 .grid-col-1-2{height: 300px}\n    #banner-grid-1875259036 .grid-col-1-3{height:200px}\n    #banner-grid-1875259036 .grid-col-2-3{height: 400px}\n    #banner-grid-1875259036 .grid-col-1-4{height: 150px}\n    #banner-grid-1875259036 .grid-col-3-4{height: 450px}\n\n\n    \n    \n\n  <\/style>\n    <\/div>\n  \n\t<div id=\"gap-299664553\" class=\"gap-element clearfix\" style=\"display:block; height:auto;\">\n\t\t\n<style>\n#gap-299664553 {\n  padding-top: 80px;\n}\n<\/style>\n\t<\/div>\n\t\n\n\t<section class=\"section\" id=\"section_135208815\">\n\t\t<div class=\"section-bg fill\" >\n\t\t\t\t\t\t\t\t\t\n\t\t\t\n\n\t\t<\/div>\n\n\t\t\n\n\t\t<div class=\"section-content relative\">\n\t\t\t\n\t<div id=\"gap-1562057721\" class=\"gap-element clearfix\" style=\"display:block; height:auto;\">\n\t\t\n<style>\n#gap-1562057721 {\n  padding-top: 30px;\n}\n<\/style>\n\t<\/div>\n\t\n<div class=\"row\" style=\"max-width:1200px\" id=\"row-1203839892\">\n\n\t<div id=\"col-1186533934\" class=\"col medium-6 small-12 large-6\"  >\n\t\t\t\t<div class=\"col-inner\"  >\n\t\t\t\n\t\t\t\n<h3><span data-text-color=\"secondary\">Eine ideale Tee-Pr\u00e4sentation f\u00fcr die Veranstaltung<\/span><\/h3>\n<p><span data-text-color=\"secondary\">Semper Tea spricht alle Sinne an. Premium Qualit\u00e4t, Nachhaltigkeit, tolles Design und wunderbare Aromen.<\/span><\/p>\n\t\t<\/div>\n\t\t\t\t\t<\/div>\n\n\t\n\n\t<div id=\"col-1892707561\" class=\"col medium-6 small-12 large-6\"  >\n\t\t\t\t<div class=\"col-inner\"  >\n\t\t\t\n\t\t\t\n<h3><span data-text-color=\"secondary\">Den perfekten Moment feiern.<\/span><\/h3>\n<p><span data-text-color=\"secondary\">Bei Semper Tea k\u00fcmmern wir uns um jedes Detail. Von der Teeauswahl bis zur eleganten Pr\u00e4sentation in Teeboxen und Displays. Somit wird die Veranstaltung ein voller Erfolg.<\/span><\/p>\n\t\t<\/div>\n\t\t\t\t\t<\/div>\n\n\t\n<\/div>\n\t<div id=\"gap-1286068116\" class=\"gap-element clearfix\" style=\"display:block; height:auto;\">\n\t\t\n<style>\n#gap-1286068116 {\n  padding-top: 40px;\n}\n@media (min-width:850px) {\n  #gap-1286068116 {\n    padding-top: 10px;\n  }\n}\n<\/style>\n\t<\/div>\n\t\n\t\t<\/div>\n\n\t\t\n<style>\n#section_135208815 {\n  padding-top: 15px;\n  padding-bottom: 15px;\n  background-color: rgb(80, 78, 83);\n}\n<\/style>\n\t<\/section>\n\t\n\n  <div class=\"banner has-hover\" id=\"banner-2135217665\">\n          <div class=\"banner-inner fill\">\n        <div class=\"banner-bg fill\" >\n            <img loading=\"lazy\" decoding=\"async\" width=\"2500\" height=\"1667\" src=\"https:\/\/www.sempertea.eu\/wp-content\/uploads\/2021\/02\/te-para-catering-eventos-comuniones-semper-tea.jpg\" class=\"bg attachment-original size-original\" alt=\"\" \/>                        <div class=\"overlay\"><\/div>            \n                    <\/div>\n\t\t\n        <div class=\"banner-layers container\">\n            <div class=\"fill banner-link\"><\/div>            \n   <div id=\"text-box-71513237\" class=\"text-box banner-layer x50 md-x50 lg-x50 y95 md-y95 lg-y95 res-text\">\n                                <div class=\"text-box-content text \">\n              \n              <div class=\"text-inner text-center\">\n                  \n<h4><span data-text-color=\"secondary\"><strong>Wenn Sie f\u00fcr Ihr n\u00e4chstes Catering ein ansprechendes Teesortiment anbieten m\u00f6chten, freuen wir uns von Ihnen zu h\u00f6ren.<\/strong><\/span><\/h4>\n<a href=\"https:\/\/www.sempertea.eu\/contacto\/\" class=\"button success is-large lowercase\" style=\"border-radius:30px;\">\n\t\t<span>Interessiert mich.<\/span>\n\t<\/a>\n\n              <\/div>\n           <\/div>\n                            \n<style>\n#text-box-71513237 .text-box-content {\n  background-color: rgba(85, 83, 83, 0.465);\n  font-size: 100%;\n}\n#text-box-71513237 .text-inner {\n  padding: 20px 20px 20px 20px;\n}\n#text-box-71513237 {\n  width: 60%;\n}\n@media (min-width:550px) {\n  #text-box-71513237 {\n    width: 50%;\n  }\n}\n<\/style>\n    <\/div>\n \n        <\/div>\n      <\/div>\n\n            \n<style>\n#banner-2135217665 {\n  padding-top: 550px;\n}\n#banner-2135217665 .overlay {\n  background-color: rgba(0, 0, 0, 0.2);\n}\n#banner-2135217665 .banner-bg img {\n  object-position: 0% 62%;\n}\n<\/style>\n  <\/div>\n\n\n","protected":false},"excerpt":{"rendered":"","protected":false},"author":1,"featured_media":0,"parent":0,"menu_order":0,"comment_status":"closed","ping_status":"closed","template":"page-blank.php","meta":{"footnotes":""},"class_list":["post-5001","page","type-page","status-publish","hentry"],"yoast_head":"<!-- This site is optimized with the Yoast SEO Premium plugin v27.3 (Yoast SEO v27.3) - https:\/\/yoast.com\/product\/yoast-seo-premium-wordpress\/ -->\n<title>Catering Grosshandel Lieferant | Tee Grossh\u00e4ndler f\u00fcr HoReCa | Semper Tea<\/title>\n<meta name=\"description\" content=\"Elegante Teeboxen aus Holz f\u00fcr Ihr Catering und Ihre Events \ud83c\udf75 Bio-Tee in einer einzigartige Pr\u00e4sentation. Grossh\u00e4ndler f\u00fcr Catering.\" \/>\n<meta name=\"robots\" content=\"index, follow, max-snippet:-1, max-image-preview:large, max-video-preview:-1\" \/>\n<link rel=\"canonical\" href=\"https:\/\/www.sempertea.eu\/te-proveedor-catering-eventos\/\" \/>\n<meta property=\"og:locale\" content=\"de_DE\" \/>\n<meta property=\"og:type\" content=\"article\" \/>\n<meta property=\"og:title\" content=\"Catering &amp; Events\" \/>\n<meta property=\"og:description\" content=\"Elegante Teeboxen aus Holz f\u00fcr Ihr Catering und Ihre Events \ud83c\udf75 Bio-Tee in einer einzigartige Pr\u00e4sentation. Grossh\u00e4ndler f\u00fcr Catering.\" \/>\n<meta property=\"og:url\" content=\"https:\/\/www.sempertea.eu\/te-proveedor-catering-eventos\/\" \/>\n<meta property=\"og:site_name\" content=\"Semper Tea | Mayorista y fabricante de T\u00e9s e Infusiones para hoteles, restaurantes y bares\" \/>\n<meta property=\"article:modified_time\" content=\"2024-07-14T19:20:12+00:00\" \/>\n<meta name=\"twitter:card\" content=\"summary_large_image\" \/>\n<meta name=\"twitter:label1\" content=\"Gesch\u00e4tzte Lesezeit\" \/>\n\t<meta name=\"twitter:data1\" content=\"2\u00a0Minuten\" \/>\n<script type=\"application\/ld+json\" class=\"yoast-schema-graph\">{\"@context\":\"https:\\\/\\\/schema.org\",\"@graph\":[{\"@type\":\"WebPage\",\"@id\":\"https:\\\/\\\/www.sempertea.eu\\\/te-proveedor-catering-eventos\\\/\",\"url\":\"https:\\\/\\\/www.sempertea.eu\\\/te-proveedor-catering-eventos\\\/\",\"name\":\"Catering Grosshandel Lieferant | Tee Grossh\u00e4ndler f\u00fcr HoReCa | Semper Tea\",\"isPartOf\":{\"@id\":\"https:\\\/\\\/www.sempertea.eu\\\/#website\"},\"datePublished\":\"2022-07-16T14:47:01+00:00\",\"dateModified\":\"2024-07-14T19:20:12+00:00\",\"description\":\"Elegante Teeboxen aus Holz f\u00fcr Ihr Catering und Ihre Events \ud83c\udf75 Bio-Tee in einer einzigartige Pr\u00e4sentation. Grossh\u00e4ndler f\u00fcr Catering.\",\"breadcrumb\":{\"@id\":\"https:\\\/\\\/www.sempertea.eu\\\/te-proveedor-catering-eventos\\\/#breadcrumb\"},\"inLanguage\":\"de\",\"potentialAction\":[{\"@type\":\"ReadAction\",\"target\":[\"https:\\\/\\\/www.sempertea.eu\\\/te-proveedor-catering-eventos\\\/\"]}]},{\"@type\":\"BreadcrumbList\",\"@id\":\"https:\\\/\\\/www.sempertea.eu\\\/te-proveedor-catering-eventos\\\/#breadcrumb\",\"itemListElement\":[{\"@type\":\"ListItem\",\"position\":1,\"name\":\"Portada\",\"item\":\"https:\\\/\\\/www.sempertea.eu\\\/de\\\/\"},{\"@type\":\"ListItem\",\"position\":2,\"name\":\"Catering &amp; Events\"}]},{\"@type\":\"WebSite\",\"@id\":\"https:\\\/\\\/www.sempertea.eu\\\/#website\",\"url\":\"https:\\\/\\\/www.sempertea.eu\\\/\",\"name\":\"Semper Tea | Mayorista y fabricante de T\u00e9s e Infusiones para hoteles, restaurantes y bares\",\"description\":\"T\u00e9s e infusiones para hosteler\u00eda, hoteler\u00eda y comercio\",\"potentialAction\":[{\"@type\":\"SearchAction\",\"target\":{\"@type\":\"EntryPoint\",\"urlTemplate\":\"https:\\\/\\\/www.sempertea.eu\\\/?s={search_term_string}\"},\"query-input\":{\"@type\":\"PropertyValueSpecification\",\"valueRequired\":true,\"valueName\":\"search_term_string\"}}],\"inLanguage\":\"de\"}]}<\/script>\n<!-- \/ Yoast SEO Premium plugin. -->","yoast_head_json":{"title":"Catering Grosshandel Lieferant | Tee Grossh\u00e4ndler f\u00fcr HoReCa | Semper Tea","description":"Elegante Teeboxen aus Holz f\u00fcr Ihr Catering und Ihre Events \ud83c\udf75 Bio-Tee in einer einzigartige Pr\u00e4sentation. Grossh\u00e4ndler f\u00fcr Catering.","robots":{"index":"index","follow":"follow","max-snippet":"max-snippet:-1","max-image-preview":"max-image-preview:large","max-video-preview":"max-video-preview:-1"},"canonical":"https:\/\/www.sempertea.eu\/te-proveedor-catering-eventos\/","og_locale":"de_DE","og_type":"article","og_title":"Catering &amp; Events","og_description":"Elegante Teeboxen aus Holz f\u00fcr Ihr Catering und Ihre Events \ud83c\udf75 Bio-Tee in einer einzigartige Pr\u00e4sentation. Grossh\u00e4ndler f\u00fcr Catering.","og_url":"https:\/\/www.sempertea.eu\/te-proveedor-catering-eventos\/","og_site_name":"Semper Tea | Mayorista y fabricante de T\u00e9s e Infusiones para hoteles, restaurantes y bares","article_modified_time":"2024-07-14T19:20:12+00:00","twitter_card":"summary_large_image","twitter_misc":{"Gesch\u00e4tzte Lesezeit":"2\u00a0Minuten"},"schema":{"@context":"https:\/\/schema.org","@graph":[{"@type":"WebPage","@id":"https:\/\/www.sempertea.eu\/te-proveedor-catering-eventos\/","url":"https:\/\/www.sempertea.eu\/te-proveedor-catering-eventos\/","name":"Catering Grosshandel Lieferant | Tee Grossh\u00e4ndler f\u00fcr HoReCa | Semper Tea","isPartOf":{"@id":"https:\/\/www.sempertea.eu\/#website"},"datePublished":"2022-07-16T14:47:01+00:00","dateModified":"2024-07-14T19:20:12+00:00","description":"Elegante Teeboxen aus Holz f\u00fcr Ihr Catering und Ihre Events \ud83c\udf75 Bio-Tee in einer einzigartige Pr\u00e4sentation. Grossh\u00e4ndler f\u00fcr Catering.","breadcrumb":{"@id":"https:\/\/www.sempertea.eu\/te-proveedor-catering-eventos\/#breadcrumb"},"inLanguage":"de","potentialAction":[{"@type":"ReadAction","target":["https:\/\/www.sempertea.eu\/te-proveedor-catering-eventos\/"]}]},{"@type":"BreadcrumbList","@id":"https:\/\/www.sempertea.eu\/te-proveedor-catering-eventos\/#breadcrumb","itemListElement":[{"@type":"ListItem","position":1,"name":"Portada","item":"https:\/\/www.sempertea.eu\/de\/"},{"@type":"ListItem","position":2,"name":"Catering &amp; Events"}]},{"@type":"WebSite","@id":"https:\/\/www.sempertea.eu\/#website","url":"https:\/\/www.sempertea.eu\/","name":"Semper Tea | Mayorista y fabricante de T\u00e9s e Infusiones para hoteles, restaurantes y bares","description":"T\u00e9s e infusiones para hosteler\u00eda, hoteler\u00eda y comercio","potentialAction":[{"@type":"SearchAction","target":{"@type":"EntryPoint","urlTemplate":"https:\/\/www.sempertea.eu\/?s={search_term_string}"},"query-input":{"@type":"PropertyValueSpecification","valueRequired":true,"valueName":"search_term_string"}}],"inLanguage":"de"}]}},"_links":{"self":[{"href":"https:\/\/www.sempertea.eu\/de\/wp-json\/wp\/v2\/pages\/5001","targetHints":{"allow":["GET"]}}],"collection":[{"href":"https:\/\/www.sempertea.eu\/de\/wp-json\/wp\/v2\/pages"}],"about":[{"href":"https:\/\/www.sempertea.eu\/de\/wp-json\/wp\/v2\/types\/page"}],"author":[{"embeddable":true,"href":"https:\/\/www.sempertea.eu\/de\/wp-json\/wp\/v2\/users\/1"}],"replies":[{"embeddable":true,"href":"https:\/\/www.sempertea.eu\/de\/wp-json\/wp\/v2\/comments?post=5001"}],"version-history":[{"count":0,"href":"https:\/\/www.sempertea.eu\/de\/wp-json\/wp\/v2\/pages\/5001\/revisions"}],"wp:attachment":[{"href":"https:\/\/www.sempertea.eu\/de\/wp-json\/wp\/v2\/media?parent=5001"}],"curies":[{"name":"wp","href":"https:\/\/api.w.org\/{rel}","templated":true}]}}