{"id":4990,"date":"2022-07-16T15:33:28","date_gmt":"2022-07-16T14:33:28","guid":{"rendered":"https:\/\/www.sempertea.eu\/cafes-bars\/"},"modified":"2024-07-14T19:50:34","modified_gmt":"2024-07-14T18:50:34","slug":"cafes-bars","status":"publish","type":"page","link":"https:\/\/www.sempertea.eu\/de\/cafes-bars\/","title":{"rendered":"Caf\u00e9s"},"content":{"rendered":"<div class=\"row row-collapse row-full-width align-middle align-center\"  id=\"row-2093163331\">\n\n\t<div id=\"col-1232475093\" class=\"col medium-10 small-11 large-4\"  >\n\t\t\t\t<div class=\"col-inner\"  >\n\t\t\t\n\t\t\t\n<h1><span style=\"font-size: 120%;\">Tee f\u00fcr Caf\u00e9s<\/h1>\n<p><strong>TEE MAL ANDERS<\/strong><\/p>\n<p>Semper Tea ist auch Ihr Partner, wenn es um Biotees f\u00fcr Caf\u00e9s geht. Mit unserem umfangreichen Teesortiment in verschiedenen Formaten, heben Sie sich garantiert von der Masse ab.<\/p>\n<a href=\"https:\/\/www.sempertea.eu\/de\/kontakt\/\" class=\"button success lowercase\" style=\"border-radius:99px;\">\n\t\t<span>Senden Sie uns ein Whatsapp<\/span>\n\t<\/a>\n\n\t\t<\/div>\n\t\t\t\t\n<style>\n#col-1232475093 > .col-inner {\n  padding: 20px 10% 20px 10%;\n}\n<\/style>\n\t<\/div>\n\n\t\n\n\t<div id=\"col-1581560036\" class=\"col medium-12 small-12 large-8 medium-col-first\"  >\n\t\t\t\t<div class=\"col-inner\"  >\n\t\t\t\n\t\t\t\n\n  <div class=\"banner has-hover\" id=\"banner-1518435328\">\n          <div class=\"banner-inner fill\">\n        <div class=\"banner-bg fill\" >\n            <img loading=\"lazy\" decoding=\"async\" width=\"2500\" height=\"1656\" src=\"https:\/\/www.sempertea.eu\/wp-content\/uploads\/2021\/02\/te-para-cafeteria-semper-tea.jpg\" class=\"bg attachment-original size-original\" alt=\"\" \/>                        <div class=\"overlay\"><\/div>            \n                    <\/div>\n\t\t\n        <div class=\"banner-layers container\">\n            <div class=\"fill banner-link\"><\/div>            \n        <\/div>\n      <\/div>\n\n            \n<style>\n#banner-1518435328 {\n  padding-top: 300px;\n  background-color: rgb(255, 255, 255);\n}\n#banner-1518435328 .overlay {\n  background-color: rgba(213, 144, 28, 0.087);\n}\n#banner-1518435328 .banner-bg img {\n  object-position: 15% 60%;\n}\n@media (min-width:550px) {\n  #banner-1518435328 {\n    padding-top: 500px;\n  }\n}\n@media (min-width:850px) {\n  #banner-1518435328 {\n    padding-top: 500px;\n  }\n}\n<\/style>\n  <\/div>\n\n\n\t\t<\/div>\n\t\t\t\t\t<\/div>\n\n\t\n<\/div>\n<div class=\"row row-collapse row-full-width align-middle align-center\"  id=\"row-155957570\">\n\n\t<div id=\"col-697330903\" class=\"col medium-12 small-12 large-4\"  >\n\t\t\t\t<div class=\"col-inner\"  >\n\t\t\t\n\t\t\t\n\n  <div class=\"banner has-hover\" id=\"banner-269813643\">\n          <div class=\"banner-inner fill\">\n        <div class=\"banner-bg fill\" >\n            <img loading=\"lazy\" decoding=\"async\" width=\"1500\" height=\"2000\" src=\"https:\/\/www.sempertea.eu\/wp-content\/uploads\/2024\/07\/nuevas-sensaciones-en-el-consumo-de-te-semper-tea.jpg\" class=\"bg attachment-original size-original\" alt=\"nuevas sensaciones en el consumo de te semper tea\" \/>                                    \n                    <\/div>\n\t\t\n        <div class=\"banner-layers container\">\n            <div class=\"fill banner-link\"><\/div>            \n        <\/div>\n      <\/div>\n\n            \n<style>\n#banner-269813643 {\n  padding-top: 300px;\n  background-color: rgb(255, 255, 255);\n}\n#banner-269813643 .banner-bg img {\n  object-position: 61% 21%;\n}\n@media (min-width:550px) {\n  #banner-269813643 {\n    padding-top: 500px;\n  }\n}\n<\/style>\n  <\/div>\n\n\n\t\t<\/div>\n\t\t\t\t\t<\/div>\n\n\t\n\n\t<div id=\"col-68236543\" class=\"col medium-10 small-11 large-4\"  >\n\t\t\t\t<div class=\"col-inner\"  >\n\t\t\t\n\t\t\t\n\t<div id=\"gap-769749131\" class=\"gap-element clearfix\" style=\"display:block; height:auto;\">\n\t\t\n<style>\n#gap-769749131 {\n  padding-top: 50px;\n}\n<\/style>\n\t<\/div>\n\t\n<h2>Ihr Partner f\u00fcr HoReCa &#8211; Semper Tea<\/h2>\n<p>Semper Tea ist Ihr zuverl\u00e4ssiger Partner im HoReCa Bereich. Bei uns finden Sie Biotees und Formate, die am besten zu Ihrem Unternehmen passen: von biologisch abbaubaren Teepyramiden, losen Blatt-Tees, nachhaltigen Verpackungen bis hin zu modernen Teedisplays und Teekisten.<\/p>\n\t<div id=\"gap-931044709\" class=\"gap-element clearfix\" style=\"display:block; height:auto;\">\n\t\t\n<style>\n#gap-931044709 {\n  padding-top: 50px;\n}\n<\/style>\n\t<\/div>\n\t\n\t\t<\/div>\n\t\t\t\t\n<style>\n#col-68236543 > .col-inner {\n  padding: 0px 10% 0px 10%;\n}\n<\/style>\n\t<\/div>\n\n\t\n\n\t<div id=\"col-1498211554\" class=\"col medium-12 small-12 large-4\"  >\n\t\t\t\t<div class=\"col-inner\"  >\n\t\t\t\n\t\t\t\n\n  <div class=\"banner has-hover\" id=\"banner-666378156\">\n          <div class=\"banner-inner fill\">\n        <div class=\"banner-bg fill\" >\n            <img loading=\"lazy\" decoding=\"async\" width=\"1500\" height=\"1999\" src=\"https:\/\/www.sempertea.eu\/wp-content\/uploads\/2021\/02\/cafe-y-te-en-cafeteria-semper-tea.jpg\" class=\"bg attachment-original size-original\" alt=\"\" \/>                                    \n                    <\/div>\n\t\t\n        <div class=\"banner-layers container\">\n            <div class=\"fill banner-link\"><\/div>            \n        <\/div>\n      <\/div>\n\n            \n<style>\n#banner-666378156 {\n  padding-top: 300px;\n  background-color: rgb(255, 255, 255);\n}\n#banner-666378156 .banner-bg img {\n  object-position: 54% 89%;\n}\n@media (min-width:550px) {\n  #banner-666378156 {\n    padding-top: 500px;\n  }\n}\n<\/style>\n  <\/div>\n\n\n\t\t<\/div>\n\t\t\t\t\t<\/div>\n\n\t\n<\/div>\n\n\t<section class=\"section\" id=\"section_1715855598\">\n\t\t<div class=\"section-bg fill\" >\n\t\t\t\t\t\t\t\t\t\n\t\t\t\n\n\t\t<\/div>\n\n\t\t\n\n\t\t<div class=\"section-content relative\">\n\t\t\t\n\t<div id=\"gap-1705791827\" class=\"gap-element clearfix\" style=\"display:block; height:auto;\">\n\t\t\n<style>\n#gap-1705791827 {\n  padding-top: 30px;\n}\n<\/style>\n\t<\/div>\n\t\n<div class=\"row row-small align-equal\"  id=\"row-989353688\">\n\n\t<div id=\"col-1858740917\" class=\"col medium-7 small-12 large-8\"  >\n\t\t\t\t<div class=\"col-inner\"  >\n\t\t\t\n\t\t\t\n\n  <div class=\"banner has-hover\" id=\"banner-1620116388\">\n          <div class=\"banner-inner fill\">\n        <div class=\"banner-bg fill\" >\n            <img loading=\"lazy\" decoding=\"async\" width=\"1020\" height=\"765\" src=\"https:\/\/www.sempertea.eu\/wp-content\/uploads\/2024\/07\/experiencias-de-consumo-te-organico-semper-tea-1024x768.jpg\" class=\"bg attachment-large size-large\" alt=\"Experiencias de consumo de t\u00e9 org\u00e1nico semper tea\" \/>                                    \n                    <\/div>\n\t\t\n        <div class=\"banner-layers container\">\n            <a class=\"fill\" href=\"https:\/\/www.sempertea.eu\/de\/ambar-frei-von-plastik-verpackung-abbaubar-nachhaltig-umweltfreundlich\/\"><div class=\"fill banner-link\"><\/div><\/a>            \n   <div id=\"text-box-1090388408\" class=\"text-box banner-layer x5 md-x5 lg-x5 y95 md-y95 lg-y95 res-text\">\n                                <div class=\"text-box-content text \">\n              \n              <div class=\"text-inner text-center\">\n                  \n\t<div id=\"text-730941731\" class=\"text\">\n\t\t\n<h3 data-line-height=\"s\"><span style=\"font-size: 80%;\">Ambar<br \/>Tee Linie<\/span><\/h3>\n<p>Gr\u00fcne Verpackung<\/p>\n\t\t\n<style>\n#text-730941731 {\n  font-size: 1rem;\n  color: rgb(255,255,255);\n}\n#text-730941731 > * {\n  color: rgb(255,255,255);\n}\n<\/style>\n\t<\/div>\n\t\n<a href=\"https:\/\/www.sempertea.eu\/de\/ambar-frei-von-plastik-verpackung-abbaubar-nachhaltig-umweltfreundlich\/\" class=\"button white lowercase\" style=\"border-radius:99px;\">\n\t\t<span>Mehr kennenlernen<\/span>\n\t<\/a>\n\n              <\/div>\n           <\/div>\n                            \n<style>\n#text-box-1090388408 .text-box-content {\n  background-color: rgba(80, 79, 79, 0.209);\n  font-size: 100%;\n}\n#text-box-1090388408 {\n  width: 30%;\n}\n<\/style>\n    <\/div>\n \n        <\/div>\n      <\/div>\n\n            \n<style>\n#banner-1620116388 {\n  padding-top: 250px;\n  background-color: rgba(255, 255, 255, 0);\n}\n#banner-1620116388 .banner-bg img {\n  object-position: 56% 0%;\n}\n@media (min-width:550px) {\n  #banner-1620116388 {\n    padding-top: 400px;\n  }\n}\n<\/style>\n  <\/div>\n\n\n\t\t<\/div>\n\t\t\t\t\t<\/div>\n\n\t\n\n\t<div id=\"col-1226361109\" class=\"col medium-5 small-12 large-4\"  >\n\t\t\t\t<div class=\"col-inner text-center\"  >\n\t\t\t\n\t\t\t\n\t<div id=\"gap-1998254712\" class=\"gap-element clearfix\" style=\"display:block; height:auto;\">\n\t\t\n<style>\n#gap-1998254712 {\n  padding-top: 20px;\n}\n@media (min-width:550px) {\n  #gap-1998254712 {\n    padding-top: 1px;\n  }\n}\n<\/style>\n\t<\/div>\n\t\n\t<div id=\"text-1055203378\" class=\"text\">\n\t\t\n<h3><span style=\"font-size: 110%;\">Die Wahl des richtigen Tees<\/h3>\n<p>Semper Tea zeichnet sich durch hochwertige Bio-Tees und kreative Teel\u00f6sungen f\u00fcr Ihr Haus aus.<\/p>\n<h3><span style=\"font-size: 110%;\">Wie Sie sich von der Masse abheben<\/h3>\n<p>Tee wird immer beliebter. Seine geschmacklichen und gesundheitlichen Vorteile sowie neue Teemischungen liegen absolut im Trend.<\/p>\n\t\t\n<style>\n#text-1055203378 {\n  font-size: 0.9rem;\n  text-align: left;\n}\n<\/style>\n\t<\/div>\n\t\n\t\t<\/div>\n\t\t\t\t\n<style>\n#col-1226361109 > .col-inner {\n  padding: 0px 0px 0px 0px;\n  margin: 40px 20px 0px 0px;\n}\n<\/style>\n\t<\/div>\n\n\t\n\n<style>\n#row-989353688 > .col > .col-inner {\n  padding: 0px 10px 0px 10px;\n}\n<\/style>\n<\/div>\n\t\t<\/div>\n\n\t\t\n<style>\n#section_1715855598 {\n  padding-top: 30px;\n  padding-bottom: 30px;\n}\n<\/style>\n\t<\/section>\n\t\n<div class=\"row row-collapse row-full-width align-middle align-center\"  id=\"row-1640724876\">\n\n\t<div id=\"col-2127407970\" class=\"col medium-12 small-12 large-4\"  >\n\t\t\t\t<div class=\"col-inner\"  >\n\t\t\t\n\t\t\t\n\n  <div class=\"banner has-hover\" id=\"banner-604086799\">\n          <div class=\"banner-inner fill\">\n        <div class=\"banner-bg fill\" >\n            <img loading=\"lazy\" decoding=\"async\" width=\"1500\" height=\"1500\" src=\"https:\/\/www.sempertea.eu\/wp-content\/uploads\/2024\/07\/calidad-alta-en-tes-infusiones-semper-tea.jpg\" class=\"bg attachment-original size-original\" alt=\"alta calidad en tes semper tea\" \/>                                    \n                    <\/div>\n\t\t\n        <div class=\"banner-layers container\">\n            <a class=\"fill\" href=\"https:\/\/www.sempertea.eu\/de\/tee-pyramidenbeutel-teepyramide-verpackung-abbaubar-nachhaltig\/\"><div class=\"fill banner-link\"><\/div><\/a>            \n   <div id=\"text-box-1440663636\" class=\"text-box banner-layer x5 md-x5 lg-x5 y95 md-y95 lg-y95 res-text\">\n                                <div class=\"text-box-content text \">\n              \n              <div class=\"text-inner text-center\">\n                  \n\t<div id=\"text-1926364675\" class=\"text\">\n\t\t\n<h3 data-line-height=\"s\"><span style=\"font-size: 80%;\">Coral<br \/>Tee Linie<\/span><\/h3>\n<p><span style=\"font-size: 120%;\">Biologisch<\/span><\/p>\n\t\t\n<style>\n#text-1926364675 {\n  font-size: 1rem;\n  color: rgb(255,255,255);\n}\n#text-1926364675 > * {\n  color: rgb(255,255,255);\n}\n<\/style>\n\t<\/div>\n\t\n<a href=\"https:\/\/www.sempertea.eu\/de\/tee-pyramidenbeutel-teepyramide-verpackung-abbaubar-nachhaltig\/\" class=\"button white is-large lowercase\" style=\"border-radius:99px;\">\n\t\t<span>Mehr erfahren<\/span>\n\t<\/a>\n\n              <\/div>\n           <\/div>\n                            \n<style>\n#text-box-1440663636 .text-box-content {\n  background-color: rgba(80, 79, 79, 0.209);\n  font-size: 100%;\n}\n#text-box-1440663636 {\n  width: 30%;\n}\n<\/style>\n    <\/div>\n \n        <\/div>\n      <\/div>\n\n            \n<style>\n#banner-604086799 {\n  padding-top: 300px;\n  background-color: rgb(255, 255, 255);\n}\n#banner-604086799 .banner-bg img {\n  object-position: 54% 89%;\n}\n@media (min-width:550px) {\n  #banner-604086799 {\n    padding-top: 500px;\n  }\n}\n<\/style>\n  <\/div>\n\n\n\t\t<\/div>\n\t\t\t\t\t<\/div>\n\n\t\n\n\t<div id=\"col-1520121537\" class=\"col medium-10 small-11 large-4\"  >\n\t\t\t\t<div class=\"col-inner\"  >\n\t\t\t\n\t\t\t\n\t<div id=\"gap-131891183\" class=\"gap-element clearfix\" style=\"display:block; height:auto;\">\n\t\t\n<style>\n#gap-131891183 {\n  padding-top: 50px;\n}\n<\/style>\n\t<\/div>\n\t\n<h4>Qualit\u00e4t &amp; Design<\/h4>\n<p>Unsere Teedisplays und Teekisten sorgen f\u00fcr Ordnung hinter der Theke oder im SB-Bereich. Sch\u00f6n und zugleich funktional \u2013 zeigen Sie Ihren Kunden die Bedeutung von Qualit\u00e4t, Nachhaltigkeit, Design und Service.<\/p>\n<a href=\"https:\/\/www.sempertea.eu\/de\/kontakt\/\" class=\"button success lowercase\" style=\"border-radius:99px;\">\n\t\t<span>Noch Fragen? Schreiben Sie uns<\/span>\n\t<\/a>\n\n\t<div id=\"gap-1359816074\" class=\"gap-element clearfix\" style=\"display:block; height:auto;\">\n\t\t\n<style>\n#gap-1359816074 {\n  padding-top: 50px;\n}\n<\/style>\n\t<\/div>\n\t\n\t\t<\/div>\n\t\t\t\t\n<style>\n#col-1520121537 > .col-inner {\n  padding: 0px 10% 0px 10%;\n}\n<\/style>\n\t<\/div>\n\n\t\n\n\t<div id=\"col-1304937895\" class=\"col medium-12 small-12 large-4\"  >\n\t\t\t\t<div class=\"col-inner\"  >\n\t\t\t\n\t\t\t\n\n  <div class=\"banner has-hover\" id=\"banner-1285796749\">\n          <div class=\"banner-inner fill\">\n        <div class=\"banner-bg fill\" >\n            <img loading=\"lazy\" decoding=\"async\" width=\"1500\" height=\"1500\" src=\"https:\/\/www.sempertea.eu\/wp-content\/uploads\/2021\/08\/comprar-manzanilla-camomila-natural-ecologica-en-bolsita-semper-tea.jpg\" class=\"bg attachment-original size-original\" alt=\"kamille entz\u00fcndungshemmend haut semper tea\" \/>                                    \n                    <\/div>\n\t\t\n        <div class=\"banner-layers container\">\n            <a class=\"fill\" href=\"https:\/\/www.sempertea.eu\/de\/pearl-teebeutel-aufgussbeutel-bio-tee-teebeutel-teesortiment\/\"><div class=\"fill banner-link\"><\/div><\/a>            \n   <div id=\"text-box-145748849\" class=\"text-box banner-layer x5 md-x5 lg-x5 y95 md-y95 lg-y95 res-text\">\n                                <div class=\"text-box-content text \">\n              \n              <div class=\"text-inner text-center\">\n                  \n\t<div id=\"text-3782054307\" class=\"text\">\n\t\t\n<h3 data-line-height=\"s\"><span style=\"font-size: 80%;\">Pearl<br \/>Tee Linie<\/span><\/h3>\n<p><span style=\"font-size: 120%;\">Ein Allrounder<\/span><\/p>\n\t\t\n<style>\n#text-3782054307 {\n  font-size: 1rem;\n  color: rgb(255,255,255);\n}\n#text-3782054307 > * {\n  color: rgb(255,255,255);\n}\n<\/style>\n\t<\/div>\n\t\n<a href=\"https:\/\/www.sempertea.eu\/de\/pearl-teebeutel-aufgussbeutel-bio-tee-teebeutel-teesortiment\/\" class=\"button white is-large lowercase\" style=\"border-radius:99px;\">\n\t\t<span>Mehr entdecken<\/span>\n\t<\/a>\n\n              <\/div>\n           <\/div>\n                            \n<style>\n#text-box-145748849 .text-box-content {\n  background-color: rgba(80, 79, 79, 0.209);\n  font-size: 100%;\n}\n#text-box-145748849 {\n  width: 30%;\n}\n<\/style>\n    <\/div>\n \n        <\/div>\n      <\/div>\n\n            \n<style>\n#banner-1285796749 {\n  padding-top: 300px;\n  background-color: rgb(255, 255, 255);\n}\n#banner-1285796749 .banner-bg img {\n  object-position: 54% 89%;\n}\n@media (min-width:550px) {\n  #banner-1285796749 {\n    padding-top: 500px;\n  }\n}\n<\/style>\n  <\/div>\n\n\n\t\t<\/div>\n\t\t\t\t\t<\/div>\n\n\t\n<\/div>\n","protected":false},"excerpt":{"rendered":"","protected":false},"author":1,"featured_media":0,"parent":0,"menu_order":0,"comment_status":"closed","ping_status":"closed","template":"page-blank.php","meta":{"footnotes":""},"class_list":["post-4990","page","type-page","status-publish","hentry"],"yoast_head":"<!-- This site is optimized with the Yoast SEO Premium plugin v27.3 (Yoast SEO v27.4) - https:\/\/yoast.com\/product\/yoast-seo-premium-wordpress\/ -->\n<title>Teelieferant f\u00fcr Caf\u00e9s und Bars | Bio-Tee | Semper Tea<\/title>\n<meta name=\"description\" content=\"Machen Sie mit Semper Tea die Teeauswahl f\u00fcr Ihren Gast zum Erlebnis. Bio-Tees f\u00fcr Bars und Caf\u00e9s | \u00dcberraschen Sie mit Qualit\u00e4t.\" \/>\n<meta name=\"robots\" content=\"index, follow, max-snippet:-1, max-image-preview:large, max-video-preview:-1\" \/>\n<link rel=\"canonical\" href=\"https:\/\/www.sempertea.eu\/proveedor-distribuidor-te-infusiones-cafeteria-bar\/\" \/>\n<meta property=\"og:locale\" content=\"de_DE\" \/>\n<meta property=\"og:type\" content=\"article\" \/>\n<meta property=\"og:title\" content=\"Caf\u00e9s\" \/>\n<meta property=\"og:description\" content=\"Machen Sie mit Semper Tea die Teeauswahl f\u00fcr Ihren Gast zum Erlebnis. Bio-Tees f\u00fcr Bars und Caf\u00e9s | \u00dcberraschen Sie mit Qualit\u00e4t.\" \/>\n<meta property=\"og:url\" content=\"https:\/\/www.sempertea.eu\/proveedor-distribuidor-te-infusiones-cafeteria-bar\/\" \/>\n<meta property=\"og:site_name\" content=\"Semper Tea | Mayorista y fabricante de T\u00e9s e Infusiones para hoteles, restaurantes y bares\" \/>\n<meta property=\"article:modified_time\" content=\"2024-07-14T18:50:34+00:00\" \/>\n<meta name=\"twitter:card\" content=\"summary_large_image\" \/>\n<meta name=\"twitter:label1\" content=\"Gesch\u00e4tzte Lesezeit\" \/>\n\t<meta name=\"twitter:data1\" content=\"3\u00a0Minuten\" \/>\n<script type=\"application\/ld+json\" class=\"yoast-schema-graph\">{\"@context\":\"https:\\\/\\\/schema.org\",\"@graph\":[{\"@type\":\"WebPage\",\"@id\":\"https:\\\/\\\/www.sempertea.eu\\\/proveedor-distribuidor-te-infusiones-cafeteria-bar\\\/\",\"url\":\"https:\\\/\\\/www.sempertea.eu\\\/proveedor-distribuidor-te-infusiones-cafeteria-bar\\\/\",\"name\":\"Teelieferant f\u00fcr Caf\u00e9s und Bars | Bio-Tee | Semper Tea\",\"isPartOf\":{\"@id\":\"https:\\\/\\\/www.sempertea.eu\\\/#website\"},\"datePublished\":\"2022-07-16T14:33:28+00:00\",\"dateModified\":\"2024-07-14T18:50:34+00:00\",\"description\":\"Machen Sie mit Semper Tea die Teeauswahl f\u00fcr Ihren Gast zum Erlebnis. Bio-Tees f\u00fcr Bars und Caf\u00e9s | \u00dcberraschen Sie mit Qualit\u00e4t.\",\"breadcrumb\":{\"@id\":\"https:\\\/\\\/www.sempertea.eu\\\/proveedor-distribuidor-te-infusiones-cafeteria-bar\\\/#breadcrumb\"},\"inLanguage\":\"de\",\"potentialAction\":[{\"@type\":\"ReadAction\",\"target\":[\"https:\\\/\\\/www.sempertea.eu\\\/proveedor-distribuidor-te-infusiones-cafeteria-bar\\\/\"]}]},{\"@type\":\"BreadcrumbList\",\"@id\":\"https:\\\/\\\/www.sempertea.eu\\\/proveedor-distribuidor-te-infusiones-cafeteria-bar\\\/#breadcrumb\",\"itemListElement\":[{\"@type\":\"ListItem\",\"position\":1,\"name\":\"Portada\",\"item\":\"https:\\\/\\\/www.sempertea.eu\\\/de\\\/\"},{\"@type\":\"ListItem\",\"position\":2,\"name\":\"Caf\u00e9s\"}]},{\"@type\":\"WebSite\",\"@id\":\"https:\\\/\\\/www.sempertea.eu\\\/#website\",\"url\":\"https:\\\/\\\/www.sempertea.eu\\\/\",\"name\":\"Semper Tea | Mayorista y fabricante de T\u00e9s e Infusiones para hoteles, restaurantes y bares\",\"description\":\"T\u00e9s e infusiones para hosteler\u00eda, hoteler\u00eda y comercio\",\"potentialAction\":[{\"@type\":\"SearchAction\",\"target\":{\"@type\":\"EntryPoint\",\"urlTemplate\":\"https:\\\/\\\/www.sempertea.eu\\\/?s={search_term_string}\"},\"query-input\":{\"@type\":\"PropertyValueSpecification\",\"valueRequired\":true,\"valueName\":\"search_term_string\"}}],\"inLanguage\":\"de\"}]}<\/script>\n<!-- \/ Yoast SEO Premium plugin. -->","yoast_head_json":{"title":"Teelieferant f\u00fcr Caf\u00e9s und Bars | Bio-Tee | Semper Tea","description":"Machen Sie mit Semper Tea die Teeauswahl f\u00fcr Ihren Gast zum Erlebnis. Bio-Tees f\u00fcr Bars und Caf\u00e9s | \u00dcberraschen Sie mit Qualit\u00e4t.","robots":{"index":"index","follow":"follow","max-snippet":"max-snippet:-1","max-image-preview":"max-image-preview:large","max-video-preview":"max-video-preview:-1"},"canonical":"https:\/\/www.sempertea.eu\/proveedor-distribuidor-te-infusiones-cafeteria-bar\/","og_locale":"de_DE","og_type":"article","og_title":"Caf\u00e9s","og_description":"Machen Sie mit Semper Tea die Teeauswahl f\u00fcr Ihren Gast zum Erlebnis. Bio-Tees f\u00fcr Bars und Caf\u00e9s | \u00dcberraschen Sie mit Qualit\u00e4t.","og_url":"https:\/\/www.sempertea.eu\/proveedor-distribuidor-te-infusiones-cafeteria-bar\/","og_site_name":"Semper Tea | Mayorista y fabricante de T\u00e9s e Infusiones para hoteles, restaurantes y bares","article_modified_time":"2024-07-14T18:50:34+00:00","twitter_card":"summary_large_image","twitter_misc":{"Gesch\u00e4tzte Lesezeit":"3\u00a0Minuten"},"schema":{"@context":"https:\/\/schema.org","@graph":[{"@type":"WebPage","@id":"https:\/\/www.sempertea.eu\/proveedor-distribuidor-te-infusiones-cafeteria-bar\/","url":"https:\/\/www.sempertea.eu\/proveedor-distribuidor-te-infusiones-cafeteria-bar\/","name":"Teelieferant f\u00fcr Caf\u00e9s und Bars | Bio-Tee | Semper Tea","isPartOf":{"@id":"https:\/\/www.sempertea.eu\/#website"},"datePublished":"2022-07-16T14:33:28+00:00","dateModified":"2024-07-14T18:50:34+00:00","description":"Machen Sie mit Semper Tea die Teeauswahl f\u00fcr Ihren Gast zum Erlebnis. Bio-Tees f\u00fcr Bars und Caf\u00e9s | \u00dcberraschen Sie mit Qualit\u00e4t.","breadcrumb":{"@id":"https:\/\/www.sempertea.eu\/proveedor-distribuidor-te-infusiones-cafeteria-bar\/#breadcrumb"},"inLanguage":"de","potentialAction":[{"@type":"ReadAction","target":["https:\/\/www.sempertea.eu\/proveedor-distribuidor-te-infusiones-cafeteria-bar\/"]}]},{"@type":"BreadcrumbList","@id":"https:\/\/www.sempertea.eu\/proveedor-distribuidor-te-infusiones-cafeteria-bar\/#breadcrumb","itemListElement":[{"@type":"ListItem","position":1,"name":"Portada","item":"https:\/\/www.sempertea.eu\/de\/"},{"@type":"ListItem","position":2,"name":"Caf\u00e9s"}]},{"@type":"WebSite","@id":"https:\/\/www.sempertea.eu\/#website","url":"https:\/\/www.sempertea.eu\/","name":"Semper Tea | Mayorista y fabricante de T\u00e9s e Infusiones para hoteles, restaurantes y bares","description":"T\u00e9s e infusiones para hosteler\u00eda, hoteler\u00eda y comercio","potentialAction":[{"@type":"SearchAction","target":{"@type":"EntryPoint","urlTemplate":"https:\/\/www.sempertea.eu\/?s={search_term_string}"},"query-input":{"@type":"PropertyValueSpecification","valueRequired":true,"valueName":"search_term_string"}}],"inLanguage":"de"}]}},"_links":{"self":[{"href":"https:\/\/www.sempertea.eu\/de\/wp-json\/wp\/v2\/pages\/4990","targetHints":{"allow":["GET"]}}],"collection":[{"href":"https:\/\/www.sempertea.eu\/de\/wp-json\/wp\/v2\/pages"}],"about":[{"href":"https:\/\/www.sempertea.eu\/de\/wp-json\/wp\/v2\/types\/page"}],"author":[{"embeddable":true,"href":"https:\/\/www.sempertea.eu\/de\/wp-json\/wp\/v2\/users\/1"}],"replies":[{"embeddable":true,"href":"https:\/\/www.sempertea.eu\/de\/wp-json\/wp\/v2\/comments?post=4990"}],"version-history":[{"count":0,"href":"https:\/\/www.sempertea.eu\/de\/wp-json\/wp\/v2\/pages\/4990\/revisions"}],"wp:attachment":[{"href":"https:\/\/www.sempertea.eu\/de\/wp-json\/wp\/v2\/media?parent=4990"}],"curies":[{"name":"wp","href":"https:\/\/api.w.org\/{rel}","templated":true}]}}